{"id":1746,"date":"2025-03-03T02:08:58","date_gmt":"2025-03-03T02:08:58","guid":{"rendered":"https:\/\/rifengcable.com\/?post_type=product&#038;p=1746"},"modified":"2025-06-05T07:11:21","modified_gmt":"2025-06-05T07:11:21","slug":"6-wire-electrical-cable-318trs","status":"publish","type":"product","link":"https:\/\/rifengcable.com\/fr\/manufacturer\/6-wire-electrical-cable-318trs\/","title":{"rendered":"C\u00e2ble \u00e9lectrique \u00e0 3 fils 318TRS"},"content":{"rendered":"<h1 id=\"-6-wire-electrical-cable-318trs-tough-flexible-power-cable-\"><strong>C\u00e2ble \u00e9lectrique \u00e0 3 fils 318TRS - C\u00e2ble d'alimentation r\u00e9sistant et flexible<\/strong><\/h1>\n<hr \/>\n<h2 id=\"-why-choose-this-cable-\"><strong>Pourquoi choisir ce c\u00e2ble ?<\/strong><\/h2>\n<p>\u2705\u00a0<strong>Rev\u00eatement en caoutchouc r\u00e9sistant<\/strong>\u00a0- R\u00e9siste longtemps dans les endroits difficiles. \u2705\u00a0<strong>Fonctionne dans le chaud et le froid<\/strong>\u00a0(-25\u00b0C \u00e0 +60\u00b0C). \u2705\u00a0<strong>Sans danger pour les machines, les outils et les cuisines<\/strong>. \u2705\u00a0<strong>Conforme aux r\u00e8gles britanniques et europ\u00e9ennes (BS 6500, H05RR-F)<\/strong>. \u2705\u00a0<strong>Facile \u00e0 plier, ne se casse pas<\/strong>.<\/p>\n<hr \/>\n<h2 id=\"-what-is-this-cable-used-for-\"><strong>\u00c0 quoi sert ce c\u00e2ble ?<\/strong><\/h2>\n<p>Le pr\u00e9sent\u00a0<strong>C\u00e2ble \u00e9lectrique \u00e0 3 fils 318TRS<\/strong>\u00a0est parfait pour :<\/p>\n<p>\ud83d\udd0c\u00a0<strong>Petites machines<\/strong>\u00a0- Perceuses, fers \u00e0 repasser et outils de soudure. \ud83c\udf73\u00a0<strong>Outils de cuisine<\/strong>\u00a0- Grille-pain, cuisini\u00e8res, mixeurs. \ud83c\udfe2\u00a0<strong>Mat\u00e9riel de bureau<\/strong>\u00a0- Imprimantes, appareils de chauffage. \ud83d\udecb\ufe0f\u00a0<strong>Fils cach\u00e9s<\/strong>\u00a0- A l'int\u00e9rieur des meubles ou des murs.<\/p>\n<hr \/>\n<h2 id=\"-key-features-\"><strong>Caract\u00e9ristiques principales<\/strong><\/h2>\n<h3 id=\"-1-high-safety-standards-\"><strong>1. Des normes de s\u00e9curit\u00e9 \u00e9lev\u00e9es<\/strong><\/h3>\n<p>\u2705\u00a0<strong>BS 6500 &amp; BS EN 50525-2-21<\/strong>\u00a0- Suit des r\u00e8gles strictes. \u2705\u00a0<strong>H05RR-F<\/strong>\u00a0- Fonctionne comme les c\u00e2bles d'alimentation de l'UE. \u2705\u00a0<strong>Reste en s\u00e9curit\u00e9 dans les endroits humides ou secs<\/strong>.<\/p>\n<h3 id=\"-2-tough-rubber-cover-trs-\"><strong>2. Couvercle en caoutchouc r\u00e9sistant (TRS)<\/strong><\/h3>\n<p>\u2714\u00a0<strong>Pas de larmes<\/strong>\u00a0- Bon pour un usage intensif. \u2714\u00a0<strong>Sans danger \u00e0 proximit\u00e9 de l'eau<\/strong>\u00a0- Fonctionne dans les endroits humides. \u2714\u00a0<strong>Facile \u00e0 d\u00e9placer<\/strong>\u00a0- Se plie sans se casser.<\/p>\n<h3 id=\"-3-strong-copper-wires-\"><strong>3. Fils de cuivre solides<\/strong><\/h3>\n<p>\ud83d\udd17\u00a0<strong>6 fils \u00e0 l'int\u00e9rieur<\/strong>\u00a0- Bon pour les grosses machines. \u26a1\u00a0<strong>Puissance 300\/500V<\/strong>\u00a0- Manipule les outils et les appareils de chauffage. \ud83d\udd04\u00a0<strong>24 minuscules brins (0,20 mm chacun)<\/strong>\u00a0- Reste flexible.<\/p>\n<hr \/>\n<h2 id=\"-full-product-details-\"><strong>D\u00e9tails complets du produit<\/strong><\/h2>\n<table style=\"height: 228px;\" width=\"459\">\n<thead>\n<tr>\n<th><strong>Fonctionnalit\u00e9<\/strong><\/th>\n<th><strong>D\u00e9tails<\/strong><\/th>\n<\/tr>\n<\/thead>\n<tbody>\n<tr>\n<td><strong>Nom<\/strong><\/td>\n<td>C\u00e2ble 318TRS \u00e0 3 fils<\/td>\n<\/tr>\n<tr>\n<td><strong>Mat\u00e9riau<\/strong><\/td>\n<td>Caoutchouc + cuivre<\/td>\n<\/tr>\n<tr>\n<td><strong>Puissance (tension)<\/strong><\/td>\n<td>300\/500V<\/td>\n<\/tr>\n<tr>\n<td><strong>Taille<\/strong><\/td>\n<td>G\u00e9n\u00e9ralement 0,75 mm\u00b2 (6 fils)<\/td>\n<\/tr>\n<tr>\n<td><strong>Travaux en<\/strong><\/td>\n<td>De -25\u00b0C \u00e0 +60\u00b0C<\/td>\n<\/tr>\n<tr>\n<td><strong>Utilisation pour<\/strong><\/td>\n<td>Outils, cuisines, bureaux<\/td>\n<\/tr>\n<tr>\n<td><strong>\u00c9tiquettes de s\u00e9curit\u00e9<\/strong><\/td>\n<td>BS 6500, H05RR-F<\/td>\n<\/tr>\n<\/tbody>\n<\/table>\n<p>&nbsp;<\/p>\n<hr \/>\n<h2 id=\"-where-to-use-this-cable-\"><strong>O\u00f9 utiliser ce c\u00e2ble ?<\/strong><\/h2>\n<h3 id=\"-1-at-home-\"><strong>1. A la maison<\/strong><\/h3>\n<ul>\n<li>\ud83d\udd25\u00a0<strong>Grille-pain, fours, fers \u00e0 repasser<\/strong><\/li>\n<li>\ud83d\udee0\ufe0f\u00a0<strong>Outils de bricolage<\/strong><\/li>\n<\/ul>\n<h3 id=\"-2-in-workshops-\"><strong>2. Dans les ateliers<\/strong><\/h3>\n<ul>\n<li>\u26a1\u00a0<strong>Pistolets \u00e0 souder, perceuses<\/strong><\/li>\n<li>\ud83d\udca1\u00a0<strong>Lumi\u00e8res, machines<\/strong><\/li>\n<\/ul>\n<h3 id=\"-3-offices-stores-\"><strong>3. Bureaux et magasins<\/strong><\/h3>\n<ul>\n<li>\ud83d\udda8\ufe0f\u00a0<strong>Imprimantes, ordinateurs<\/strong><\/li>\n<li>\u2744\ufe0f\u00a0<strong>Petits r\u00e9frig\u00e9rateurs<\/strong><\/li>\n<\/ul>\n<hr \/>\n<h2 id=\"-why-trust-this-cable-\"><strong>Pourquoi faire confiance \u00e0 ce c\u00e2ble ?<\/strong><\/h2>\n<ul>\n<li>\u2714\u00a0<strong>Test\u00e9 pour la s\u00e9curit\u00e9<\/strong>\u00a0(pas d'incendie ni de choc).<\/li>\n<li>\u2714\u00a0<strong>Dur\u00e9e de vie<\/strong>\u00a0- Le caoutchouc ne se fissure pas.<\/li>\n<li>\u2714\u00a0<strong>Pas de perte de puissance<\/strong>\u00a0- Les fils de cuivre fonctionnent tr\u00e8s bien.<\/li>\n<\/ul>\n<hr \/>\n<h2 id=\"-order-now-\"><strong>Commandez maintenant !<\/strong><\/h2>\n<p>Obtenez votre\u00a0<strong>318TRS C\u00e2ble \u00e0 3 fils<\/strong>\u00a0aujourd'hui pour : \ud83d\udd27\u00a0<strong>Forte puissance de l'outil<\/strong>\u00a0\ud83c\udfe0\u00a0<strong>C\u00e2blage domestique s\u00fbr<\/strong>\u00a0\ud83d\uded2\u00a0<em>Exp\u00e9dition rapide !<\/em><\/p>","protected":false},"excerpt":{"rendered":"<p>Item\uff1a318TRS<\/p>\n<div>\n<p class=\"lableName\">Certification du produit : BS<\/p>\n<\/div>\n<div>\n<p class=\"lableName\"><strong>Param\u00e8tres de base\uff1a<\/strong><\/p>\n<\/div>\n<div>\n<ul>\n<li class=\"lableName\">Tension nominale 300\/500V<\/li>\n<\/ul>\n<\/div>\n<div>\n<ul>\n<li class=\"lableName\">Temp\u00e9rature de fonctionnement nominale : 90\u2103<\/li>\n<\/ul>\n<\/div>\n<div>\n<ul>\n<li class=\"lableName\">Norme ex\u00e9cutive : VDE 0282<\/li>\n<\/ul>\n<\/div>\n<div>\n<p class=\"lableName\"><strong>Structure du conducteur\uff1a<\/strong><\/p>\n<\/div>\n<div>\n<ul>\n<li class=\"lableName\"><span class=\"lableName\">Mat\u00e9riau du conducteur\uff1a<\/span>\u00a0Cuivre toronn\u00e9 nu<\/li>\n<\/ul>\n<\/div>\n<div>\n<ul>\n<li class=\"lableName\">Mat\u00e9riau d'isolation : EPDM<\/li>\n<\/ul>\n<\/div>\n<div>\n<ul>\n<li class=\"lableName\">Mat\u00e9riau de la gaine\uff1a CPE<\/li>\n<\/ul>\n<p><strong>Applications du c\u00e2ble \u00e9lectrique \u00e0 6 fils 318TRS :<\/strong><\/p>\n<p>Ce c\u00e2ble est con\u00e7u pour une utilisation polyvalente dans une vari\u00e9t\u00e9 d'environnements, y compris les conditions s\u00e8ches, humides ou mouill\u00e9es, ainsi que les zones expos\u00e9es \u00e0 l'huile ou \u00e0 la graisse. Il fonctionne de mani\u00e8re fiable dans diverses conditions m\u00e9t\u00e9orologiques et sous de l\u00e9g\u00e8res contraintes m\u00e9caniques. Les applications courantes sont les suivantes<\/p>\n<ul>\n<li>Alimentation \u00e9lectrique des petits appareils dans les installations industrielles et les ateliers de m\u00e9canique.<\/li>\n<li>Plaques chauffantes et syst\u00e8mes d'\u00e9clairage portables.<\/li>\n<li>Mat\u00e9riel agricole.<\/li>\n<li>Caravanes et mat\u00e9riel de camping.<\/li>\n<\/ul>\n<p>Sa construction durable lui permet d'\u00eatre utilis\u00e9 aussi bien \u00e0 l'int\u00e9rieur qu'\u00e0 l'ext\u00e9rieur, garantissant des performances constantes dans des conditions difficiles.<\/p>\n<\/div>","protected":false},"featured_media":2360,"template":"","meta":[],"product_brand":[],"product_cat":[38],"product_tag":[],"class_list":{"0":"post-1746","1":"product","2":"type-product","3":"status-publish","4":"has-post-thumbnail","6":"product_cat-rubber-cable","8":"first","9":"instock","10":"shipping-taxable","11":"product-type-simple"},"_links":{"self":[{"href":"https:\/\/rifengcable.com\/fr\/wp-json\/wp\/v2\/product\/1746","targetHints":{"allow":["GET"]}}],"collection":[{"href":"https:\/\/rifengcable.com\/fr\/wp-json\/wp\/v2\/product"}],"about":[{"href":"https:\/\/rifengcable.com\/fr\/wp-json\/wp\/v2\/types\/product"}],"wp:featuredmedia":[{"embeddable":true,"href":"https:\/\/rifengcable.com\/fr\/wp-json\/wp\/v2\/media\/2360"}],"wp:attachment":[{"href":"https:\/\/rifengcable.com\/fr\/wp-json\/wp\/v2\/media?parent=1746"}],"wp:term":[{"taxonomy":"product_brand","embeddable":true,"href":"https:\/\/rifengcable.com\/fr\/wp-json\/wp\/v2\/product_brand?post=1746"},{"taxonomy":"product_cat","embeddable":true,"href":"https:\/\/rifengcable.com\/fr\/wp-json\/wp\/v2\/product_cat?post=1746"},{"taxonomy":"product_tag","embeddable":true,"href":"https:\/\/rifengcable.com\/fr\/wp-json\/wp\/v2\/product_tag?post=1746"}],"curies":[{"name":"wp","href":"https:\/\/api.w.org\/{rel}","templated":true}]}}