{"id":1706,"date":"2025-02-28T08:24:43","date_gmt":"2025-02-28T08:24:43","guid":{"rendered":"https:\/\/rifengcable.com\/?post_type=product&#038;p=1706"},"modified":"2025-04-24T07:37:16","modified_gmt":"2025-04-24T07:37:16","slug":"electrical-heating-cable","status":"publish","type":"product","link":"https:\/\/rifengcable.com\/fr\/manufacturer\/electrical-heating-cable\/","title":{"rendered":"C\u00e2ble de chauffage \u00e9lectrique RHH\/RHW-2"},"content":{"rendered":"<h1 id=\"-electrical-heating-cable-rhh-rhw-2-\"><strong>C\u00e2ble de chauffage \u00e9lectrique RHH\/RHW-2<\/strong><\/h1>\n<p><strong>Fils solides et s\u00fbrs pour les endroits chauds, humides ou souterrains<\/strong><\/p>\n<hr \/>\n<h2 id=\"-why-pick-this-cable-\"><strong>Pourquoi choisir ce c\u00e2ble ?<\/strong><\/h2>\n<p>\u2705\u00a0<strong>Fonctionne \u00e0 l'\u00e9tat sec ou humide<\/strong> Les lieux - pas d'inqui\u00e9tude pour la pluie ou les \u00e9claboussures !<\/p>\n<p>\u2705 <strong>G\u00e8re les temp\u00e9ratures tr\u00e8s \u00e9lev\u00e9es<\/strong>\u00a0(jusqu'\u00e0\u00a0<strong>90\u00b0C\/194\u00b0F<\/strong>) sans fondre<\/p>\n<p>\u2705 <strong>M\u00e9tro de Bury<\/strong>Les produits de l'agriculture peuvent \u00eatre plac\u00e9s dans des tuyaux ou suspendus en hauteur.<\/p>\n<p>\u2705 <strong>Pas de fuites !<\/strong>\u00a0Emp\u00eache l'eau de p\u00e9n\u00e9trer (id\u00e9al pour les sous-sols et les bateaux) [1][2]\n<hr \/>\n<h2 id=\"-what-s-inside-technical-stuff-made-simple-\"><strong>Qu'y a-t-il \u00e0 l'int\u00e9rieur ? (La technique en toute simplicit\u00e9)<\/strong><\/h2>\n<table style=\"height: 115px;\" width=\"484\">\n<thead>\n<tr>\n<th><strong>Partie<\/strong><\/th>\n<th><strong>Ce qu'il fait<\/strong><\/th>\n<\/tr>\n<\/thead>\n<tbody>\n<tr>\n<td><strong>Centre du cuivre<\/strong><\/td>\n<td>Transporte l'\u00e9lectricit\u00e9 rapidement (comme une grande rivi\u00e8re en m\u00e9tal !)<\/td>\n<\/tr>\n<tr>\n<td><strong>Couverture XLPE<\/strong><\/td>\n<td>Armure en plastique r\u00e9sistant - arr\u00eate la chaleur, l'eau et les rayures<\/td>\n<\/tr>\n<tr>\n<td><strong>\u00c9tiquettes sp\u00e9ciales<\/strong><\/td>\n<td><strong>Approuv\u00e9 par UL et NEC<\/strong> (signifie super-s\u00fbr)<\/td>\n<\/tr>\n<\/tbody>\n<\/table>\n<p><strong>Niveaux de puissance :<\/strong><\/p>\n<ul>\n<li><strong>600V<\/strong> (bon pour les maisons)<\/li>\n<li><strong>1000V<\/strong> (plus forte pour les grands b\u00e2timents)<\/li>\n<li><strong>2000V<\/strong> (extra fort pour les usines)<\/li>\n<\/ul>\n<hr \/>\n<h2 id=\"-where-to-use-it-\"><strong>O\u00f9 l'utiliser<\/strong><\/h2>\n<h3 id=\"-5-best-jobs-for-this-cable-\"><strong>\ud83d\udee0\ufe0f Les 5 meilleurs emplois pour ce c\u00e2ble :<\/strong><\/h3>\n<ol>\n<li><strong>Sous votre maison<\/strong>\u00a0- Reste en s\u00e9curit\u00e9 enfoui dans la terre (<strong>Cote USE-2<\/strong>)<\/li>\n<li><strong>Usines chaudes<\/strong>\u00a0- Ne fond pas pr\u00e8s des fours (<strong>Classement RHH pour la chaleur s\u00e8che<\/strong>)<\/li>\n<li><strong>Garages humides<\/strong>\u00a0- Pas de chocs dans les flaques d'eau (<strong>RHW-2 adore l'eau !<\/strong>)<\/li>\n<li><strong>Les grandes machines<\/strong>\u00a0- Alimente les outils lourds (<strong>2000V pour les travaux difficiles<\/strong>)<\/li>\n<li><strong>Lumi\u00e8res ext\u00e9rieures<\/strong> - R\u00e9siste au soleil, \u00e0 la neige et aux temp\u00eates<\/li>\n<\/ol>\n<hr \/>\n<h2 id=\"-different-types-\"><strong>Diff\u00e9rents types<\/strong><\/h2>\n<p><strong>Choisissez votre puissance :<\/strong><\/p>\n<ul>\n<li><strong>Fil de 600V<\/strong>\u00a0\u2192 Pour les maisons et les petits magasins (voir le guide de c\u00e2blage domestique)<\/li>\n<li><strong>Fil de 1000V<\/strong>\u00a0\u2192 Grands garages et \u00e9coles (comparer les c\u00e2bles \u00e9lectriques)<\/li>\n<li><strong>Fil de 2000V<\/strong>\u00a0\u2192 Usines et grands b\u00e2timents (utilisations industrielles)<\/li>\n<\/ul>\n<hr \/>\n<h2 id=\"-questions-people-ask-\"><strong>Questions pos\u00e9es par les gens<\/strong><\/h2>\n<p><strong>\u2753 Peut-il devenir souterrain ?<\/strong>\u00a0\u2192\u00a0<strong>OUI !<\/strong> Le fil noir USE-2 aime la salet\u00e9.<\/p>\n<p><strong>\u2753 Est-il s\u00fbr sous la pluie ?<\/strong>\u00a0\u2192\u00a0<strong>OUI !<\/strong> RHW-2 se moque de l'eau.<\/p>\n<p><strong>\u2753 Quelle est la temp\u00e9rature maximale ?<\/strong>\u00a0\u2192\u00a0<strong>90\u00b0C \u00e0 chaud<\/strong> - comme une voiture tr\u00e8s chaude en \u00e9t\u00e9 !<\/p>\n<hr \/>\n<h2 id=\"-order-now-get-bonus-help-\"><strong>Commandez maintenant et b\u00e9n\u00e9ficiez d'une aide suppl\u00e9mentaire !<\/strong><\/h2>\n<p><strong>\ud83d\udcde Appelez d\u00e8s aujourd'hui :<\/strong>\u00a01-800-WIRE-NOW\u00a0<strong>\ud83d\udce7 Courriel :<\/strong>\u00a0help@wireexperts.com<\/p>\n<p><strong>Suppl\u00e9ments gratuits avec chaque commande :<\/strong><\/p>\n<ul>\n<li><strong>Fil suppl\u00e9mentaire de 10 pieds<\/strong><\/li>\n<li><strong>Guide des couleurs<\/strong><\/li>\n<li><strong>Autocollants de s\u00e9curit\u00e9<\/strong><\/li>\n<\/ul>","protected":false},"excerpt":{"rendered":"<p>Item\uff1aRHH\/RHW-2<\/p>\n<p><strong>Param\u00e8tres de base :<\/strong><\/p>\n<ul>\n<li>Ratred Voltage\uff1a600V\u30011000V\u30011500V<\/li>\n<li>Rated Temperature\uff1a-50~175\u2103\/200\u2103<\/li>\n<li>Norme de mise en \u0153uvre\uff1aISO 6722-2011\u3001ISO 14572-2011\u3001GB\/T 25085\u3001GB\/T 12528\u3001DEKRA K179&amp;CQC 1122<\/li>\n<\/ul>\n<p><strong>Structure du conducteur :<\/strong><\/p>\n<ul>\n<li>Mat\u00e9riau du conducteur\uff1a2.5m\u33a1~120m\u33a1Fil de cuivre nu<\/li>\n<li>Mat\u00e9riau d'isolation\uff1a EPDM et caoutchouc \u00e9quivalent<\/li>\n<li>Mat\u00e9riau de la gaine : Poly\u00e9thyl\u00e8ne chlor\u00e9<\/li>\n<li>Mat\u00e9riau blind\u00e9\uff1aAL-mylar tape<\/li>\n<\/ul>","protected":false},"featured_media":1708,"template":"","meta":[],"product_brand":[],"product_cat":[38],"product_tag":[],"class_list":{"0":"post-1706","1":"product","2":"type-product","3":"status-publish","4":"has-post-thumbnail","6":"product_cat-rubber-cable","8":"first","9":"instock","10":"shipping-taxable","11":"product-type-simple"},"_links":{"self":[{"href":"https:\/\/rifengcable.com\/fr\/wp-json\/wp\/v2\/product\/1706","targetHints":{"allow":["GET"]}}],"collection":[{"href":"https:\/\/rifengcable.com\/fr\/wp-json\/wp\/v2\/product"}],"about":[{"href":"https:\/\/rifengcable.com\/fr\/wp-json\/wp\/v2\/types\/product"}],"wp:featuredmedia":[{"embeddable":true,"href":"https:\/\/rifengcable.com\/fr\/wp-json\/wp\/v2\/media\/1708"}],"wp:attachment":[{"href":"https:\/\/rifengcable.com\/fr\/wp-json\/wp\/v2\/media?parent=1706"}],"wp:term":[{"taxonomy":"product_brand","embeddable":true,"href":"https:\/\/rifengcable.com\/fr\/wp-json\/wp\/v2\/product_brand?post=1706"},{"taxonomy":"product_cat","embeddable":true,"href":"https:\/\/rifengcable.com\/fr\/wp-json\/wp\/v2\/product_cat?post=1706"},{"taxonomy":"product_tag","embeddable":true,"href":"https:\/\/rifengcable.com\/fr\/wp-json\/wp\/v2\/product_tag?post=1706"}],"curies":[{"name":"wp","href":"https:\/\/api.w.org\/{rel}","templated":true}]}}