{"id":1665,"date":"2025-02-28T03:37:15","date_gmt":"2025-02-28T03:37:15","guid":{"rendered":"https:\/\/rifengcable.com\/?post_type=product&#038;p=1665"},"modified":"2025-05-09T02:03:47","modified_gmt":"2025-05-09T02:03:47","slug":"rubber-sheathed-cable","status":"publish","type":"product","link":"https:\/\/rifengcable.com\/fr\/manufacturer\/rubber-sheathed-cable\/","title":{"rendered":"C\u00e2ble sous gaine en caoutchouc HO7RN8-F"},"content":{"rendered":"<h1 id=\"-h07rn8-f-rubber-cable-strong-safe-waterproof-\"><strong>HO7RN8-F C\u00e2ble en caoutchouc - solide, s\u00fbr et \u00e9tanche<\/strong><\/h1>\n<p>Le c\u00e2ble HO7RN8-F est un c\u00e2ble en caoutchouc tr\u00e8s r\u00e9sistant pour l'eau, les machines et les travaux difficiles. Il fonctionne sous l'eau, dans des endroits froids et avec de l'huile.<\/p>\n<p>\u2705\u00a0<strong>Meilleur pour<\/strong>:<\/p>\n<ul>\n<li><strong>Pompes \u00e0 eau<\/strong>\u00a0(travaux\u00a0<strong>10 m\u00e8tres sous l'eau<\/strong>)<\/li>\n<li><strong>La construction<\/strong>\u00a0(poign\u00e9es\u00a0<strong>tirant<\/strong>,\u00a0<strong>flexion<\/strong>)<\/li>\n<li><strong>Fermes et usines<\/strong>\u00a0(r\u00e9siste\u00a0<strong>huile<\/strong>,\u00a0<strong>poussi\u00e8re<\/strong>,\u00a0<strong>chaleur<\/strong>)<\/li>\n<li><strong>Sc\u00e8nes et lumi\u00e8res<\/strong>\u00a0(sans danger pour les\u00a0<strong>spectacles<\/strong>,\u00a0<strong>\u00e9v\u00e9nements<\/strong>)<\/li>\n<\/ul>\n<hr \/>\n<h2 id=\"-why-pick-h07rn8-f-cable-\"><strong>Pourquoi choisir le c\u00e2ble H01N2-D ?<\/strong><\/h2>\n<ol>\n<li><strong>S\u00e9curit\u00e9 dans l'eau<\/strong>\n<ul>\n<li>Travaux\u00a0<strong>10 m\u00e8tres de profondeur<\/strong>.<\/li>\n<li>Pas de fissures dans\u00a0<strong>humide<\/strong>,\u00a0<strong>froid<\/strong>ou\u00a0<strong>chaud<\/strong>\u00a0des lieux.<\/li>\n<\/ul>\n<\/li>\n<li><strong>Solide et souple<\/strong>\n<ul>\n<li><strong>Fils de cuivre<\/strong> courbure facile (classe 5).<\/li>\n<li><strong>Gaine en caoutchouc<\/strong> arr\u00eate les coupures, l'huile et les dommages caus\u00e9s par le soleil.<\/li>\n<\/ul>\n<\/li>\n<li><strong>Pas de risque d'incendie<\/strong>\n<ul>\n<li>Arr\u00eater les incendies (<strong>IEC 60332-1-2<\/strong> test\u00e9).<\/li>\n<\/ul>\n<\/li>\n<li><strong>Fonctionne partout<\/strong>\n<ul>\n<li><strong>De -35\u00b0C \u00e0 +60\u00b0C<\/strong>\u00a0(m\u00eame\u00a0<strong>cong\u00e9lateurs<\/strong>\u00a0ou\u00a0<strong>d\u00e9serts<\/strong>).<\/li>\n<\/ul>\n<\/li>\n<\/ol>\n<hr \/>\n<h3 id=\"-cable-facts-easy-table-\"><strong>Faits concernant le c\u00e2ble (tableau facile)<\/strong><\/h3>\n<table>\n<thead>\n<tr>\n<th><strong>Partie<\/strong><\/th>\n<th><strong>D\u00e9tails<\/strong><\/th>\n<\/tr>\n<\/thead>\n<tbody>\n<tr>\n<td><strong>Puissance<\/strong><\/td>\n<td>450\/750V<\/td>\n<\/tr>\n<tr>\n<td><strong>Fils<\/strong><\/td>\n<td><strong>Cuivre<\/strong> (mince, souple)<\/td>\n<\/tr>\n<tr>\n<td><strong>Couverture<\/strong><\/td>\n<td><strong>Caoutchouc n\u00e9opr\u00e8ne<\/strong> (pas de d\u00e9g\u00e2ts d'huile)<\/td>\n<\/tr>\n<tr>\n<td><strong>Options de taille<\/strong><\/td>\n<td>1mm\u00b2, 1.5mm\u00b2, 2.5mm\u00b2<\/td>\n<\/tr>\n<tr>\n<td><strong>Tests r\u00e9ussis<\/strong><\/td>\n<td>HAR, VDE, EN 50525<\/td>\n<\/tr>\n<\/tbody>\n<\/table>\n<hr \/>\n<h2 id=\"-where-to-use-it-\"><strong>O\u00f9 l'utiliser ?<\/strong><\/h2>\n<p>Utilisez ce c\u00e2ble pour :<\/p>\n<ol>\n<li><strong>Pompes sous-marines<\/strong>\n<ul>\n<li>Dur\u00e9e de vie de plusieurs ann\u00e9es en\u00a0<strong>\u00e9tangs<\/strong>,\u00a0<strong>puits<\/strong>,\u00a0<strong>fontaines<\/strong>.<\/li>\n<li><em>Besoin d'aide pour choisir ?<\/em>\u00a0Voir notre\u00a0<strong>c\u00e2bles pour pompes submersibles<\/strong>\u00a0guide.<\/li>\n<\/ul>\n<\/li>\n<li><strong>Chantiers de construction<\/strong>\n<ul>\n<li>Sans danger pour\u00a0<strong>grues<\/strong>,\u00a0<strong>exercices<\/strong>,\u00a0<strong>puissance temporelle<\/strong>.<\/li>\n<li><em>Essayez aussi<\/em>:\u00a0<strong>c\u00e2bles \u00e0 haute r\u00e9sistance<\/strong>\u00a0pour les travaux difficiles.<\/li>\n<\/ul>\n<\/li>\n<li><strong>Chambres froides et cong\u00e9lateurs<\/strong>\n<ul>\n<li>Reste souple en\u00a0<strong>-35\u00b0C<\/strong> (pas de fissures).<\/li>\n<\/ul>\n<\/li>\n<li><strong>Concerts et \u00e9v\u00e9nements<\/strong>\n<ul>\n<li><strong>Antid\u00e9flagrant<\/strong>\u00a0pour\u00a0<strong>lumi\u00e8res<\/strong>,\u00a0<strong>intervenants<\/strong>.<\/li>\n<\/ul>\n<\/li>\n<\/ol>\n<hr \/>\n<h2 id=\"-danger-do-not-use-for-\"><strong>Danger ! Ne pas utiliser pour :<\/strong><\/h2>\n<p>\u274c\u00a0<strong>Rivi\u00e8res avec bateaux<\/strong> (peut s'accrocher).<\/p>\n<p>\u274c\u00a0<strong>Eau en mouvement<\/strong> (les vagues brisent les c\u00e2bles).<\/p>\n<h2 id=\"-get-yours-today-\"><strong>Obtenez le v\u00f4tre d\u00e8s aujourd'hui !<\/strong><\/h2>\n<p><strong>Solide. S\u00fbr. Simple.<\/strong>\u00a0<a href=\"\/fr\/contact\/\">[<strong>Demander le prix<\/strong>] | [<strong>Voir les tailles<\/strong>]<\/a><\/p>","protected":false},"excerpt":{"rendered":"<p>Item\uff1aHO7RN8-F<\/p>\n<p><strong>Param\u00e8tres de base :<\/strong><\/p>\n<ul>\n<li>Ratred Voltage\uff1a600V\u30011000V\u30011500V<\/li>\n<li>Rated Temperature\uff1a-50~175\u2103\/200\u2103<\/li>\n<li>Norme de mise en \u0153uvre\uff1aISO 6722-2011\u3001ISO 14572-2011\u3001GB\/T 25085\u3001GB\/T 12528\u3001DEKRA K179&amp;CQC 1122<\/li>\n<\/ul>\n<p><strong>Structure du conducteur :<\/strong><\/p>\n<ul>\n<li>Mat\u00e9riau du conducteur\uff1a2.5m\u33a1~120m\u33a1Fil de cuivre nu<\/li>\n<li>Mat\u00e9riau d'isolation\uff1a EPDM et caoutchouc \u00e9quivalent<\/li>\n<li>Mat\u00e9riau de la gaine : Poly\u00e9thyl\u00e8ne chlor\u00e9<\/li>\n<li>Mat\u00e9riau blind\u00e9\uff1aAL-mylar tape<\/li>\n<\/ul>","protected":false},"featured_media":2293,"template":"","meta":[],"product_brand":[],"product_cat":[38],"product_tag":[],"class_list":{"0":"post-1665","1":"product","2":"type-product","3":"status-publish","4":"has-post-thumbnail","6":"product_cat-rubber-cable","8":"first","9":"instock","10":"shipping-taxable","11":"product-type-simple"},"_links":{"self":[{"href":"https:\/\/rifengcable.com\/fr\/wp-json\/wp\/v2\/product\/1665","targetHints":{"allow":["GET"]}}],"collection":[{"href":"https:\/\/rifengcable.com\/fr\/wp-json\/wp\/v2\/product"}],"about":[{"href":"https:\/\/rifengcable.com\/fr\/wp-json\/wp\/v2\/types\/product"}],"wp:featuredmedia":[{"embeddable":true,"href":"https:\/\/rifengcable.com\/fr\/wp-json\/wp\/v2\/media\/2293"}],"wp:attachment":[{"href":"https:\/\/rifengcable.com\/fr\/wp-json\/wp\/v2\/media?parent=1665"}],"wp:term":[{"taxonomy":"product_brand","embeddable":true,"href":"https:\/\/rifengcable.com\/fr\/wp-json\/wp\/v2\/product_brand?post=1665"},{"taxonomy":"product_cat","embeddable":true,"href":"https:\/\/rifengcable.com\/fr\/wp-json\/wp\/v2\/product_cat?post=1665"},{"taxonomy":"product_tag","embeddable":true,"href":"https:\/\/rifengcable.com\/fr\/wp-json\/wp\/v2\/product_tag?post=1665"}],"curies":[{"name":"wp","href":"https:\/\/api.w.org\/{rel}","templated":true}]}}