{"id":1617,"date":"2025-02-25T02:41:58","date_gmt":"2025-02-25T02:41:58","guid":{"rendered":"https:\/\/rifengcable.com\/?page_id=1617"},"modified":"2025-03-11T03:46:39","modified_gmt":"2025-03-11T03:46:39","slug":"cable-service","status":"publish","type":"page","link":"https:\/\/rifengcable.com\/fr\/cable-service\/","title":{"rendered":"Soutien aux services"},"content":{"rendered":"<div class=\"banner has-hover\" id=\"banner-29679331\">\n          <div class=\"banner-inner fill\">\n        <div class=\"banner-bg fill\" >\n            <div class=\"bg fill bg-fill\"><\/div>\n                                    \n                    <\/div>\n\t\t\n        <div class=\"banner-layers container\">\n            <div class=\"fill banner-link\"><\/div>            \n   <div id=\"text-box-216557777\" class=\"text-box banner-layer x50 md-x50 lg-x50 y50 md-y50 lg-y50 res-text\">\n                                <div class=\"text-box-content text dark\">\n              \n              <div class=\"text-inner text-center\">\n                  \n<h1 style=\"text-align: center;\">Soutien aux services<\/h1>\n              <\/div>\n           <\/div>\n                            \n<style>\n#text-box-216557777 {\n  width: 60%;\n}\n#text-box-216557777 .text-box-content {\n  font-size: 100%;\n}\n<\/style>\n    <\/div>\n \n        <\/div>\n      <\/div>\n\n            \n<style>\n#banner-29679331 {\n  padding-top: 165px;\n  background-color: rgba(0, 0, 0, 0.384);\n}\n<\/style>\n  <\/div>\n\n\n\t<section class=\"section\" id=\"section_569834537\">\n\t\t<div class=\"bg section-bg fill bg-fill  bg-loaded\" >\n\n\t\t\t\n\t\t\t\n\t\t\t\n\n\t\t<\/div>\n\n\t\t\n\n\t\t<div class=\"section-content relative\">\n\t\t\t\n<div class=\"row\"  id=\"row-412745893\">\n\n\t<div id=\"col-2099873325\" class=\"col small-12 large-12\"  >\n\t\t\t\t<div class=\"col-inner\"  >\n\t\t\t\n\t\t\t\n<h2><strong>I. Philosophie du service<\/strong><\/h2>\n<p>Nous visons \u00e0 gagner des clients en fournissant des produits et des solutions sur mesure, tout en cr\u00e9ant une valeur durable gr\u00e2ce \u00e0 nos services professionnels.<\/p>\n<h2><strong>II. Engagement en faveur des services par c\u00e2ble<\/strong><\/h2>\n<p><strong>1. Services avant la vente<\/strong><\/p>\n<p>1.1\u00a0<strong>\u00c9quipe d'experts<\/strong>: Forte de plus de 20 ans d'exp\u00e9rience dans l'industrie du c\u00e2ble, notre \u00e9quipe technique qualifi\u00e9e offre une assistance personnalis\u00e9e.<\/p>\n<p>1.2\u00a0<strong>Conception de produits sur mesure<\/strong>: Chaque produit est m\u00e9ticuleusement con\u00e7u pour r\u00e9pondre aux exigences uniques de nos clients.<\/p>\n<p>1.3\u00a0<strong>Solutions int\u00e9gr\u00e9es<\/strong>: Nous fournissons des solutions compl\u00e8tes adapt\u00e9es aux besoins actuels et \u00e0 la croissance future de nos clients.<\/p>\n<p><strong>2. Services \u00e0 l'achat<\/strong><\/p>\n<p>2.1\u00a0<strong>Suivi de l'avancement du projet<\/strong>: Suivi en temps r\u00e9el, 24 heures sur 24, de l'avancement du projet afin de garantir le respect des exigences du client dans les d\u00e9lais impartis.<\/p>\n<p>2.2\u00a0<strong>Une communication efficace<\/strong>Communication et coordination 24 heures sur 24 afin d'aligner les ressources et les demandes et d'assurer la satisfaction totale du client.<\/p>\n<p>2.3\u00a0<strong>Assurance qualit\u00e9<\/strong>: Contr\u00f4le rigoureux, 24 heures sur 24, des mati\u00e8res premi\u00e8res et de la qualit\u00e9 des produits, y compris des tests de stress dans des conditions difficiles simul\u00e9es, afin de garantir des r\u00e9sultats sup\u00e9rieurs.<\/p>\n<p><strong>3. Services post-march\u00e9<\/strong><\/p>\n<p>3.1\u00a0<strong>Communication rapide<\/strong>: Une assistance d\u00e9di\u00e9e 24 heures sur 24 pour une consultation et une aide professionnelles.<\/p>\n<p>3.2\u00a0<strong>R\u00e9ponse rapide<\/strong>: Un m\u00e9canisme de r\u00e9ponse 24 heures sur 24 garantit un service sur place en temps voulu pour r\u00e9pondre aux besoins des clients.<\/p>\n<p>3.3\u00a0<strong>Am\u00e9lioration continue<\/strong>: Fourniture d'un rapport 8D dans les 72 heures afin de r\u00e9soudre les probl\u00e8mes \u00e0 la racine et d'assurer une cr\u00e9ation de valeur continue pour les clients.<\/p>\n\t\t<\/div>\n\t\t\t\t\t<\/div>\n\n\t\n<\/div>\n\t\t<\/div>\n\n\t\t\n<style>\n#section_569834537 {\n  padding-top: 30px;\n  padding-bottom: 30px;\n}\n<\/style>\n\t<\/section>","protected":false},"excerpt":{"rendered":"","protected":false},"author":3,"featured_media":0,"parent":0,"menu_order":0,"comment_status":"closed","ping_status":"closed","template":"page-blank.php","meta":{"footnotes":""},"class_list":["post-1617","page","type-page","status-publish","hentry"],"_links":{"self":[{"href":"https:\/\/rifengcable.com\/fr\/wp-json\/wp\/v2\/pages\/1617","targetHints":{"allow":["GET"]}}],"collection":[{"href":"https:\/\/rifengcable.com\/fr\/wp-json\/wp\/v2\/pages"}],"about":[{"href":"https:\/\/rifengcable.com\/fr\/wp-json\/wp\/v2\/types\/page"}],"author":[{"embeddable":true,"href":"https:\/\/rifengcable.com\/fr\/wp-json\/wp\/v2\/users\/3"}],"replies":[{"embeddable":true,"href":"https:\/\/rifengcable.com\/fr\/wp-json\/wp\/v2\/comments?post=1617"}],"version-history":[{"count":6,"href":"https:\/\/rifengcable.com\/fr\/wp-json\/wp\/v2\/pages\/1617\/revisions"}],"predecessor-version":[{"id":2077,"href":"https:\/\/rifengcable.com\/fr\/wp-json\/wp\/v2\/pages\/1617\/revisions\/2077"}],"wp:attachment":[{"href":"https:\/\/rifengcable.com\/fr\/wp-json\/wp\/v2\/media?parent=1617"}],"curies":[{"name":"wp","href":"https:\/\/api.w.org\/{rel}","templated":true}]}}