{"id":1615,"date":"2025-02-25T02:41:24","date_gmt":"2025-02-25T02:41:24","guid":{"rendered":"https:\/\/rifengcable.com\/?page_id=1615"},"modified":"2025-03-11T03:21:52","modified_gmt":"2025-03-11T03:21:52","slug":"company-culture-of-cable-company","status":"publish","type":"page","link":"https:\/\/rifengcable.com\/fr\/company-culture-of-cable-company\/","title":{"rendered":"Culture d'entreprise"},"content":{"rendered":"<div class=\"banner has-hover\" id=\"banner-1972606487\">\n          <div class=\"banner-inner fill\">\n        <div class=\"banner-bg fill\" >\n            <div class=\"bg fill bg-fill\"><\/div>\n                                    \n                    <\/div>\n\t\t\n        <div class=\"banner-layers container\">\n            <div class=\"fill banner-link\"><\/div>            \n   <div id=\"text-box-28671942\" class=\"text-box banner-layer x50 md-x50 lg-x50 y50 md-y50 lg-y50 res-text\">\n                                <div class=\"text-box-content text dark\">\n              \n              <div class=\"text-inner text-center\">\n                  \n<h1>Culture d'entreprise de Rifeng Cable Company<\/h1>\n              <\/div>\n           <\/div>\n                            \n<style>\n#text-box-28671942 {\n  width: 100%;\n}\n#text-box-28671942 .text-box-content {\n  font-size: 100%;\n}\n<\/style>\n    <\/div>\n \n        <\/div>\n      <\/div>\n\n            \n<style>\n#banner-1972606487 {\n  padding-top: 165px;\n  background-color: rgba(0, 0, 0, 0.384);\n}\n<\/style>\n  <\/div>\n\n\n\t<section class=\"section\" id=\"section_1610659433\">\n\t\t<div class=\"bg section-bg fill bg-fill  bg-loaded\" >\n\n\t\t\t\n\t\t\t\n\t\t\t\n\n\t\t<\/div>\n\n\t\t\n\n\t\t<div class=\"section-content relative\">\n\t\t\t\n<div class=\"row\"  id=\"row-1556385501\">\n\n\t<div id=\"col-2136695825\" class=\"col small-12 large-12\"  >\n\t\t\t\t<div class=\"col-inner\"  >\n\t\t\t\n\t\t\t\n<h2 style=\"text-align: center;\"><strong>Int\u00e9grit\u00e9, lutte, gagnant-gagnant : les valeurs fondamentales d'une grande entreprise de c\u00e2blodistribution<\/strong><\/h2>\n\t\t<\/div>\n\t\t\t\t\t<\/div>\n\n\t\n<\/div>\n<div class=\"row\"  id=\"row-398062344\">\n\n\t<div id=\"col-762936716\" class=\"col small-12 large-12\"  >\n\t\t\t\t<div class=\"col-inner\"  >\n\t\t\t\n\t\t\t\n<p>L'exploitation d'une entreprise de c\u00e2blodistribution prosp\u00e8re n\u00e9cessite une base d'int\u00e9grit\u00e9, une lutte acharn\u00e9e et un engagement en faveur de r\u00e9sultats gagnant-gagnant. Pour prosp\u00e9rer dans ce secteur concurrentiel, une entreprise doit \u00eatre cr\u00e9dible, coh\u00e9rente et vou\u00e9e \u00e0 l'am\u00e9lioration continue. Elle doit \u00e9galement favoriser un esprit de collaboration entre les clients, les employ\u00e9s et les actionnaires afin de garantir des avantages mutuels. Depuis des ann\u00e9es, Rifeng incarne ces principes en se donnant pour mission de \"fournir des solutions personnalis\u00e9es aux utilisateurs de c\u00e2bles du monde entier\" et en s'effor\u00e7ant sans rel\u00e2che de r\u00e9aliser sa vision d'entreprise.<\/p>\n\t\t<\/div>\n\t\t\t\t\t<\/div>\n\n\t\n<\/div>\n\t\t<\/div>\n\n\t\t\n<style>\n#section_1610659433 {\n  padding-top: 30px;\n  padding-bottom: 30px;\n}\n<\/style>\n\t<\/section>\n\t\n\t<section class=\"section\" id=\"section_1439861258\">\n\t\t<div class=\"bg section-bg fill bg-fill  bg-loaded\" >\n\n\t\t\t\n\t\t\t\n\t\t\t\n\n\t\t<\/div>\n\n\t\t\n\n\t\t<div class=\"section-content relative\">\n\t\t\t\n<div class=\"row\"  id=\"row-1832566788\">\n\n\t<div id=\"col-57926019\" class=\"col small-12 large-12\"  >\n\t\t\t\t<div class=\"col-inner\"  >\n\t\t\t\n\t\t\t\n\t<div class=\"img has-hover x md-x lg-x y md-y lg-y\" id=\"image_1121352813\">\n\t\t\t\t\t\t\t\t<div class=\"img-inner image-cover dark\" style=\"padding-top:45%;\">\n\t\t\t<img loading=\"lazy\" decoding=\"async\" width=\"700\" height=\"400\" src=\"https:\/\/rifengcable.com\/wp-content\/uploads\/2025\/03\/Integrity.jpg\" class=\"attachment-original size-original\" alt=\"Int\u00e9grit\u00e9\" srcset=\"https:\/\/rifengcable.com\/wp-content\/uploads\/2025\/03\/Integrity.jpg 700w, https:\/\/rifengcable.com\/wp-content\/uploads\/2025\/03\/Integrity-300x171.jpg 300w, https:\/\/rifengcable.com\/wp-content\/uploads\/2025\/03\/Integrity-18x10.jpg 18w, https:\/\/rifengcable.com\/wp-content\/uploads\/2025\/03\/Integrity-600x343.jpg 600w\" sizes=\"auto, (max-width: 700px) 100vw, 700px\" title=\"\">\t\t\t\t\t\t\n\t\t\t\t\t<\/div>\n\t\t\t\t\t\t\t\t\n<style>\n#image_1121352813 {\n  width: 100%;\n}\n<\/style>\n\t<\/div>\n\t\n\t\t<\/div>\n\t\t\t\t\t<\/div>\n\n\t\n<\/div>\n<div class=\"row\"  id=\"row-123448711\">\n\n\t<div id=\"col-1501683650\" class=\"col small-12 large-12\"  >\n\t\t\t\t<div class=\"col-inner\"  >\n\t\t\t\n\t\t\t\n<p style=\"text-align: center;\"><strong>Int\u00e9grit\u00e9<\/strong>: Seule la confiance et la fiabilit\u00e9 permettent de s'imposer sur le march\u00e9 mondial. L'int\u00e9grit\u00e9 est la pierre angulaire d'un succ\u00e8s durable.<\/p>\n\t\t<\/div>\n\t\t\t\t\t<\/div>\n\n\t\n<\/div>\n\t\t<\/div>\n\n\t\t\n<style>\n#section_1439861258 {\n  padding-top: 30px;\n  padding-bottom: 30px;\n  background-color: rgb(236, 236, 236);\n}\n<\/style>\n\t<\/section>\n\t\n\t<section class=\"section\" id=\"section_668477152\">\n\t\t<div class=\"bg section-bg fill bg-fill  bg-loaded\" >\n\n\t\t\t\n\t\t\t\n\t\t\t\n\n\t\t<\/div>\n\n\t\t\n\n\t\t<div class=\"section-content relative\">\n\t\t\t\n<div class=\"row\"  id=\"row-2016840680\">\n\n\t<div id=\"col-1174408198\" class=\"col small-12 large-12\"  >\n\t\t\t\t<div class=\"col-inner\"  >\n\t\t\t\n\t\t\t\n\t<div class=\"img has-hover x md-x lg-x y md-y lg-y\" id=\"image_1007445819\">\n\t\t\t\t\t\t\t\t<div class=\"img-inner image-cover dark\" style=\"padding-top:45%;\">\n\t\t\t<img loading=\"lazy\" decoding=\"async\" width=\"600\" height=\"390\" src=\"https:\/\/rifengcable.com\/wp-content\/uploads\/2025\/03\/struggle.webp\" class=\"attachment-original size-original\" alt=\"lutte\" srcset=\"https:\/\/rifengcable.com\/wp-content\/uploads\/2025\/03\/struggle.webp 600w, https:\/\/rifengcable.com\/wp-content\/uploads\/2025\/03\/struggle-300x195.webp 300w, https:\/\/rifengcable.com\/wp-content\/uploads\/2025\/03\/struggle-18x12.webp 18w\" sizes=\"auto, (max-width: 600px) 100vw, 600px\" title=\"\">\t\t\t\t\t\t\n\t\t\t\t\t<\/div>\n\t\t\t\t\t\t\t\t\n<style>\n#image_1007445819 {\n  width: 100%;\n}\n<\/style>\n\t<\/div>\n\t\n\t\t<\/div>\n\t\t\t\t\t<\/div>\n\n\t\n<\/div>\n<div class=\"row\"  id=\"row-1083480266\">\n\n\t<div id=\"col-1642882624\" class=\"col small-12 large-12\"  >\n\t\t\t\t<div class=\"col-inner\"  >\n\t\t\t\n\t\t\t\n<p style=\"text-align: center;\"><strong>Lutte<\/strong>: Dans le monde dynamique des solutions de c\u00e2blage, les efforts et le d\u00e9vouement sans rel\u00e2che sont essentiels pour relever les d\u00e9fis et atteindre la croissance. Ce n'est qu'en ne m\u00e9nageant pas ses efforts qu'une entreprise peut s'assurer une place dans l'industrie.<\/p>\n\t\t<\/div>\n\t\t\t\t\t<\/div>\n\n\t\n<\/div>\n\t\t<\/div>\n\n\t\t\n<style>\n#section_668477152 {\n  padding-top: 30px;\n  padding-bottom: 30px;\n}\n<\/style>\n\t<\/section>\n\t\n\t<section class=\"section\" id=\"section_1372756232\">\n\t\t<div class=\"bg section-bg fill bg-fill  bg-loaded\" >\n\n\t\t\t\n\t\t\t\n\t\t\t\n\n\t\t<\/div>\n\n\t\t\n\n\t\t<div class=\"section-content relative\">\n\t\t\t\n<div class=\"row\"  id=\"row-1135008283\">\n\n\t<div id=\"col-1872002261\" class=\"col small-12 large-12\"  >\n\t\t\t\t<div class=\"col-inner\"  >\n\t\t\t\n\t\t\t\n\t<div class=\"img has-hover x md-x lg-x y md-y lg-y\" id=\"image_1830466915\">\n\t\t\t\t\t\t\t\t<div class=\"img-inner image-cover dark\" style=\"padding-top:45%;\">\n\t\t\t<img loading=\"lazy\" decoding=\"async\" width=\"800\" height=\"400\" src=\"https:\/\/rifengcable.com\/wp-content\/uploads\/2025\/03\/win-win.jpg\" class=\"attachment-original size-original\" alt=\"Gagnant-gagnant\" srcset=\"https:\/\/rifengcable.com\/wp-content\/uploads\/2025\/03\/win-win.jpg 800w, https:\/\/rifengcable.com\/wp-content\/uploads\/2025\/03\/win-win-300x150.jpg 300w, https:\/\/rifengcable.com\/wp-content\/uploads\/2025\/03\/win-win-768x384.jpg 768w, https:\/\/rifengcable.com\/wp-content\/uploads\/2025\/03\/win-win-18x9.jpg 18w, https:\/\/rifengcable.com\/wp-content\/uploads\/2025\/03\/win-win-600x300.jpg 600w\" sizes=\"auto, (max-width: 800px) 100vw, 800px\" title=\"\">\t\t\t\t\t\t\n\t\t\t\t\t<\/div>\n\t\t\t\t\t\t\t\t\n<style>\n#image_1830466915 {\n  width: 100%;\n}\n<\/style>\n\t<\/div>\n\t\n\t\t<\/div>\n\t\t\t\t\t<\/div>\n\n\t\n<\/div>\n<div class=\"row\"  id=\"row-1512118425\">\n\n\t<div id=\"col-620041170\" class=\"col small-12 large-12\"  >\n\t\t\t\t<div class=\"col-inner\"  >\n\t\t\t\n\t\t\t\n<p><strong>Gagnant-gagnant<\/strong>: La collaboration est essentielle. En travaillant de concert avec les clients, les employ\u00e9s et les parties prenantes, nous cr\u00e9ons de la valeur pour toutes les parties, ce qui garantit un succ\u00e8s partag\u00e9 et des partenariats \u00e0 long terme.<\/p>\n\t\t<\/div>\n\t\t\t\t\t<\/div>\n\n\t\n<\/div>\n\t\t<\/div>\n\n\t\t\n<style>\n#section_1372756232 {\n  padding-top: 30px;\n  padding-bottom: 30px;\n  background-color: #ececec;\n}\n<\/style>\n\t<\/section>","protected":false},"excerpt":{"rendered":"","protected":false},"author":3,"featured_media":2072,"parent":0,"menu_order":0,"comment_status":"closed","ping_status":"closed","template":"page-blank.php","meta":{"footnotes":""},"class_list":["post-1615","page","type-page","status-publish","has-post-thumbnail","hentry"],"_links":{"self":[{"href":"https:\/\/rifengcable.com\/fr\/wp-json\/wp\/v2\/pages\/1615","targetHints":{"allow":["GET"]}}],"collection":[{"href":"https:\/\/rifengcable.com\/fr\/wp-json\/wp\/v2\/pages"}],"about":[{"href":"https:\/\/rifengcable.com\/fr\/wp-json\/wp\/v2\/types\/page"}],"author":[{"embeddable":true,"href":"https:\/\/rifengcable.com\/fr\/wp-json\/wp\/v2\/users\/3"}],"replies":[{"embeddable":true,"href":"https:\/\/rifengcable.com\/fr\/wp-json\/wp\/v2\/comments?post=1615"}],"version-history":[{"count":10,"href":"https:\/\/rifengcable.com\/fr\/wp-json\/wp\/v2\/pages\/1615\/revisions"}],"predecessor-version":[{"id":2071,"href":"https:\/\/rifengcable.com\/fr\/wp-json\/wp\/v2\/pages\/1615\/revisions\/2071"}],"wp:featuredmedia":[{"embeddable":true,"href":"https:\/\/rifengcable.com\/fr\/wp-json\/wp\/v2\/media\/2072"}],"wp:attachment":[{"href":"https:\/\/rifengcable.com\/fr\/wp-json\/wp\/v2\/media?parent=1615"}],"curies":[{"name":"wp","href":"https:\/\/api.w.org\/{rel}","templated":true}]}}