{"id":1853,"date":"2025-03-04T08:08:19","date_gmt":"2025-03-04T08:08:19","guid":{"rendered":"https:\/\/rifengcable.com\/?post_type=product&#038;p=1853"},"modified":"2025-04-25T09:10:33","modified_gmt":"2025-04-25T09:10:33","slug":"electric-range-cable","status":"publish","type":"product","link":"https:\/\/rifengcable.com\/es\/manufacturer\/electric-range-cable\/","title":{"rendered":"Cocina el\u00e9ctrica Cable SEOOW"},"content":{"rendered":"<h2 id=\"-electric-range-cable-seoow-easy-to-read-product-guide-\"><strong>Cable para cocina el\u00e9ctrica SEOOW - Gu\u00eda del producto f\u00e1cil de leer<\/strong><\/h2>\n<h4 id=\"-what-is-this-cable-\"><strong>\u00bfQu\u00e9 es este cable?<\/strong><\/h4>\n<p>El cable SEOOW para estufas el\u00e9ctricas es un cable fuerte y seguro para su estufa, horno o m\u00e1quinas grandes. Funciona en lugares calientes, fr\u00edos, h\u00famedos o aceitosos y no se incendia f\u00e1cilmente.<\/p>\n<p><strong>Lo que hay que saber:<\/strong>\u00a0\u2705\u00a0<strong>600V Potencia<\/strong>\u00a0- Bueno para\u00a0<strong>grandes electrodom\u00e9sticos<\/strong>. \u2705 <strong>A prueba de agua y aceite<\/strong>\u00a0- Seguro en\u00a0<strong>h\u00famedo o aceitoso<\/strong> manchas. \u2705\u00a0<strong>Muy flexible<\/strong>\u00a0- F\u00e1cil de\u00a0<strong>doblar e instalar<\/strong>. \u2705 <strong>Super Seguro<\/strong>\u00a0-\u00a0<strong>No hay incendios<\/strong> (Clasificaci\u00f3n FT2).<\/p>\n<hr \/>\n<h3 id=\"-who-needs-this-cable-\"><strong>\u00bfQui\u00e9n necesita este cable?<\/strong><\/h3>\n<p><strong>Este cable es ideal para:<\/strong><\/p>\n<ul>\n<li>\ud83c\udfe0\u00a0<strong>Propietarios<\/strong>\u00a0cableado de un\u00a0<strong>cocina u horno el\u00e9ctrico<\/strong>.<\/li>\n<li>\ud83d\udd27\u00a0<strong>Trabajadores<\/strong>\u00a0utilizando\u00a0<strong>herramientas el\u00e9ctricas<\/strong>\u00a0o\u00a0<strong>grandes m\u00e1quinas<\/strong>.<\/li>\n<li>\ud83c\udfed\u00a0<strong>F\u00e1bricas<\/strong>\u00a0con\u00a0<strong>aceite, agua<\/strong>o\u00a0<strong>zonas calientes\/fr\u00edas<\/strong>.<\/li>\n<\/ul>\n<hr \/>\n<h3 id=\"-product-details-simple-table-\"><strong>Detalles del producto (Tabla simple)<\/strong><\/h3>\n<table style=\"height: 173px;\" width=\"529\">\n<thead>\n<tr>\n<th><strong>Caracter\u00edstica<\/strong><\/th>\n<th><strong>Por qu\u00e9 es importante<\/strong><\/th>\n<\/tr>\n<\/thead>\n<tbody>\n<tr>\n<td><strong>600V Potencia<\/strong><\/td>\n<td>Asas\u00a0<strong>grandes electrodom\u00e9sticos<\/strong>\u00a0como\u00a0<strong>cocinas el\u00e9ctricas<\/strong>.<\/td>\n<\/tr>\n<tr>\n<td><strong>Alambres de cobre<\/strong><\/td>\n<td><strong>Fuerte<\/strong>\u00a0y\u00a0<strong>bendy<\/strong> (dura mucho).<\/td>\n<\/tr>\n<tr>\n<td><strong>Chaqueta negra<\/strong><\/td>\n<td><strong>El aceite, el agua y el sol no lo da\u00f1an.<\/strong>.<\/td>\n<\/tr>\n<tr>\n<td><strong>Funciona entre -50\u00b0C y 105\u00b0C<\/strong><\/td>\n<td><strong>Uso interior o exterior<\/strong>-\u00a1Caliente o fr\u00edo!<\/td>\n<\/tr>\n<tr>\n<td><strong>Seguridad sin incendios<\/strong><\/td>\n<td><strong>Clasificaci\u00f3n FT2<\/strong>-no propagar\u00e1 las llamas.<\/td>\n<\/tr>\n<\/tbody>\n<\/table>\n<hr \/>\n<h3 id=\"-where-can-you-use-it-\"><strong>\u00bfD\u00f3nde se puede utilizar?<\/strong><\/h3>\n<h4 id=\"-1-kitchen-appliances-\"><strong>1. \ud83c\udf73 Cocina y Electrodom\u00e9sticos<\/strong><\/h4>\n<ul>\n<li>Perfecto para\u00a0<strong>cocinas, hornos y cocinas el\u00e9ctricas<\/strong>.<\/li>\n<li><strong>Enchufes de 4 clavijas<\/strong>\u00a0se adaptan a la mayor\u00eda de las instalaciones dom\u00e9sticas.<\/li>\n<\/ul>\n<h4 id=\"-2-tools-machines-\"><strong>2. \ud83d\udee0\ufe0f Herramientas y m\u00e1quinas<\/strong><\/h4>\n<ul>\n<li>Ideal para\u00a0<strong>herramientas el\u00e9ctricas, generadores y motores<\/strong>.<\/li>\n<li><strong>A prueba de aceite<\/strong>\u00a0para garajes y talleres.<\/li>\n<\/ul>\n<h4 id=\"-3-outdoor-tough-jobs-\"><strong>3. \ud83c\udf27\ufe0f Trabajos al aire libre y duros<\/strong><\/h4>\n<ul>\n<li><strong>Impermeable<\/strong>\u00a0para\u00a0<strong>obras<\/strong>.<\/li>\n<li><strong>Protecci\u00f3n solar<\/strong>\u00a0para un uso prolongado en exteriores.<\/li>\n<\/ul>\n<hr \/>\n<h3 id=\"-5-big-reasons-to-buy-\"><strong>5 grandes razones para comprar<\/strong><\/h3>\n<ol>\n<li><strong>Super Seguro<\/strong> - No se incendia (clasificaci\u00f3n FT2).<\/li>\n<li><strong>Flexible y resistente<\/strong> - F\u00e1cil de doblar, dif\u00edcil de romper.<\/li>\n<li><strong>Funciona en todas partes<\/strong>\u00a0- Desde\u00a0<strong>-50\u00b0C a 105\u00b0C<\/strong>.<\/li>\n<li><strong>Sin da\u00f1os por aceite o agua<\/strong> - Bueno para lugares desordenados.<\/li>\n<li><strong>Certificado y de confianza<\/strong>\u00a0-\u00a0<strong>Aprobado por UL, CSA y MSHA<\/strong>.<\/li>\n<\/ol>","protected":false},"excerpt":{"rendered":"<p>Art\u00edculo\uff1aSEOOW<\/p>\n<div>\n<p class=\"lableName\">Certificaci\u00f3n del producto: UL<\/p>\n<\/div>\n<div>\n<p class=\"lableName\"><strong>Par\u00e1metros b\u00e1sicos\uff1a<\/strong><\/p>\n<\/div>\n<div>\n<ul>\n<li class=\"lableName\">Tensi\u00f3n nominal 600V<\/li>\n<\/ul>\n<\/div>\n<div>\n<ul>\n<li class=\"lableName\">La temperatura de trabajo: 105\u2103<\/li>\n<\/ul>\n<\/div>\n<div>\n<ul>\n<li class=\"lableName\">Norma ejecutiva: UL 62<\/li>\n<\/ul>\n<\/div>\n<div>\n<p class=\"lableName\"><strong>Estructura del conductor\uff1a<\/strong><\/p>\n<\/div>\n<div>\n<ul>\n<li class=\"lableName\"><span class=\"lableName\">Material del conductor\uff1a<\/span>\u00a0Cobre desnudo trenzado<\/li>\n<\/ul>\n<\/div>\n<div>\n<ul>\n<li class=\"lableName\">Material de aislamiento: PVC<\/li>\n<\/ul>\n<\/div>\n<div>\n<ul>\n<li class=\"lableName\">Material de la funda: PVC<\/li>\n<\/ul>\n<\/div>","protected":false},"featured_media":1854,"template":"","meta":[],"product_brand":[],"product_cat":[40],"product_tag":[],"class_list":{"0":"post-1853","1":"product","2":"type-product","3":"status-publish","4":"has-post-thumbnail","6":"product_cat-pvc-cable","8":"first","9":"instock","10":"shipping-taxable","11":"product-type-simple"},"_links":{"self":[{"href":"https:\/\/rifengcable.com\/es\/wp-json\/wp\/v2\/product\/1853","targetHints":{"allow":["GET"]}}],"collection":[{"href":"https:\/\/rifengcable.com\/es\/wp-json\/wp\/v2\/product"}],"about":[{"href":"https:\/\/rifengcable.com\/es\/wp-json\/wp\/v2\/types\/product"}],"wp:featuredmedia":[{"embeddable":true,"href":"https:\/\/rifengcable.com\/es\/wp-json\/wp\/v2\/media\/1854"}],"wp:attachment":[{"href":"https:\/\/rifengcable.com\/es\/wp-json\/wp\/v2\/media?parent=1853"}],"wp:term":[{"taxonomy":"product_brand","embeddable":true,"href":"https:\/\/rifengcable.com\/es\/wp-json\/wp\/v2\/product_brand?post=1853"},{"taxonomy":"product_cat","embeddable":true,"href":"https:\/\/rifengcable.com\/es\/wp-json\/wp\/v2\/product_cat?post=1853"},{"taxonomy":"product_tag","embeddable":true,"href":"https:\/\/rifengcable.com\/es\/wp-json\/wp\/v2\/product_tag?post=1853"}],"curies":[{"name":"wp","href":"https:\/\/api.w.org\/{rel}","templated":true}]}}