{"id":1825,"date":"2025-03-04T03:27:12","date_gmt":"2025-03-04T03:27:12","guid":{"rendered":"https:\/\/rifengcable.com\/?post_type=product&#038;p=1825"},"modified":"2025-05-02T06:58:04","modified_gmt":"2025-05-02T06:58:04","slug":"rv-electrical-cable","status":"publish","type":"product","link":"https:\/\/rifengcable.com\/es\/manufacturer\/rv-electrical-cable\/","title":{"rendered":"Cable el\u00e9ctrico para veh\u00edculos recreativos SJOOW"},"content":{"rendered":"<h1 id=\"-rv-power-cords-heavy-duty-cables-for-camping-2025-guide-\"><strong>Cables de alimentaci\u00f3n para veh\u00edculos recreativos - Cables resistentes para camping (Gu\u00eda 2025)<\/strong><\/h1>\n<p>\u00bfNecesita electricidad para su autocaravana? Nuestros cables de alimentaci\u00f3n de 30 y 50 amperios le proporcionan electricidad segura y potente en cualquier lugar. Se acabaron las bater\u00edas agotadas y la electricidad d\u00e9bil.<\/p>\n<hr \/>\n<h2 id=\"-quick-rv-cord-facts-\"><strong>\u26a1 Datos r\u00e1pidos sobre el cord\u00f3n para veh\u00edculos recreativos<\/strong><\/h2>\n<p><strong>Lo mejor para su veh\u00edculo recreativo:<\/strong>\u00a0\u2705\u00a0<strong>Cables de 30 amperios<\/strong>\u00a0- Bueno para\u00a0<strong>veh\u00edculos recreativos peque\u00f1os y medianos<\/strong> (1 aire acondicionado) \u2705\u00a0<strong>Cables de 50 amperios<\/strong>\u00a0- Lo mejor para\u00a0<strong>grandes veh\u00edculos recreativos<\/strong> (2+ aparatos de aire acondicionado) \u2705\u00a0<strong>Todos los cables tienen:<\/strong><\/p>\n<ul>\n<li><strong>Cerradura resistente a la intemperie<\/strong> (sin da\u00f1os por lluvia)<\/li>\n<li><strong>Certificaci\u00f3n de seguridad UL<\/strong> (sin incendios)<\/li>\n<li><strong>Cableado de cobre preparado para 2025<\/strong> (fuerte flujo de energ\u00eda)<\/li>\n<\/ul>\n<hr \/>\n<h2 id=\"-rv-power-cord-types-\"><strong>\ud83d\udd0c Tipos de cables de alimentaci\u00f3n para veh\u00edculos recreativos<\/strong><\/h2>\n<table style=\"height: 141px;\" width=\"491\">\n<thead>\n<tr>\n<th><strong>Caracter\u00edstica<\/strong><\/th>\n<th><strong>Cable de 30 amperios<\/strong><\/th>\n<th><strong>Cable de 50 amperios<\/strong><\/th>\n<\/tr>\n<\/thead>\n<tbody>\n<tr>\n<td><strong>Espesor del alambre<\/strong><\/td>\n<td>Calibre 10 (grueso)<\/td>\n<td>Calibre 6\/8 (extra grueso)<\/td>\n<\/tr>\n<tr>\n<td><strong>Capacidad de potencia<\/strong><\/td>\n<td>3600 vatios<\/td>\n<td>12.500 vatios<\/td>\n<\/tr>\n<tr>\n<td><strong>Opciones de longitud<\/strong><\/td>\n<td>25 pies o 50 pies<\/td>\n<td>S\u00f3lo 25 pies<\/td>\n<\/tr>\n<tr>\n<td><strong>Lo mejor para<\/strong><\/td>\n<td>Viajes de fin de semana<\/td>\n<td>Vivir a tiempo completo en un veh\u00edculo recreativo<\/td>\n<\/tr>\n<\/tbody>\n<\/table>\n<p><strong>Por qu\u00e9 es importante:<\/strong><\/p>\n<ul>\n<li>Alambre m\u00e1s grueso (n\u00famero de calibre inferior) =\u00a0<strong>m\u00e1s seguridad energ\u00e9tica<\/strong><\/li>\n<li>Cables m\u00e1s largos (50 pies) =\u00a0<strong>mejor acceso al camping<\/strong><\/li>\n<\/ul>\n<hr \/>\n<h2 id=\"-where-to-use-your-rv-cable-\"><strong>\ud83d\udee0\ufe0f D\u00f3nde utilizar el cable de su veh\u00edculo recreativo<\/strong><\/h2>\n<p><strong>Estos cordones sirven para:<\/strong><\/p>\n<ul>\n<li><strong>Conexi\u00f3n el\u00e9ctrica en el camping<\/strong> (m\u00e1s com\u00fan)<\/li>\n<li><strong>Boondocking con generador<\/strong> (energ\u00eda sin conexi\u00f3n a la red)<\/li>\n<li><strong>Copia de seguridad dom\u00e9stica de emergencia<\/strong> (si se va la luz)<\/li>\n<\/ul>\n<p><strong>Consejo profesional:<\/strong>\u00a0Utilice siempre el\u00a0<strong>enchufe adaptador derecho<\/strong>\u00a0para diferentes puntos de venta.<\/p>\n<hr \/>\n<h2 id=\"-why-safety-matters-\"><strong>\ud83d\udd12 Por qu\u00e9 es importante la seguridad<\/strong><\/h2>\n<p>Nuestros cables son: \u2714\u00a0<strong>Aprobado por UL 62 y CSA<\/strong> - No se incendia \u2714\u00a0<strong>Anillo de cierre resistente a la intemperie<\/strong> - Se mantiene seco en las tormentas \u2714\u00a0<strong>Chaqueta ign\u00edfuga<\/strong> - Seguridad cerca de las hogueras<\/p>\n<p><strong>\u00a1Cuidado con los cables baratos!<\/strong> Pueden sobrecalentarse o fundirse si se sobrecargan.<\/p>\n<hr \/>\n<h2 id=\"-ready-to-buy-\"><strong>\ud83d\ude9a \u00bfListo para comprar?<\/strong><\/h2>\n<p><strong>Elige tu cable:<\/strong>\u00a0\ud83d\udd39\u00a0<strong>Cable de alimentaci\u00f3n de 30 amperios<\/strong>\u00a0- Ideal para la mayor\u00eda de autocaravanas \ud83d\udd39\u00a0<strong>Cable de alimentaci\u00f3n de 50 amperios<\/strong>\u00a0- Lo mejor para caravanas grandes con muchas necesidades energ\u00e9ticas<\/p>\n<p><strong>Todos los cordones incluyen:<\/strong><\/p>\n<ul>\n<li><strong>2 a\u00f1os de garant\u00eda<\/strong><\/li>\n<li><strong>Env\u00edo gratuito<\/strong><\/li>\n<li><strong>Asistencia 24\/7<\/strong><\/li>\n<\/ul>\n<p><strong>\u26a0\ufe0f Recuerda:<\/strong>\u00a0Compruebe siempre las necesidades energ\u00e9ticas de su veh\u00edculo recreativo antes de comprarlo.<\/p>\n<hr \/>\n<h2 id=\"-rv-power-faqs-\"><strong>\u2753 Preguntas frecuentes sobre energ\u00eda para veh\u00edculos recreativos<\/strong><\/h2>\n<p><strong>P: \u00bfPuedo utilizar un cable de 30 amperios para una caravana grande?<\/strong>\u00a0A:\u00a0<strong>\u00a1No!<\/strong>\u00a0Los veh\u00edculos grandes necesitan\u00a0<strong>Potencia de 50 amperios<\/strong> por seguridad.<\/p>\n<p><strong>P: \u00bfCu\u00e1l es la mejor longitud?<\/strong>\u00a0A:\u00a0<strong>25 pies-50 pies<\/strong> funciona para la mayor\u00eda de los campings.<\/p>\n<p><strong>P: \u00bfSirven para el fr\u00edo?<\/strong>\u00a0A:\u00a0<strong>\u00a1S\u00ed!<\/strong>\u00a0Construido para\u00a0<strong>todas las estaciones<\/strong>.<\/p>","protected":false},"excerpt":{"rendered":"<p>Art\u00edculo\uff1aSJOOW<\/p>\n<div>\n<p class=\"lableName\">Certificaci\u00f3n del producto: UL<\/p>\n<\/div>\n<div>\n<p class=\"lableName\"><strong>Par\u00e1metros b\u00e1sicos\uff1a<\/strong><\/p>\n<\/div>\n<div>\n<ul>\n<li class=\"lableName\">Tensi\u00f3n nominal 600V<\/li>\n<\/ul>\n<\/div>\n<div>\n<ul>\n<li class=\"lableName\">La temperatura de trabajo: 105\u2103<\/li>\n<\/ul>\n<\/div>\n<div>\n<ul>\n<li class=\"lableName\">Norma ejecutiva: UL 62<\/li>\n<\/ul>\n<\/div>\n<div>\n<p class=\"lableName\"><strong>Estructura del conductor\uff1a<\/strong><\/p>\n<\/div>\n<div>\n<ul>\n<li class=\"lableName\"><span class=\"lableName\">Material del conductor\uff1a<\/span>\u00a0Cobre desnudo trenzado<\/li>\n<\/ul>\n<\/div>\n<div>\n<ul>\n<li class=\"lableName\">Material de aislamiento: PVC<\/li>\n<\/ul>\n<\/div>\n<div>\n<ul>\n<li class=\"lableName\">Material de la funda: PVC<\/li>\n<\/ul>\n<\/div>","protected":false},"featured_media":1826,"template":"","meta":[],"product_brand":[],"product_cat":[40],"product_tag":[],"class_list":{"0":"post-1825","1":"product","2":"type-product","3":"status-publish","4":"has-post-thumbnail","6":"product_cat-pvc-cable","8":"first","9":"instock","10":"shipping-taxable","11":"product-type-simple"},"_links":{"self":[{"href":"https:\/\/rifengcable.com\/es\/wp-json\/wp\/v2\/product\/1825","targetHints":{"allow":["GET"]}}],"collection":[{"href":"https:\/\/rifengcable.com\/es\/wp-json\/wp\/v2\/product"}],"about":[{"href":"https:\/\/rifengcable.com\/es\/wp-json\/wp\/v2\/types\/product"}],"wp:featuredmedia":[{"embeddable":true,"href":"https:\/\/rifengcable.com\/es\/wp-json\/wp\/v2\/media\/1826"}],"wp:attachment":[{"href":"https:\/\/rifengcable.com\/es\/wp-json\/wp\/v2\/media?parent=1825"}],"wp:term":[{"taxonomy":"product_brand","embeddable":true,"href":"https:\/\/rifengcable.com\/es\/wp-json\/wp\/v2\/product_brand?post=1825"},{"taxonomy":"product_cat","embeddable":true,"href":"https:\/\/rifengcable.com\/es\/wp-json\/wp\/v2\/product_cat?post=1825"},{"taxonomy":"product_tag","embeddable":true,"href":"https:\/\/rifengcable.com\/es\/wp-json\/wp\/v2\/product_tag?post=1825"}],"curies":[{"name":"wp","href":"https:\/\/api.w.org\/{rel}","templated":true}]}}