{"id":1801,"date":"2025-03-03T08:26:54","date_gmt":"2025-03-03T08:26:54","guid":{"rendered":"https:\/\/rifengcable.com\/?post_type=product&#038;p=1801"},"modified":"2025-04-18T08:19:56","modified_gmt":"2025-04-18T08:19:56","slug":"seu-electrical-cable-h07v-r","status":"publish","type":"product","link":"https:\/\/rifengcable.com\/es\/manufacturer\/seu-electrical-cable-h07v-r\/","title":{"rendered":"SEU Cable el\u00e9ctrico H07V-R"},"content":{"rendered":"<h1 id=\"-seu-electrical-cable-power-your-home-safely-\"><strong>Cable el\u00e9ctrico SEU - Suministre energ\u00eda a su hogar de forma segura<\/strong><\/h1>\n<h3 id=\"-what-is-seu-cable-\"><strong>\u00bfQu\u00e9 es SEU Cable?<\/strong><\/h3>\n<p><strong>Cable SEU<\/strong>\u00a0es un cable fuerte que trae\u00a0<strong>energ\u00eda el\u00e9ctrica<\/strong>\u00a0a los hogares. Funciona desde el\u00a0<strong>l\u00edneas de la compa\u00f1\u00eda el\u00e9ctrica<\/strong>\u00a0a su\u00a0<strong>caja de contadores y paneles<\/strong>. Es seguro para\u00a0<strong>h\u00famedo o seco<\/strong>\u00a0lugares y dura mucho tiempo.<\/p>\n<hr \/>\n<h2 id=\"-key-features-of-seu-cable-\"><strong>Caracter\u00edsticas principales del cable SEU<\/strong><\/h2>\n<p>\u2714\u00a0<strong>600V Potencia<\/strong> - Gestiona la electricidad de hogares y empresas.<\/p>\n<p>\u2714\u00a0<strong>Funciona en lugares h\u00famedos\/secos<\/strong>\u00a0- Puede utilizarse\u00a0<strong>exterior o interior<\/strong>.<\/p>\n<p>\u2714\u00a0<strong>Seguro y fuerte<\/strong> - Detiene el fuego y resiste el agua.<\/p>\n<p>\u2714\u00a0<strong>Cumple las normas de seguridad<\/strong>\u00a0- Sigue\u00a0<strong>NEC (NFPA 70) Y UL<\/strong> normas.<\/p>\n<p>\u2714\u00a0<strong>2 Tipos<\/strong>\u00a0-\u00a0<strong>Cobre (CU)<\/strong>\u00a0o\u00a0<strong>Aluminio (AL)<\/strong> cables.<\/p>\n<hr \/>\n<h2 id=\"-technical-info-easy-table-\"><strong>\ud83d\udccbInformaci\u00f3n t\u00e9cnica (Easy Table)<\/strong><\/h2>\n<table style=\"height: 197px;\" width=\"383\">\n<thead>\n<tr>\n<th><strong>Lo que hay que saber<\/strong><\/th>\n<th><strong>Detalles<\/strong><\/th>\n<\/tr>\n<\/thead>\n<tbody>\n<tr>\n<td><strong>Tensi\u00f3n<\/strong><\/td>\n<td>600V<\/td>\n<\/tr>\n<tr>\n<td><strong>Tipos de cable<\/strong><\/td>\n<td>Cobre (CU) o aluminio (AL)<\/td>\n<\/tr>\n<tr>\n<td><strong>L\u00edmite de calor<\/strong><\/td>\n<td>Hasta 90\u00b0C (194\u00b0F)<\/td>\n<\/tr>\n<tr>\n<td><strong>Colores<\/strong><\/td>\n<td>Gris (com\u00fan)<\/td>\n<\/tr>\n<tr>\n<td><strong>Tallas<\/strong><\/td>\n<td>Ejemplo: 6-6-8 (cable grueso)<\/td>\n<\/tr>\n<tr>\n<td><strong>Longitudes<\/strong><\/td>\n<td>Rollos grandes (como de 500 pies)<\/td>\n<\/tr>\n<\/tbody>\n<\/table>\n<hr \/>\n<h2 id=\"-best-uses-for-seu-cable-\"><strong>\ud83d\ude80 Los mejores usos del cable SEU<\/strong><\/h2>\n<ul>\n<li><strong>Energ\u00eda del poste a la casa<\/strong>\u00a0- Conecta\u00a0<strong>cables de servicio<\/strong> a su contador.<\/li>\n<li><strong>Contador a cuadro el\u00e9ctrico<\/strong> - Traslada la energ\u00eda al interior de la vivienda.<\/li>\n<li><strong>Sistemas HVAC<\/strong>\u00a0- Trabajos para\u00a0<strong>calentadores y unidades de aire<\/strong>.<\/li>\n<li><strong>Exterior e interior<\/strong>\u00a0- Seguro en\u00a0<strong>lluvia o sol<\/strong>.<\/li>\n<\/ul>\n<hr \/>\n<h2 id=\"-why-choose-seu-cable-\"><strong>\ud83d\udd25 \u00bfPor qu\u00e9 elegir SEU Cable?<\/strong><\/h2>\n<p>\u2714\u00a0<strong>La confianza de los electricistas<\/strong> - Se utiliza en hogares y empresas.<\/p>\n<p>\u2714\u00a0<strong>Sin p\u00e9rdida de potencia<\/strong>\u00a0- Mantiene la electricidad en cables largos.<\/p>\n<p>\u2714\u00a0<strong>F\u00e1cil de instalar<\/strong>\u00a0- Funciona en espacios reducidos.<\/p>\n<p>\u2714\u00a0<strong>Dura a\u00f1os<\/strong>\u00a0- La resistente funda lo protege de posibles da\u00f1os.<\/p>\n<hr \/>\n<h2 id=\"-where-to-buy-how-to-use-\"><strong>\ud83d\udd27 D\u00f3nde comprar y c\u00f3mo usar<\/strong><\/h2>\n<p>Puedes comprar el cable SEU en:<\/p>\n<ul>\n<li><strong>Ferreter\u00edas<\/strong>\u00a0(como Home Depot).<\/li>\n<li><strong>Tiendas en l\u00ednea<\/strong>\u00a0(Southwire, Nassau National Cable).<\/li>\n<\/ul>\n<p>\ud83d\udccc\u00a0<strong>Consejo profesional:<\/strong>\u00a0Contratar a un\u00a0<strong>electricista autorizado<\/strong>\u00a0para un cableado seguro<\/p>\n<hr \/>\n<h2 id=\"-ready-to-get-seu-cable-\"><strong>\ud83d\uded2 \u00bfPreparado para conseguir el cable SEU?<\/strong><\/h2>\n<p>Haga clic a continuaci\u00f3n para\u00a0<strong>ver precios<\/strong>\u00a0y\u00a0<strong>Comprar ahora<\/strong>:<\/p>\n<ul>\n<li>Cable SEU de cobre<\/li>\n<li>Cable SEU de aluminio<\/li>\n<\/ul>\n<hr \/>\n<h3 id=\"-final-notes-\"><strong>\ud83d\udcdc Notas finales<\/strong><\/h3>\n<ul>\n<li>\u2705\u00a0<strong>Seguro para h\u00famedo\/seco<\/strong>\u00a0zonas.<\/li>\n<li>\u2705\u00a0<strong>Sigue las normas NEC<\/strong>.<\/li>\n<li>\u2705\u00a0<strong>Funciona con HVAC y paneles<\/strong>.<\/li>\n<li>\u2705\u00a0<strong>Resistente para un uso prolongado<\/strong>.<\/li>\n<\/ul>\n<p>(<strong>\u00a1Mantente a salvo!<\/strong>\u00a0Lee los consejos de seguridad el\u00e9ctrica antes de trabajar).<\/p>","protected":false},"excerpt":{"rendered":"<div>\n<p>Art\u00edculo\uff1aH07V-R<\/p>\n<p class=\"lableName\">Certificaci\u00f3n del producto: CCC<\/p>\n<\/div>\n<div>\n<p class=\"lableName\"><strong>Par\u00e1metros b\u00e1sicos\uff1a<\/strong><\/p>\n<\/div>\n<div>\n<ul>\n<li class=\"lableName\">Tensi\u00f3n nominal 450\/750V<\/li>\n<\/ul>\n<\/div>\n<div>\n<ul>\n<li class=\"lableName\">Temperatura de trabajo: 70\u2103<\/li>\n<\/ul>\n<\/div>\n<div>\n<ul>\n<li class=\"lableName\">Norma ejecutiva: EN 50525-2-31<\/li>\n<\/ul>\n<\/div>\n<div>\n<p class=\"lableName\"><strong>Estructura del conductor\uff1a<\/strong><\/p>\n<\/div>\n<div>\n<ul>\n<li class=\"lableName\"><span class=\"lableName\">Material del conductor\uff1a<\/span>\u00a0Tipo 5\/2\/1Cobre desnudo trenzado<\/li>\n<\/ul>\n<\/div>\n<div>\n<ul>\n<li class=\"lableName\">Material de aislamiento: PVC<\/li>\n<\/ul>\n<\/div>\n<div>\n<p class=\"lableName\"><strong>Propiedades del producto\uff1a<\/strong><\/p>\n<ul>\n<li class=\"labelContent\">Se adopta el material de alto aislamiento de grado V0 para evitar las llamas y garantizar la seguridad;<\/li>\n<li class=\"labelContent\">El nuevo material altamente aislante se adopta para evitar fugas el\u00e9ctricas y garantizar la seguridad;<\/li>\n<li class=\"labelContent\">El nuevo material antienvejecimiento se adopta para prolongar la vida \u00fatil y mejorar la seguridad;<\/li>\n<\/ul>\n<\/div>","protected":false},"featured_media":2246,"template":"","meta":[],"product_brand":[],"product_cat":[40],"product_tag":[],"class_list":{"0":"post-1801","1":"product","2":"type-product","3":"status-publish","4":"has-post-thumbnail","6":"product_cat-pvc-cable","8":"first","9":"instock","10":"shipping-taxable","11":"product-type-simple"},"_links":{"self":[{"href":"https:\/\/rifengcable.com\/es\/wp-json\/wp\/v2\/product\/1801","targetHints":{"allow":["GET"]}}],"collection":[{"href":"https:\/\/rifengcable.com\/es\/wp-json\/wp\/v2\/product"}],"about":[{"href":"https:\/\/rifengcable.com\/es\/wp-json\/wp\/v2\/types\/product"}],"wp:featuredmedia":[{"embeddable":true,"href":"https:\/\/rifengcable.com\/es\/wp-json\/wp\/v2\/media\/2246"}],"wp:attachment":[{"href":"https:\/\/rifengcable.com\/es\/wp-json\/wp\/v2\/media?parent=1801"}],"wp:term":[{"taxonomy":"product_brand","embeddable":true,"href":"https:\/\/rifengcable.com\/es\/wp-json\/wp\/v2\/product_brand?post=1801"},{"taxonomy":"product_cat","embeddable":true,"href":"https:\/\/rifengcable.com\/es\/wp-json\/wp\/v2\/product_cat?post=1801"},{"taxonomy":"product_tag","embeddable":true,"href":"https:\/\/rifengcable.com\/es\/wp-json\/wp\/v2\/product_tag?post=1801"}],"curies":[{"name":"wp","href":"https:\/\/api.w.org\/{rel}","templated":true}]}}