{"id":1772,"date":"2025-03-03T06:33:03","date_gmt":"2025-03-03T06:33:03","guid":{"rendered":"https:\/\/rifengcable.com\/?post_type=product&#038;p=1772"},"modified":"2025-06-05T06:55:10","modified_gmt":"2025-06-05T06:55:10","slug":"pvc-cable-h03vvh2-f","status":"publish","type":"product","link":"https:\/\/rifengcable.com\/es\/manufacturer\/pvc-cable-h03vvh2-f\/","title":{"rendered":"Cable de PVC H03VVH2-F"},"content":{"rendered":"<h1 id=\"-pvc-cable-strong-safe-and-easy-to-reuse-\"><strong>Cable de PVC: resistente, seguro y f\u00e1cil de reutilizar<\/strong><\/h1>\n<p><strong>Cables de PVC<\/strong>\u00a0son\u00a0<strong>cables fuertes<\/strong>\u00a0utilizado en\u00a0<strong>hogares, f\u00e1bricas<\/strong>y\u00a0<strong>energ\u00eda solar<\/strong>. Duran mucho, se doblan con facilidad y mantienen la electricidad a salvo. Tambi\u00e9n son\u00a0<strong>bueno para la Tierra<\/strong>\u00a0porque pueden ser\u00a0<strong>reciclado<\/strong>.<\/p>\n<hr \/>\n<h2 id=\"-why-choose-pvc-cables-\"><strong>\u00bfPor qu\u00e9 elegir cables de PVC?<\/strong><\/h2>\n<p>\u2705\u00a0<strong>Seguro<\/strong>\u00a0- Detiene incendios (probado para llamas VW-1).<\/p>\n<p>\u2705\u00a0<strong>Fuerte<\/strong>\u00a0- Obras en\u00a0<strong>caliente<\/strong>\u00a0(+105\u00b0C) y\u00a0<strong>fr\u00edo<\/strong>\u00a0(-20\u00b0C).<\/p>\n<p>\u2705\u00a0<strong>Se dobla f\u00e1cilmente<\/strong>\u00a0- Bueno para\u00a0<strong>m\u00e1quinas en movimiento<\/strong>\u00a0como robots.<\/p>\n<p>\u2705\u00a0<strong>Reciclable<\/strong>\u00a0- Se puede volver a utilizar sin perder fuerza.<\/p>\n<hr \/>\n<h2 id=\"-what-s-inside-pvc-cables-\"><strong>\u00bfQu\u00e9 contienen los cables de PVC?<\/strong><\/h2>\n<table style=\"height: 143px;\" width=\"669\">\n<thead>\n<tr>\n<th><strong>Pieza<\/strong><\/th>\n<th><strong>Qu\u00e9 hace<\/strong><\/th>\n<th><strong>Por qu\u00e9 es bueno<\/strong><\/th>\n<\/tr>\n<\/thead>\n<tbody>\n<tr>\n<td><strong>Conductor<\/strong><\/td>\n<td>Transporta electricidad<\/td>\n<td>Hecho de\u00a0<strong>cobre esta\u00f1ado (7\/30 hilos)<\/strong> para un flujo de energ\u00eda fluido<\/td>\n<\/tr>\n<tr>\n<td><strong>Aislamiento de PVC<\/strong><\/td>\n<td>Protege los cables<\/td>\n<td>Mantiene la energ\u00eda segura, dura mucho incluso al aire libre<\/td>\n<\/tr>\n<tr>\n<td><strong>Chaqueta cromada<\/strong><\/td>\n<td>Cubierta exterior<\/td>\n<td><strong>Resistente a los rayos UV<\/strong> (la luz del sol no lo da\u00f1ar\u00e1)<\/td>\n<\/tr>\n<tr>\n<td><strong>Escudo<\/strong>\u00a0(Algunos tipos)<\/td>\n<td>Bloquea las interferencias<\/td>\n<td>Bueno para\u00a0<strong>cables de audio y datos<\/strong><\/td>\n<\/tr>\n<\/tbody>\n<\/table>\n<hr \/>\n<h2 id=\"-where-to-use-pvc-cables-\"><strong>\u00bfD\u00f3nde utilizar cables de PVC?<\/strong><\/h2>\n<h3 id=\"-1-factories-machines-\"><strong>1. F\u00e1bricas y m\u00e1quinas<\/strong><\/h3>\n<ul>\n<li>Robots, brazos m\u00f3viles y grandes equipos (<strong>se flexiona sin romperse<\/strong>).<\/li>\n<li>Sigue\u00a0<strong>UL2464 Y CM<\/strong> normas de seguridad.<\/li>\n<\/ul>\n<h3 id=\"-2-solar-wind-power-\"><strong>2. Energ\u00eda solar y e\u00f3lica<\/strong><\/h3>\n<ul>\n<li><strong>Protecci\u00f3n solar<\/strong> (no se agrieta con los rayos UV).<\/li>\n<li>Maneja el tiempo (<strong>lluvia, viento, calor<\/strong>).<\/li>\n<\/ul>\n<h3 id=\"-3-homes-buildings-\"><strong>3. Viviendas y edificios<\/strong><\/h3>\n<ul>\n<li>Seguro para paredes y techos (<strong>ign\u00edfugo<\/strong>).<\/li>\n<li>Utilizado en\u00a0<strong>cableado y altavoces<\/strong> (codificados por colores para facilitar la instalaci\u00f3n).<\/li>\n<\/ul>\n<h3 id=\"-4-internet-sound-systems-\"><strong>4. Internet y sistemas de sonido<\/strong><\/h3>\n<ul>\n<li><strong>Tipos blindados<\/strong> detener la est\u00e1tica en m\u00fasica y Wi-Fi.<\/li>\n<li>Trabajos para\u00a0<strong>Cat 5E y Cat 6<\/strong> cables de internet.<\/li>\n<\/ul>\n<hr \/>\n<h2 id=\"-our-pvc-cables-help-the-earth-\"><strong>Nuestros cables de PVC ayudan a la Tierra<\/strong><\/h2>\n<p>\u267b\ufe0f\u00a0<strong>Reciclable<\/strong> - Puede fundirse y rehacerse sin perder resistencia.<\/p>\n<p>\ud83c\udf0e\u00a0<strong>Menos residuos<\/strong>\u00a0- Soportes\u00a0<strong>econom\u00eda circular<\/strong> (reutilizar, no tirar).<\/p>\n<p>\ud83d\udd2c <strong>Nueva tecnolog\u00eda<\/strong>\u00a0- Mejores formas de\u00a0<strong>clasificar y reciclar<\/strong> en 2025.<\/p>\n<hr \/>\n<h2 id=\"-need-pvc-cables-\"><strong>\u00bfNecesita cables de PVC?<\/strong><\/h2>\n<p>Vendemos\u00a0<strong>cables de PVC de alta calidad<\/strong>\u00a0para: \u2714\u00a0<strong>F\u00e1bricas<\/strong>\u00a0(hilos flexibles fuertes) \u2714\u00a0<strong>Proyectos solares<\/strong>\u00a0(resistente al sol) \u2714\u00a0<strong>Viviendas y oficinas<\/strong>\u00a0(seguro y tranquilo)<\/p>\n<p>\ud83d\udcde\u00a0<strong><a href=\"\/es\/contact\/\">Ll\u00e1manos<\/a> hoy<\/strong>\u00a0o visite\u00a0<strong>Nuestros cables industriales<\/strong>\u00a0para pedidos al por mayor.<\/p>","protected":false},"excerpt":{"rendered":"<p>Art\u00edculo\uff1aH03VVH2-F<\/p>\n<div>\n<p class=\"lableName\">Certificaci\u00f3n del producto: VDE<\/p>\n<\/div>\n<div>\n<p class=\"lableName\"><strong>Par\u00e1metros b\u00e1sicos\uff1a<\/strong><\/p>\n<\/div>\n<div>\n<ul>\n<li class=\"lableName\">Tensi\u00f3n nominal 450\/750V<\/li>\n<li class=\"lableName\">La temperatura de trabajo: <span style=\"color: #555555; font-size: 14.4px;\">70\u2103<\/span><\/li>\n<li class=\"lableName\">Est\u00e1ndar Ejecutivo:\u00a0<span style=\"color: #555555; font-size: 14.4px;\">AS\/NZS 60227.5<\/span><\/li>\n<\/ul>\n<\/div>\n<div>\n<p class=\"lableName\">Estructura del conductor\uff1a<\/p>\n<\/div>\n<div>\n<ul>\n<li class=\"lableName\"><span class=\"lableName\">Material del conductor\uff1a<\/span> Cobre desnudo trenzado<\/li>\n<li class=\"lableName\">Material de aislamiento:\u00a0<span style=\"color: #555555; font-size: 14.4px;\">PVC<\/span><\/li>\n<li class=\"lableName\">Material de la funda: PVC<\/li>\n<\/ul>\n<\/div>\n<div>\n<p><strong>Aplicaciones:<\/strong><\/p>\n<p>Estos cables est\u00e1n dise\u00f1ados para su uso como l\u00edneas de conexi\u00f3n el\u00e9ctrica en diversos entornos, como instalaciones el\u00e9ctricas, electrodom\u00e9sticos y herramientas el\u00e9ctricas. Son adecuados para aplicaciones con una tensi\u00f3n nominal de A.C 300\/300V o inferior, garantizando un rendimiento seguro y fiable en los sistemas el\u00e9ctricos cotidianos.<\/p>\n<\/div>","protected":false},"featured_media":2285,"template":"","meta":[],"product_brand":[],"product_cat":[40],"product_tag":[],"class_list":{"0":"post-1772","1":"product","2":"type-product","3":"status-publish","4":"has-post-thumbnail","6":"product_cat-pvc-cable","8":"first","9":"instock","10":"shipping-taxable","11":"product-type-simple"},"_links":{"self":[{"href":"https:\/\/rifengcable.com\/es\/wp-json\/wp\/v2\/product\/1772","targetHints":{"allow":["GET"]}}],"collection":[{"href":"https:\/\/rifengcable.com\/es\/wp-json\/wp\/v2\/product"}],"about":[{"href":"https:\/\/rifengcable.com\/es\/wp-json\/wp\/v2\/types\/product"}],"wp:featuredmedia":[{"embeddable":true,"href":"https:\/\/rifengcable.com\/es\/wp-json\/wp\/v2\/media\/2285"}],"wp:attachment":[{"href":"https:\/\/rifengcable.com\/es\/wp-json\/wp\/v2\/media?parent=1772"}],"wp:term":[{"taxonomy":"product_brand","embeddable":true,"href":"https:\/\/rifengcable.com\/es\/wp-json\/wp\/v2\/product_brand?post=1772"},{"taxonomy":"product_cat","embeddable":true,"href":"https:\/\/rifengcable.com\/es\/wp-json\/wp\/v2\/product_cat?post=1772"},{"taxonomy":"product_tag","embeddable":true,"href":"https:\/\/rifengcable.com\/es\/wp-json\/wp\/v2\/product_tag?post=1772"}],"curies":[{"name":"wp","href":"https:\/\/api.w.org\/{rel}","templated":true}]}}