{"id":1756,"date":"2025-03-03T03:18:46","date_gmt":"2025-03-03T03:18:46","guid":{"rendered":"https:\/\/rifengcable.com\/?post_type=product&#038;p=1756"},"modified":"2025-06-05T07:06:49","modified_gmt":"2025-06-05T07:06:49","slug":"welding-cable-h01n2-d","status":"publish","type":"product","link":"https:\/\/rifengcable.com\/es\/manufacturer\/welding-cable-h01n2-d\/","title":{"rendered":"Cable de soldadura H01N2-D"},"content":{"rendered":"<h1 id=\"-h01n2-d-welding-cable-heavy-duty-rubber-sheathed-cable-\"><strong>H01N2-D Cable de soldadura - Cable resistente con revestimiento de goma<\/strong><\/h1>\n<p>El H01N2-D es un cable de soldadura resistente, flexible y seguro. Tiene certificaci\u00f3n HAR y funciona con 100 V CA y 150 V CC. Perfecto para soldadura autom\u00e1tica, semiautom\u00e1tica y manual.<\/p>\n<p>\u2705\u00a0<strong>F\u00e1cil de doblar<\/strong>\u00a0- Ideal para espacios reducidos. \u2705\u00a0<strong>Funciona con fr\u00edo y calor extremos<\/strong>\u00a0(-40\u00b0C a +85\u00b0C). \u2705\u00a0<strong>Resistente al aceite, al fuego y de larga duraci\u00f3n<\/strong>. \u2705\u00a0<strong>Utilizado en astilleros, f\u00e1bricas y construcci\u00f3n<\/strong>.<\/p>\n<hr \/>\n<h2 id=\"-why-buy-h01n2-d-\"><strong>\u00bfPor qu\u00e9 comprar H01N2-D?<\/strong><\/h2>\n<p>\u2714\u00a0<strong>Seguro y certificado<\/strong>\u00a0- Reuniones\u00a0<strong>EN 50525-2-81<\/strong>\u00a0y\u00a0<strong>CEI 60245<\/strong>. \u2714\u00a0<strong>N\u00facleo de cobre resistente<\/strong>\u00a0- Sin roturas, incluso con un uso intensivo. \u2714\u00a0<strong>Cubierta de goma flexible<\/strong>\u00a0- No se agrieta ni se rompe f\u00e1cilmente. \u2714\u00a0<strong>Funciona en cualquier clima<\/strong>\u00a0- Bueno para\u00a0<strong>lugares fr\u00edos (-40\u00b0C) y calientes (+85\u00b0C)<\/strong>.<\/p>\n<hr \/>\n<h2 id=\"-specs-at-a-glance-\"><strong>Especificaciones<\/strong><\/h2>\n<table>\n<thead>\n<tr>\n<th><strong>Caracter\u00edstica<\/strong><\/th>\n<th><strong>Detalles<\/strong><\/th>\n<\/tr>\n<\/thead>\n<tbody>\n<tr>\n<td><strong>Tipo<\/strong><\/td>\n<td>Cable de soldadura<\/td>\n<\/tr>\n<tr>\n<td><strong>Est\u00e1ndar<\/strong><\/td>\n<td>EN 50525-2-81, HAR<\/td>\n<\/tr>\n<tr>\n<td><strong>Tensi\u00f3n<\/strong><\/td>\n<td>100V AC \/ 150V DC<\/td>\n<\/tr>\n<tr>\n<td><strong>Temperatura<\/strong><\/td>\n<td>-40\u00b0C a +85\u00b0C (fijo) \/ -20\u00b0C a +85\u00b0C (m\u00f3vil)<\/td>\n<\/tr>\n<tr>\n<td><strong>Conductor<\/strong><\/td>\n<td>Cobre desnudo (flexible)<\/td>\n<\/tr>\n<tr>\n<td><strong>Chaqueta<\/strong><\/td>\n<td>Goma (EM5)<\/td>\n<\/tr>\n<tr>\n<td><strong>Ciclo de trabajo<\/strong><\/td>\n<td><strong>Totalmente autom\u00e1tico<\/strong>: 100%\u00a0<strong>\u23d0 Semiautom\u00e1tico<\/strong>: 65-85%\u00a0<strong>\u23d0 Manual<\/strong>: 30-60%<\/td>\n<\/tr>\n<\/tbody>\n<\/table>\n<hr \/>\n<h2 id=\"-best-uses-for-h01n2-d-\"><strong>Mejores usos para H01N2-D<\/strong><\/h2>\n<p>\ud83d\udd25\u00a0<strong>Soldadura totalmente autom\u00e1tica (ciclo de trabajo 100%)<\/strong>\u00a0\ud83d\udee0\ufe0f\u00a0<strong>Soldadura manual (ciclo de trabajo 30-60%)<\/strong>\u00a0\u2699\ufe0f\u00a0<strong>Trabajo industrial (astilleros, f\u00e1bricas de autom\u00f3viles, miner\u00eda)<\/strong><\/p>\n<hr \/>\n<h2 id=\"-safety-performance-tips-\"><strong>Consejos de seguridad y rendimiento<\/strong><\/h2>\n<ul>\n<li>\ud83d\udd25\u00a0<strong>Ign\u00edfugo<\/strong>\u00a0- Seguro cerca de chispas.<\/li>\n<li>\ud83c\udf21\ufe0f\u00a0<strong>No utilizar a m\u00e1s de +85\u00b0C<\/strong>\u00a0o\u00a0<strong>por debajo de -40\u00b0C<\/strong>.<\/li>\n<li>\ud83d\udd0c\u00a0<strong>Comprobar curvas<\/strong>\u00a0- Mantener en\u00a0<strong>4-8 veces el grosor del cable<\/strong>.<\/li>\n<\/ul>\n<hr \/>\n<h2 id=\"-order-h01n2-d-today-\"><strong>Pida H01N2-D hoy mismo<\/strong><\/h2>\n<p><strong>Fuerte. Seguro. Fiable.<\/strong>\u00a0Consigue tu\u00a0<strong>Cable de soldadura H01N2-D<\/strong>\u00a0ahora.<\/p>\n<p>\ud83d\udcde\u00a0<strong>Ll\u00e1manos<\/strong>\u00a0o\u00a0<strong>solicitar presupuesto<\/strong>\u00a0\u00a1hoy!<\/p>","protected":false},"excerpt":{"rendered":"<p>Art\u00edculo\uff1aH01N2-D<\/p>\n<div>\n<p class=\"lableName\">Certificaci\u00f3n del producto: VDE<\/p>\n<\/div>\n<div>\n<p class=\"lableName\"><strong>Par\u00e1metros b\u00e1sicos\uff1a<\/strong><\/p>\n<\/div>\n<div>\n<ul>\n<li class=\"lableName\">Tensi\u00f3n nominal 100\/100V<\/li>\n<li class=\"lableName\">Temperatura de trabajo: 60\u2103<\/li>\n<li class=\"lableName\">Norma ejecutiva: VDE 0282-6<\/li>\n<\/ul>\n<\/div>\n<div><\/div>\n<div><\/div>\n<div>\n<p class=\"lableName\"><strong>Estructura del conductor<\/strong>\uff1a<\/p>\n<\/div>\n<div>\n<ul>\n<li class=\"lableName\"><span class=\"lableName\">Material del conductor\uff1a<\/span> Cobre desnudo trenzado<\/li>\n<li class=\"lableName\">Material de la cubierta\uff1a CPE<\/li>\n<\/ul>\n<\/div>\n<div>\n<p><strong>Aplicaciones del cable de soldadura H01N2-D:<\/strong><\/p>\n<p>Estos cables est\u00e1n dise\u00f1ados para conectar el generador de soldadura al electrodo manual y a la pieza de trabajo, por lo que son esenciales para diversas operaciones de soldadura. Se utilizan ampliamente en:<\/p>\n<ul>\n<li>Industria del autom\u00f3vil: Para tareas de soldadura y fabricaci\u00f3n.<\/li>\n<li>Construcci\u00f3n naval: Adecuado para entornos marinos exigentes.<\/li>\n<li>Sistemas de transporte y cintas transportadoras: Ideales para trabajos de mantenimiento y montaje.<\/li>\n<li>Fabricaci\u00f3n de herramientas y maquinaria: Utilizadas en procesos de fabricaci\u00f3n y reparaci\u00f3n.<\/li>\n<li>Robots de soldadura: Garantiza un rendimiento fiable en sistemas de soldadura automatizados.<\/li>\n<\/ul>\n<\/div>","protected":false},"featured_media":1759,"template":"","meta":[],"product_brand":[],"product_cat":[39],"product_tag":[],"class_list":{"0":"post-1756","1":"product","2":"type-product","3":"status-publish","4":"has-post-thumbnail","6":"product_cat-welding-cable","8":"first","9":"instock","10":"shipping-taxable","11":"product-type-simple"},"_links":{"self":[{"href":"https:\/\/rifengcable.com\/es\/wp-json\/wp\/v2\/product\/1756","targetHints":{"allow":["GET"]}}],"collection":[{"href":"https:\/\/rifengcable.com\/es\/wp-json\/wp\/v2\/product"}],"about":[{"href":"https:\/\/rifengcable.com\/es\/wp-json\/wp\/v2\/types\/product"}],"wp:featuredmedia":[{"embeddable":true,"href":"https:\/\/rifengcable.com\/es\/wp-json\/wp\/v2\/media\/1759"}],"wp:attachment":[{"href":"https:\/\/rifengcable.com\/es\/wp-json\/wp\/v2\/media?parent=1756"}],"wp:term":[{"taxonomy":"product_brand","embeddable":true,"href":"https:\/\/rifengcable.com\/es\/wp-json\/wp\/v2\/product_brand?post=1756"},{"taxonomy":"product_cat","embeddable":true,"href":"https:\/\/rifengcable.com\/es\/wp-json\/wp\/v2\/product_cat?post=1756"},{"taxonomy":"product_tag","embeddable":true,"href":"https:\/\/rifengcable.com\/es\/wp-json\/wp\/v2\/product_tag?post=1756"}],"curies":[{"name":"wp","href":"https:\/\/api.w.org\/{rel}","templated":true}]}}