{"id":1746,"date":"2025-03-03T02:08:58","date_gmt":"2025-03-03T02:08:58","guid":{"rendered":"https:\/\/rifengcable.com\/?post_type=product&#038;p=1746"},"modified":"2025-06-05T07:11:21","modified_gmt":"2025-06-05T07:11:21","slug":"6-wire-electrical-cable-318trs","status":"publish","type":"product","link":"https:\/\/rifengcable.com\/es\/manufacturer\/6-wire-electrical-cable-318trs\/","title":{"rendered":"Cable el\u00e9ctrico de 3 hilos 318TRS"},"content":{"rendered":"<h1 id=\"-6-wire-electrical-cable-318trs-tough-flexible-power-cable-\"><strong>Cable el\u00e9ctrico de 3 hilos 318TRS - Cable de alimentaci\u00f3n resistente y flexible<\/strong><\/h1>\n<hr \/>\n<h2 id=\"-why-choose-this-cable-\"><strong>\u00bfPor qu\u00e9 elegir este cable?<\/strong><\/h2>\n<p>\u2705\u00a0<strong>Cubierta de goma resistente<\/strong>\u00a0- Dura mucho en lugares dif\u00edciles. \u2705\u00a0<strong>Funciona en fr\u00edo y en caliente<\/strong>\u00a0(-25\u00b0C a +60\u00b0C). \u2705\u00a0<strong>Seguro para m\u00e1quinas, herramientas y cocinas<\/strong>. \u2705\u00a0<strong>Se ajusta a las normas brit\u00e1nicas y de la UE (BS 6500, H05RR-F)<\/strong>. \u2705\u00a0<strong>F\u00e1cil de doblar, no se rompe<\/strong>.<\/p>\n<hr \/>\n<h2 id=\"-what-is-this-cable-used-for-\"><strong>\u00bfPara qu\u00e9 se utiliza este cable?<\/strong><\/h2>\n<p>Este\u00a0<strong>Cable el\u00e9ctrico de 3 hilos 318TRS<\/strong>\u00a0es perfecto para:<\/p>\n<p>\ud83d\udd0c\u00a0<strong>M\u00e1quinas peque\u00f1as<\/strong>\u00a0- Taladros, planchas y herramientas de soldadura. \ud83c\udf73\u00a0<strong>Utensilios de cocina<\/strong>\u00a0- Tostadoras, hornillos, batidoras. \ud83c\udfe2\u00a0<strong>Material de oficina<\/strong>\u00a0- Impresoras, calentadores. \ud83d\udecb\ufe0f\u00a0<strong>Cables ocultos<\/strong>\u00a0- En el interior de muebles o paredes.<\/p>\n<hr \/>\n<h2 id=\"-key-features-\"><strong>Caracter\u00edsticas principales<\/strong><\/h2>\n<h3 id=\"-1-high-safety-standards-\"><strong>1. Altos niveles de seguridad<\/strong><\/h3>\n<p>\u2705\u00a0<strong>BS 6500 Y BS EN 50525-2-21<\/strong>\u00a0- Sigue unas normas estrictas. \u2705\u00a0<strong>H05RR-F<\/strong>\u00a0- Funciona como los cables de alimentaci\u00f3n de la UE. \u2705\u00a0<strong>Se mantiene seguro en lugares h\u00famedos o secos<\/strong>.<\/p>\n<h3 id=\"-2-tough-rubber-cover-trs-\"><strong>2. Cubierta de goma resistente (TRS)<\/strong><\/h3>\n<p>\u2714\u00a0<strong>Sin l\u00e1grimas<\/strong>\u00a0- Bueno para uso rudo. \u2714\u00a0<strong>Seguro cerca del agua<\/strong>\u00a0- Funciona en lugares h\u00famedos. \u2714\u00a0<strong>F\u00e1cil de mover<\/strong>\u00a0- Se dobla sin romperse.<\/p>\n<h3 id=\"-3-strong-copper-wires-\"><strong>3. Alambres de cobre resistentes<\/strong><\/h3>\n<p>\ud83d\udd17\u00a0<strong>6 cables en el interior<\/strong>\u00a0- Bueno para m\u00e1quinas grandes. \u26a1\u00a0<strong>Potencia de 300\/500 V<\/strong>\u00a0- Maneja herramientas y calentadores. \ud83d\udd04\u00a0<strong>24 hebras diminutas (0,20 mm cada una)<\/strong>\u00a0- Se mantiene flexible.<\/p>\n<hr \/>\n<h2 id=\"-full-product-details-\"><strong>Detalles completos del producto<\/strong><\/h2>\n<table style=\"height: 228px;\" width=\"459\">\n<thead>\n<tr>\n<th><strong>Caracter\u00edstica<\/strong><\/th>\n<th><strong>Detalles<\/strong><\/th>\n<\/tr>\n<\/thead>\n<tbody>\n<tr>\n<td><strong>Nombre<\/strong><\/td>\n<td>Cable 318TRS de 3 hilos<\/td>\n<\/tr>\n<tr>\n<td><strong>Material<\/strong><\/td>\n<td>Caucho + Cobre<\/td>\n<\/tr>\n<tr>\n<td><strong>Potencia (tensi\u00f3n)<\/strong><\/td>\n<td>300\/500V<\/td>\n<\/tr>\n<tr>\n<td><strong>Talla<\/strong><\/td>\n<td>Normalmente 0,75 mm\u00b2 (6 hilos)<\/td>\n<\/tr>\n<tr>\n<td><strong>Obras en<\/strong><\/td>\n<td>-25\u00b0C a +60\u00b0C<\/td>\n<\/tr>\n<tr>\n<td><strong>Uso Para<\/strong><\/td>\n<td>Herramientas, cocinas, oficinas<\/td>\n<\/tr>\n<tr>\n<td><strong>Etiquetas de seguridad<\/strong><\/td>\n<td>BS 6500, H05RR-F<\/td>\n<\/tr>\n<\/tbody>\n<\/table>\n<p>&nbsp;<\/p>\n<hr \/>\n<h2 id=\"-where-to-use-this-cable-\"><strong>\u00bfD\u00f3nde utilizar este cable?<\/strong><\/h2>\n<h3 id=\"-1-at-home-\"><strong>1. En casa<\/strong><\/h3>\n<ul>\n<li>\ud83d\udd25\u00a0<strong>Tostadoras, hornos, planchas<\/strong><\/li>\n<li>\ud83d\udee0\ufe0f\u00a0<strong>Herramientas de bricolaje<\/strong><\/li>\n<\/ul>\n<h3 id=\"-2-in-workshops-\"><strong>2. En Talleres<\/strong><\/h3>\n<ul>\n<li>\u26a1\u00a0<strong>Pistolas de soldar, taladros<\/strong><\/li>\n<li>\ud83d\udca1\u00a0<strong>Luces, m\u00e1quinas<\/strong><\/li>\n<\/ul>\n<h3 id=\"-3-offices-stores-\"><strong>3. Oficinas y almacenes<\/strong><\/h3>\n<ul>\n<li>\ud83d\udda8\ufe0f\u00a0<strong>Impresoras, ordenadores<\/strong><\/li>\n<li>\u2744\ufe0f\u00a0<strong>Frigor\u00edficos peque\u00f1os<\/strong><\/li>\n<\/ul>\n<hr \/>\n<h2 id=\"-why-trust-this-cable-\"><strong>\u00bfPor qu\u00e9 confiar en este cable?<\/strong><\/h2>\n<ul>\n<li>\u2714\u00a0<strong>Seguridad probada<\/strong>\u00a0(sin incendios ni choques).<\/li>\n<li>\u2714\u00a0<strong>Dura a\u00f1os<\/strong>\u00a0- El caucho no se agrieta.<\/li>\n<li>\u2714\u00a0<strong>Sin p\u00e9rdida de potencia<\/strong>\u00a0- Los cables de cobre funcionan muy bien.<\/li>\n<\/ul>\n<hr \/>\n<h2 id=\"-order-now-\"><strong>Haz tu pedido<\/strong><\/h2>\n<p>Consigue tu\u00a0<strong>318TRS Cable de 3 hilos<\/strong>\u00a0hoy para: \ud83d\udd27\u00a0<strong>Gran potencia de la herramienta<\/strong>\u00a0\ud83c\udfe0\u00a0<strong>Cableado dom\u00e9stico seguro<\/strong>\u00a0\ud83d\uded2\u00a0<em>Env\u00edo r\u00e1pido<\/em><\/p>","protected":false},"excerpt":{"rendered":"<p>Art\u00edculo\uff1a318TRS<\/p>\n<div>\n<p class=\"lableName\">Certificaci\u00f3n del producto: BS<\/p>\n<\/div>\n<div>\n<p class=\"lableName\"><strong>Par\u00e1metros b\u00e1sicos\uff1a<\/strong><\/p>\n<\/div>\n<div>\n<ul>\n<li class=\"lableName\">Tensi\u00f3n nominal 300\/500V<\/li>\n<\/ul>\n<\/div>\n<div>\n<ul>\n<li class=\"lableName\">Temperatura de trabajo: 90\u2103<\/li>\n<\/ul>\n<\/div>\n<div>\n<ul>\n<li class=\"lableName\">Norma ejecutiva: VDE 0282<\/li>\n<\/ul>\n<\/div>\n<div>\n<p class=\"lableName\"><strong>Estructura del conductor\uff1a<\/strong><\/p>\n<\/div>\n<div>\n<ul>\n<li class=\"lableName\"><span class=\"lableName\">Material del conductor\uff1a<\/span>\u00a0Cobre desnudo trenzado<\/li>\n<\/ul>\n<\/div>\n<div>\n<ul>\n<li class=\"lableName\">Material de aislamiento: EPDM<\/li>\n<\/ul>\n<\/div>\n<div>\n<ul>\n<li class=\"lableName\">Material de la cubierta\uff1a CPE<\/li>\n<\/ul>\n<p><strong>Aplicaciones del cable el\u00e9ctrico de 6 hilos 318TRS:<\/strong><\/p>\n<p>Este cable est\u00e1 dise\u00f1ado para un uso vers\u00e1til en una variedad de entornos, incluyendo condiciones secas, h\u00famedas o mojadas, as\u00ed como zonas expuestas a aceite o grasa. Funciona de forma fiable en diversas condiciones meteorol\u00f3gicas y bajo una ligera tensi\u00f3n mec\u00e1nica. Las aplicaciones m\u00e1s comunes son:<\/p>\n<ul>\n<li>Suministro el\u00e9ctrico para peque\u00f1os aparatos en instalaciones industriales y talleres mec\u00e1nicos.<\/li>\n<li>Placas calefactoras y sistemas de iluminaci\u00f3n port\u00e1tiles.<\/li>\n<li>Maquinaria agr\u00edcola y ganadera.<\/li>\n<li>Caravanas y material de camping.<\/li>\n<\/ul>\n<p>Su construcci\u00f3n duradera la hace adecuada tanto para uso en interiores como en exteriores, garantizando un rendimiento constante en condiciones dif\u00edciles.<\/p>\n<\/div>","protected":false},"featured_media":2360,"template":"","meta":[],"product_brand":[],"product_cat":[38],"product_tag":[],"class_list":{"0":"post-1746","1":"product","2":"type-product","3":"status-publish","4":"has-post-thumbnail","6":"product_cat-rubber-cable","8":"first","9":"instock","10":"shipping-taxable","11":"product-type-simple"},"_links":{"self":[{"href":"https:\/\/rifengcable.com\/es\/wp-json\/wp\/v2\/product\/1746","targetHints":{"allow":["GET"]}}],"collection":[{"href":"https:\/\/rifengcable.com\/es\/wp-json\/wp\/v2\/product"}],"about":[{"href":"https:\/\/rifengcable.com\/es\/wp-json\/wp\/v2\/types\/product"}],"wp:featuredmedia":[{"embeddable":true,"href":"https:\/\/rifengcable.com\/es\/wp-json\/wp\/v2\/media\/2360"}],"wp:attachment":[{"href":"https:\/\/rifengcable.com\/es\/wp-json\/wp\/v2\/media?parent=1746"}],"wp:term":[{"taxonomy":"product_brand","embeddable":true,"href":"https:\/\/rifengcable.com\/es\/wp-json\/wp\/v2\/product_brand?post=1746"},{"taxonomy":"product_cat","embeddable":true,"href":"https:\/\/rifengcable.com\/es\/wp-json\/wp\/v2\/product_cat?post=1746"},{"taxonomy":"product_tag","embeddable":true,"href":"https:\/\/rifengcable.com\/es\/wp-json\/wp\/v2\/product_tag?post=1746"}],"curies":[{"name":"wp","href":"https:\/\/api.w.org\/{rel}","templated":true}]}}