{"id":25,"date":"2023-03-05T10:39:43","date_gmt":"2023-03-05T10:39:43","guid":{"rendered":"https:\/\/rifengcable.com\/?page_id=25"},"modified":"2025-05-20T08:30:49","modified_gmt":"2025-05-20T08:30:49","slug":"about-cable-manufacturer","status":"publish","type":"page","link":"https:\/\/rifengcable.com\/es\/about-cable-manufacturer\/","title":{"rendered":"Perfil de la empresa"},"content":{"rendered":"<div class=\"banner has-hover has-parallax\" id=\"banner-857239057\">\n          <div class=\"banner-inner fill\">\n        <div class=\"banner-bg fill\" data-parallax=\"-3\" data-parallax-container=\".banner\" data-parallax-background>\n            <div class=\"bg fill bg-fill\"><\/div>\n                                    \n                    <\/div>\n\t\t\n        <div class=\"banner-layers container\">\n            <div class=\"fill banner-link\"><\/div>            \n   <div id=\"text-box-1181390967\" class=\"text-box banner-layer x50 md-x50 lg-x50 y50 md-y50 lg-y50 res-text\">\n                     <div data-animate=\"fadeInLeft\">           <div class=\"text-box-content text dark\">\n              \n              <div class=\"text-inner text-center\">\n                  \n<h1><span style=\"font-size: 100%;\">Fabricante de cables de goma<\/span><\/h1>\n              <\/div>\n           <\/div>\n       <\/div>                     \n<style>\n#text-box-1181390967 {\n  width: 80%;\n}\n#text-box-1181390967 .text-box-content {\n  font-size: 100%;\n}\n@media (min-width:550px) {\n  #text-box-1181390967 {\n    width: 69%;\n  }\n}\n<\/style>\n    <\/div>\n \n        <\/div>\n      <\/div>\n\n            \n<style>\n#banner-857239057 {\n  padding-top: 162px;\n  background-color: rgba(0, 0, 0, 0.384);\n}\n#banner-857239057 .bg.bg-loaded {\n  background-image: 8950;\n}\n#banner-857239057 .overlay {\n  background-color: rgba(0, 0, 0, 0.3);\n}\n#banner-857239057 .bg {\n  background-position: 35% 23%;\n}\n<\/style>\n  <\/div>\n\n\n\t<section class=\"section\" id=\"section_884522991\">\n\t\t<div class=\"bg section-bg fill bg-fill  bg-loaded\" >\n\n\t\t\t\n\t\t\t\n\t\t\t\n\n\t\t<\/div>\n\n\t\t\n\n\t\t<div class=\"section-content relative\">\n\t\t\t\n<div class=\"row\"  id=\"row-264181170\">\n\n\t<div id=\"col-653626663\" class=\"col small-12 large-12\"  >\n\t\t\t\t<div class=\"col-inner\"  >\n\t\t\t\n\t\t\t\n<div class=\"row\"  id=\"row-1826660127\">\n\n\t<div id=\"col-409525245\" class=\"col small-12 large-12\"  >\n\t\t\t\t<div class=\"col-inner\"  >\n\t\t\t\n\t\t\t\n<div class=\"row\"  id=\"row-2010096887\">\n\n\t<div id=\"col-950291964\" class=\"col small-12 large-12\"  >\n\t\t\t\t<div class=\"col-inner\"  >\n\t\t\t\n\t\t\t\n\t<div id=\"text-3451771080\" class=\"text\">\n\t\t\n<h2 style=\"text-align: left;\">Acerca de Guangdong Rifeng Cable Manufacturer<\/h2>\n\t\t\n<style>\n#text-3451771080 {\n  text-align: left;\n}\n<\/style>\n\t<\/div>\n\t\n\t\t<\/div>\n\t\t\t\t\t<\/div>\n\n\t\n<\/div>\n<div class=\"row\"  id=\"row-1317035428\">\n\n\t<div id=\"col-1094040684\" class=\"col medium-6 small-12 large-6\"  >\n\t\t\t\t<div class=\"col-inner\"  >\n\t\t\t\n\t\t\t\n<p>Guangdong Rifeng Cable Co., Ltd., fundada en 1986 y con sede en la ciudad de Zhongshan, provincia de Guangdong, es una empresa l\u00edder en la fabricaci\u00f3n de cables de caucho y cables, especializada en la investigaci\u00f3n, dise\u00f1o, producci\u00f3n y venta de \"cables para equipos\". En la actualidad, la empresa cuenta con seis grandes bases de producci\u00f3n que ocupan m\u00e1s de 400.000 metros cuadrados. Sus productos se utilizan ampliamente en sectores como las nuevas energ\u00edas (e\u00f3lica\/fotovoltaica), veh\u00edculos el\u00e9ctricos (pistolas de sobrealimentaci\u00f3n refrigeradas por l\u00edquido\/mazos de cables de alta tensi\u00f3n para veh\u00edculos), almacenamiento de energ\u00eda (conexiones\/formaci\u00f3n y capacidad de bater\u00edas de litio), equipos de alta gama (m\u00e1quinas de blindaje\/puentes de embarque de aeronaves), maquinaria de construcci\u00f3n (gr\u00faas torre\/elevadores), equipos de elevaci\u00f3n (maquinaria portuaria), equipos de miner\u00eda, equipos marinos, equipos de soldadura, dispositivos de comunicaci\u00f3n (estaciones base 5G), electrodom\u00e9sticos (aires acondicionados), fuentes de alimentaci\u00f3n y herramientas el\u00e9ctricas. La empresa tiene unos ingresos anuales por ventas de $580 millones, con una red de ventas que abarca m\u00e1s de 30 pa\u00edses y regiones de todo el mundo.<\/p>\n\t\t<\/div>\n\t\t\t\t\t<\/div>\n\n\t\n\n\t<div id=\"col-1599637670\" class=\"col medium-6 small-12 large-6\"  >\n\t\t\t\t<div class=\"col-inner\"  >\n\t\t\t\n\t\t\t\n<div class=\"video video-fit mb\" style=\"padding-top:56.25%;\"><div style=\"width: 640px;\" class=\"wp-video\"><!--[if lt IE 9]><script>document.createElement('video');<\/script><![endif]-->\n<video class=\"wp-video-shortcode\" id=\"video-25-1\" width=\"640\" height=\"360\" preload=\"metadata\" controls=\"controls\"><source type=\"video\/mp4\" src=\"http:\/\/rifengcable.com\/wp-content\/uploads\/2025\/05\/compressO-MyVideo_1.mp4?_=1\" \/><a href=\"http:\/\/rifengcable.com\/wp-content\/uploads\/2025\/05\/compressO-MyVideo_1.mp4\">http:\/\/rifengcable.com\/wp-content\/uploads\/2025\/05\/compressO-MyVideo_1.mp4<\/a><\/video><\/div>\n<\/div>\n\t\t<\/div>\n\t\t\t\t\n<style>\n#col-1599637670 > .col-inner {\n  padding: 0px 0px 0px 0px;\n  margin: -330px 0px 0px 0px;\n}\n<\/style>\n\t<\/div>\n\n\t\n<\/div>\n\t\t<\/div>\n\t\t\t\t\t<\/div>\n\n\t\n<\/div>\n\t\t<\/div>\n\t\t\t\t\t<\/div>\n\n\t\n<\/div>\n\t\t<\/div>\n\n\t\t\n<style>\n#section_884522991 {\n  padding-top: 30px;\n  padding-bottom: 30px;\n}\n<\/style>\n\t<\/section>\n\t\n\t<section class=\"section\" id=\"section_1141918833\">\n\t\t<div class=\"bg section-bg fill bg-fill  bg-loaded\" >\n\n\t\t\t\n\t\t\t\n\t\t\t\n\n\t\t<\/div>\n\n\t\t\n\n\t\t<div class=\"section-content relative\">\n\t\t\t\n<div class=\"row\"  id=\"row-311262597\">\n\n\t<div id=\"col-201954599\" class=\"col medium-6 small-12 large-6\"  >\n\t\t\t\t<div class=\"col-inner\"  >\n\t\t\t\n\t\t\t\n<div class=\"slider-wrapper relative\" id=\"slider-1589880910\" >\n    <div class=\"slider slider-nav-circle slider-nav-large slider-nav-light slider-style-normal\"\n        data-flickity-options='{            \"cellAlign\": \"center\",            \"imagesLoaded\": true,            \"lazyLoad\": 1,            \"freeScroll\": false,            \"wrapAround\": true,            \"autoPlay\": 6000,            \"pauseAutoPlayOnHover\" : true,            \"prevNextButtons\": true,            \"contain\" : true,            \"adaptiveHeight\" : true,            \"dragThreshold\" : 10,            \"percentPosition\": true,            \"pageDots\": true,            \"rightToLeft\": false,            \"draggable\": true,            \"selectedAttraction\": 0.1,            \"parallax\" : 0,            \"friction\": 0.6        }'\n        >\n        \n\t<div class=\"img has-hover x md-x lg-x y md-y lg-y\" id=\"image_2054675275\">\n\t\t\t\t\t\t\t\t<div class=\"img-inner image-cover dark\" style=\"padding-top:90%;\">\n\t\t\t<img loading=\"lazy\" decoding=\"async\" width=\"800\" height=\"800\" src=\"https:\/\/rifengcable.com\/wp-content\/uploads\/2025\/03\/20-1.jpg\" class=\"attachment-original size-original\" alt=\"Capacidad de producci\u00f3n\" srcset=\"https:\/\/rifengcable.com\/wp-content\/uploads\/2025\/03\/20-1.jpg 800w, https:\/\/rifengcable.com\/wp-content\/uploads\/2025\/03\/20-1-300x300.jpg 300w, https:\/\/rifengcable.com\/wp-content\/uploads\/2025\/03\/20-1-150x150.jpg 150w, https:\/\/rifengcable.com\/wp-content\/uploads\/2025\/03\/20-1-768x768.jpg 768w, https:\/\/rifengcable.com\/wp-content\/uploads\/2025\/03\/20-1-12x12.jpg 12w, https:\/\/rifengcable.com\/wp-content\/uploads\/2025\/03\/20-1-600x600.jpg 600w, https:\/\/rifengcable.com\/wp-content\/uploads\/2025\/03\/20-1-100x100.jpg 100w\" sizes=\"auto, (max-width: 800px) 100vw, 800px\" title=\"\">\t\t\t\t\t\t\n\t\t\t\t\t<\/div>\n\t\t\t\t\t\t\t\t\n<style>\n#image_2054675275 {\n  width: 100%;\n}\n<\/style>\n\t<\/div>\n\t\n\t<div class=\"img has-hover x md-x lg-x y md-y lg-y\" id=\"image_2007694885\">\n\t\t\t\t\t\t\t\t<div class=\"img-inner image-cover dark\" style=\"padding-top:90%;\">\n\t\t\t<img loading=\"lazy\" decoding=\"async\" width=\"800\" height=\"800\" src=\"https:\/\/rifengcable.com\/wp-content\/uploads\/2025\/03\/14-1.jpg\" class=\"attachment-original size-original\" alt=\"Capacidad de producci\u00f3n\" srcset=\"https:\/\/rifengcable.com\/wp-content\/uploads\/2025\/03\/14-1.jpg 800w, https:\/\/rifengcable.com\/wp-content\/uploads\/2025\/03\/14-1-300x300.jpg 300w, https:\/\/rifengcable.com\/wp-content\/uploads\/2025\/03\/14-1-150x150.jpg 150w, https:\/\/rifengcable.com\/wp-content\/uploads\/2025\/03\/14-1-768x768.jpg 768w, https:\/\/rifengcable.com\/wp-content\/uploads\/2025\/03\/14-1-12x12.jpg 12w, https:\/\/rifengcable.com\/wp-content\/uploads\/2025\/03\/14-1-600x600.jpg 600w, https:\/\/rifengcable.com\/wp-content\/uploads\/2025\/03\/14-1-100x100.jpg 100w\" sizes=\"auto, (max-width: 800px) 100vw, 800px\" title=\"\">\t\t\t\t\t\t\n\t\t\t\t\t<\/div>\n\t\t\t\t\t\t\t\t\n<style>\n#image_2007694885 {\n  width: 100%;\n}\n<\/style>\n\t<\/div>\n\t\n     <\/div>\n\n     <div class=\"loading-spin dark large centered\"><\/div>\n\n\t<\/div>\n\n\n\t\t<\/div>\n\t\t\t\t\t<\/div>\n\n\t\n\n\t<div id=\"col-1883620471\" class=\"col medium-6 small-12 large-6\"  >\n\t\t\t\t<div class=\"col-inner\"  >\n\t\t\t\n\t\t\t\n<h3>Capacidades avanzadas de I+D y producci\u00f3n<\/h3>\n<p>La empresa cuenta con un completo y s\u00f3lido sistema de I+D y producci\u00f3n, con laboratorios avanzados y 79 patentes nacionales solicitadas. Como fabricante de cables de primer nivel, Rifeng opera el mayor y m\u00e1s avanzado centro de refinado de caucho del sector, que incluye seis l\u00edneas de producci\u00f3n de refinado de caucho totalmente automatizadas de \u00faltima generaci\u00f3n, m\u00e1s de 130 l\u00edneas de producci\u00f3n de alambres y cables diversos y cinco l\u00edneas de producci\u00f3n de reticulaci\u00f3n por irradiaci\u00f3n importadas. Con una capacidad de producci\u00f3n anual de m\u00e1s de 20 millones de kil\u00f3metros de diversos alambres y cables acabados, Rifeng consolida su posici\u00f3n como fabricante fiable de cables de caucho.<\/p>\n<h3>Reconocimientos y logros del sector<\/h3>\n<p>La empresa ha sido reconocida constantemente como una de las \"10 empresas m\u00e1s competitivas de la industria del cable de Guangdong\", una de las \"100 empresas m\u00e1s importantes de la industria china del cable\" y una de las \"500 empresas m\u00e1s importantes de la provincia de Guangdong\". Tambi\u00e9n ha recibido honores como el \"Premio de Oro a la Patente de Invenci\u00f3n de la Ciudad de Zhongshan\" y el \"Premio al Progreso Cient\u00edfico y Tecnol\u00f3gico de la Ciudad de Zhongshan\". Estos galardones ponen de relieve el liderazgo de Rifeng como principal fabricante de cables de caucho y fabricante de cables en el sector nacional de cables revestidos de caucho.<\/p>\n\t\t<\/div>\n\t\t\t\t\t<\/div>\n\n\t\n<\/div>\n\t\t<\/div>\n\n\t\t\n<style>\n#section_1141918833 {\n  padding-top: 30px;\n  padding-bottom: 30px;\n  background-color: #ececec;\n}\n<\/style>\n\t<\/section>\n\t\n\t<section class=\"section\" id=\"section_1954377379\">\n\t\t<div class=\"bg section-bg fill bg-fill  bg-loaded\" >\n\n\t\t\t\n\t\t\t\n\t\t\t\n\n\t\t<\/div>\n\n\t\t\n\n\t\t<div class=\"section-content relative\">\n\t\t\t\n<div class=\"row\"  id=\"row-1047514515\">\n\n\t<div id=\"col-120476944\" class=\"col medium-6 small-12 large-6\"  >\n\t\t\t\t<div class=\"col-inner\"  >\n\t\t\t\n\t\t\t\n<h3>Compromiso con la calidad y la innovaci\u00f3n<\/h3>\n<p>Rifeng se compromete a ofrecer soluciones de cable innovadoras y de alta calidad. Como fabricante de cables de confianza, la empresa cumple estrictas normas de control de calidad e invierte continuamente en tecnolog\u00edas avanzadas para satisfacer las necesidades cambiantes de sus clientes de todo el mundo. Su dedicaci\u00f3n a la excelencia ha convertido a Rifeng en el socio preferido de las industrias que requieren cables con revestimiento de caucho fiables y duraderos.<\/p>\n<h3>Alcance mundial y asociaciones estrat\u00e9gicas<\/h3>\n<p>Con una red de ventas que abarca m\u00e1s de 30 pa\u00edses y regiones, Rifeng se ha consolidado como fabricante mundial de cables de goma. Las asociaciones estrat\u00e9gicas de la empresa con empresas l\u00edderes de diversos sectores ponen de relieve su reputaci\u00f3n como proveedor de soluciones de cables seguras, eficientes y respetuosas con el medio ambiente. La capacidad de Rifeng para satisfacer las diversas necesidades del mercado consolida a\u00fan m\u00e1s su posici\u00f3n como fabricante l\u00edder de cables.<\/p>\n\t\t<\/div>\n\t\t\t\t\t<\/div>\n\n\t\n\n\t<div id=\"col-1402482481\" class=\"col medium-6 small-12 large-6\"  >\n\t\t\t\t<div class=\"col-inner\"  >\n\t\t\t\n\t\t\t\n<div class=\"slider-wrapper relative\" id=\"slider-1057098387\" >\n    <div class=\"slider slider-nav-circle slider-nav-large slider-nav-light slider-style-normal\"\n        data-flickity-options='{            \"cellAlign\": \"center\",            \"imagesLoaded\": true,            \"lazyLoad\": 1,            \"freeScroll\": false,            \"wrapAround\": true,            \"autoPlay\": 6000,            \"pauseAutoPlayOnHover\" : true,            \"prevNextButtons\": true,            \"contain\" : true,            \"adaptiveHeight\" : true,            \"dragThreshold\" : 10,            \"percentPosition\": true,            \"pageDots\": true,            \"rightToLeft\": false,            \"draggable\": true,            \"selectedAttraction\": 0.1,            \"parallax\" : 0,            \"friction\": 0.6        }'\n        >\n        \n\t<div class=\"img has-hover x md-x lg-x y md-y lg-y\" id=\"image_1618693422\">\n\t\t\t\t\t\t\t\t<div class=\"img-inner image-zoom image-zoom image-cover dark\" style=\"padding-top:75%;\">\n\t\t\t<img loading=\"lazy\" decoding=\"async\" width=\"800\" height=\"600\" src=\"https:\/\/rifengcable.com\/wp-content\/uploads\/2025\/03\/1-1.jpg\" class=\"attachment-original size-original\" alt=\"fabricante mundial de cables\" srcset=\"https:\/\/rifengcable.com\/wp-content\/uploads\/2025\/03\/1-1.jpg 800w, https:\/\/rifengcable.com\/wp-content\/uploads\/2025\/03\/1-1-300x225.jpg 300w, https:\/\/rifengcable.com\/wp-content\/uploads\/2025\/03\/1-1-768x576.jpg 768w, https:\/\/rifengcable.com\/wp-content\/uploads\/2025\/03\/1-1-16x12.jpg 16w, https:\/\/rifengcable.com\/wp-content\/uploads\/2025\/03\/1-1-600x450.jpg 600w\" sizes=\"auto, (max-width: 800px) 100vw, 800px\" title=\"\">\t\t\t\t\t\t\n\t\t\t\t\t<\/div>\n\t\t\t\t\t\t\t\t\n<style>\n#image_1618693422 {\n  width: 100%;\n}\n<\/style>\n\t<\/div>\n\t\n\t<div class=\"img has-hover x md-x lg-x y md-y lg-y\" id=\"image_1053475719\">\n\t\t\t\t\t\t\t\t<div class=\"img-inner image-zoom image-zoom image-cover dark\" style=\"padding-top:75%;\">\n\t\t\t<img loading=\"lazy\" decoding=\"async\" width=\"800\" height=\"600\" src=\"https:\/\/rifengcable.com\/wp-content\/uploads\/2025\/03\/3.jpg\" class=\"attachment-original size-original\" alt=\"fabricante mundial de cables\" srcset=\"https:\/\/rifengcable.com\/wp-content\/uploads\/2025\/03\/3.jpg 800w, https:\/\/rifengcable.com\/wp-content\/uploads\/2025\/03\/3-300x225.jpg 300w, https:\/\/rifengcable.com\/wp-content\/uploads\/2025\/03\/3-768x576.jpg 768w, https:\/\/rifengcable.com\/wp-content\/uploads\/2025\/03\/3-16x12.jpg 16w, https:\/\/rifengcable.com\/wp-content\/uploads\/2025\/03\/3-600x450.jpg 600w\" sizes=\"auto, (max-width: 800px) 100vw, 800px\" title=\"\">\t\t\t\t\t\t\n\t\t\t\t\t<\/div>\n\t\t\t\t\t\t\t\t\n<style>\n#image_1053475719 {\n  width: 100%;\n}\n<\/style>\n\t<\/div>\n\t\n\t<div class=\"img has-hover x md-x lg-x y md-y lg-y\" id=\"image_1145194646\">\n\t\t\t\t\t\t\t\t<div class=\"img-inner image-zoom image-zoom image-cover dark\" style=\"padding-top:75%;\">\n\t\t\t<img loading=\"lazy\" decoding=\"async\" width=\"800\" height=\"600\" src=\"https:\/\/rifengcable.com\/wp-content\/uploads\/2025\/03\/2024\u4e1d\u8def\u4e2d\u4e9a\u7535\u529b\u7535\u5de5\u535a\u89c8\u4f1a-2024.8.26-28-\u4e4c\u5179\u522b\u514b\u65af\u5766-\u5854\u4ec0\u5e723.jpg\" class=\"attachment-original size-original\" alt=\"fabricante mundial de cables\" srcset=\"https:\/\/rifengcable.com\/wp-content\/uploads\/2025\/03\/2024\u4e1d\u8def\u4e2d\u4e9a\u7535\u529b\u7535\u5de5\u535a\u89c8\u4f1a-2024.8.26-28-\u4e4c\u5179\u522b\u514b\u65af\u5766-\u5854\u4ec0\u5e723.jpg 800w, https:\/\/rifengcable.com\/wp-content\/uploads\/2025\/03\/2024\u4e1d\u8def\u4e2d\u4e9a\u7535\u529b\u7535\u5de5\u535a\u89c8\u4f1a-2024.8.26-28-\u4e4c\u5179\u522b\u514b\u65af\u5766-\u5854\u4ec0\u5e723-300x225.jpg 300w, https:\/\/rifengcable.com\/wp-content\/uploads\/2025\/03\/2024\u4e1d\u8def\u4e2d\u4e9a\u7535\u529b\u7535\u5de5\u535a\u89c8\u4f1a-2024.8.26-28-\u4e4c\u5179\u522b\u514b\u65af\u5766-\u5854\u4ec0\u5e723-768x576.jpg 768w, https:\/\/rifengcable.com\/wp-content\/uploads\/2025\/03\/2024\u4e1d\u8def\u4e2d\u4e9a\u7535\u529b\u7535\u5de5\u535a\u89c8\u4f1a-2024.8.26-28-\u4e4c\u5179\u522b\u514b\u65af\u5766-\u5854\u4ec0\u5e723-16x12.jpg 16w, https:\/\/rifengcable.com\/wp-content\/uploads\/2025\/03\/2024\u4e1d\u8def\u4e2d\u4e9a\u7535\u529b\u7535\u5de5\u535a\u89c8\u4f1a-2024.8.26-28-\u4e4c\u5179\u522b\u514b\u65af\u5766-\u5854\u4ec0\u5e723-600x450.jpg 600w\" sizes=\"auto, (max-width: 800px) 100vw, 800px\" title=\"\">\t\t\t\t\t\t\n\t\t\t\t\t<\/div>\n\t\t\t\t\t\t\t\t\n<style>\n#image_1145194646 {\n  width: 100%;\n}\n<\/style>\n\t<\/div>\n\t\n\t<div class=\"img has-hover x md-x lg-x y md-y lg-y\" id=\"image_612702616\">\n\t\t\t\t\t\t\t\t<div class=\"img-inner image-zoom image-zoom image-cover dark\" style=\"padding-top:75%;\">\n\t\t\t<img loading=\"lazy\" decoding=\"async\" width=\"800\" height=\"600\" src=\"https:\/\/rifengcable.com\/wp-content\/uploads\/2025\/03\/2024\u4e1d\u8def\u4e2d\u4e9a\u7535\u529b\u7535\u5de5\u535a\u89c8\u4f1a-2024.8.26-28-\u4e4c\u5179\u522b\u514b\u65af\u5766-\u5854\u4ec0\u5e724.jpg\" class=\"attachment-original size-original\" alt=\"fabricante mundial de cables\" srcset=\"https:\/\/rifengcable.com\/wp-content\/uploads\/2025\/03\/2024\u4e1d\u8def\u4e2d\u4e9a\u7535\u529b\u7535\u5de5\u535a\u89c8\u4f1a-2024.8.26-28-\u4e4c\u5179\u522b\u514b\u65af\u5766-\u5854\u4ec0\u5e724.jpg 800w, https:\/\/rifengcable.com\/wp-content\/uploads\/2025\/03\/2024\u4e1d\u8def\u4e2d\u4e9a\u7535\u529b\u7535\u5de5\u535a\u89c8\u4f1a-2024.8.26-28-\u4e4c\u5179\u522b\u514b\u65af\u5766-\u5854\u4ec0\u5e724-300x225.jpg 300w, https:\/\/rifengcable.com\/wp-content\/uploads\/2025\/03\/2024\u4e1d\u8def\u4e2d\u4e9a\u7535\u529b\u7535\u5de5\u535a\u89c8\u4f1a-2024.8.26-28-\u4e4c\u5179\u522b\u514b\u65af\u5766-\u5854\u4ec0\u5e724-768x576.jpg 768w, https:\/\/rifengcable.com\/wp-content\/uploads\/2025\/03\/2024\u4e1d\u8def\u4e2d\u4e9a\u7535\u529b\u7535\u5de5\u535a\u89c8\u4f1a-2024.8.26-28-\u4e4c\u5179\u522b\u514b\u65af\u5766-\u5854\u4ec0\u5e724-16x12.jpg 16w, https:\/\/rifengcable.com\/wp-content\/uploads\/2025\/03\/2024\u4e1d\u8def\u4e2d\u4e9a\u7535\u529b\u7535\u5de5\u535a\u89c8\u4f1a-2024.8.26-28-\u4e4c\u5179\u522b\u514b\u65af\u5766-\u5854\u4ec0\u5e724-600x450.jpg 600w\" sizes=\"auto, (max-width: 800px) 100vw, 800px\" title=\"\">\t\t\t\t\t\t\n\t\t\t\t\t<\/div>\n\t\t\t\t\t\t\t\t\n<style>\n#image_612702616 {\n  width: 100%;\n}\n<\/style>\n\t<\/div>\n\t\n     <\/div>\n\n     <div class=\"loading-spin dark large centered\"><\/div>\n\n\t<\/div>\n\n\n\t\t<\/div>\n\t\t\t\t\t<\/div>\n\n\t\n<\/div>\n\t\t<\/div>\n\n\t\t\n<style>\n#section_1954377379 {\n  padding-top: 30px;\n  padding-bottom: 30px;\n}\n<\/style>\n\t<\/section>\n\t\n\t<section class=\"section\" id=\"section_204554353\">\n\t\t<div class=\"bg section-bg fill bg-fill  bg-loaded\" >\n\n\t\t\t\n\t\t\t\n\t\t\t\n\n\t\t<\/div>\n\n\t\t\n\n\t\t<div class=\"section-content relative\">\n\t\t\t\n<div class=\"row\"  id=\"row-456967464\">\n\n\t<div id=\"col-4474595\" class=\"col small-12 large-12\"  >\n\t\t\t\t<div class=\"col-inner\"  >\n\t\t\t\n\t\t\t\n<h2 style=\"text-align: center;\">P\u00f3ngase en contacto con nosotros<\/h2>\n\t\t<\/div>\n\t\t\t\t\t<\/div>\n\n\t\n<\/div>\n<div class=\"row\"  id=\"row-572382526\">\n\n\t<div id=\"col-1096978197\" class=\"col small-12 large-12\"  >\n\t\t\t\t<div class=\"col-inner\"  >\n\t\t\t\n\t\t\t\n\n<div class=\"wpcf7 no-js\" id=\"wpcf7-f280-o1\" lang=\"en-US\" dir=\"ltr\" data-wpcf7-id=\"280\">\n<div class=\"screen-reader-response\"><p role=\"status\" aria-live=\"polite\" aria-atomic=\"true\"><\/p> <ul><\/ul><\/div>\n<form action=\"\/es\/wp-json\/wp\/v2\/pages\/25#wpcf7-f280-o1\" method=\"post\" class=\"wpcf7-form init\" aria-label=\"Formulario de contacto\" novalidate=\"novalidate\" data-status=\"init\" data-trp-original-action=\"\/es\/wp-json\/wp\/v2\/pages\/25#wpcf7-f280-o1\">\n<fieldset class=\"hidden-fields-container\"><input type=\"hidden\" name=\"_wpcf7\" value=\"280\" \/><input type=\"hidden\" name=\"_wpcf7_version\" value=\"6.1.1\" \/><input type=\"hidden\" name=\"_wpcf7_locale\" value=\"en_US\" \/><input type=\"hidden\" name=\"_wpcf7_unit_tag\" value=\"wpcf7-f280-o1\" \/><input type=\"hidden\" name=\"_wpcf7_container_post\" value=\"0\" \/><input type=\"hidden\" name=\"_wpcf7_posted_data_hash\" value=\"\" \/>\n<\/fieldset>\n<div class='custom_contact_style'>\n\t<div class=\"row row-small\">\n\t\t<div class=\"col medium-6 small-12 large-6\">\n\t\t\t<div class=\"col-inner\">\n\t\t\t\t<p><span class=\"wpcf7-form-control-wrap\" data-name=\"your-name\"><input size=\"40\" maxlength=\"400\" class=\"wpcf7-form-control wpcf7-text wpcf7-validates-as-required\" aria-required=\"true\" aria-invalid=\"false\" placeholder=\"Nombre\" value=\"\" type=\"text\" name=\"your-name\" \/><\/span>\n\t\t\t\t<\/p>\n\t\t\t<\/div>\n\t\t<\/div>\n\t\t<div class=\"col medium-6 small-12 large-6\">\n\t\t\t<div class=\"col-inner\">\n\t\t\t\t<p><span class=\"wpcf7-form-control-wrap\" data-name=\"your-email\"><input size=\"40\" maxlength=\"400\" class=\"wpcf7-form-control wpcf7-email wpcf7-validates-as-required wpcf7-text wpcf7-validates-as-email\" aria-required=\"true\" aria-invalid=\"false\" placeholder=\"Correo electr\u00f3nico\" value=\"\" type=\"email\" name=\"your-email\" \/><\/span>\n\t\t\t\t<\/p>\n\t\t\t<\/div>\n\t\t<\/div>\n\t<\/div>\n\t<div class='cus_contact_form_bottom'>\n\t\t<p><span class=\"wpcf7-form-control-wrap\" data-name=\"your-phone\"><input size=\"40\" maxlength=\"400\" class=\"wpcf7-form-control wpcf7-text\" aria-invalid=\"false\" placeholder=\"Tel\u00e9fono\" value=\"\" type=\"text\" name=\"your-phone\" \/><\/span>\n\t\t<\/p>\n\t<\/div>\n\t<div class='cus_contact_form_bottom'>\n\t\t<p><span class=\"wpcf7-form-control-wrap\" data-name=\"your-country\"><input size=\"40\" maxlength=\"400\" class=\"wpcf7-form-control wpcf7-text\" aria-invalid=\"false\" placeholder=\"Pa\u00eds\" value=\"\" type=\"text\" name=\"your-country\" \/><\/span>\n\t\t<\/p>\n\t<\/div>\n\t<p><span class=\"wpcf7-form-control-wrap\" data-name=\"your-message\"><textarea cols=\"40\" rows=\"10\" maxlength=\"2000\" class=\"wpcf7-form-control wpcf7-textarea wpcf7-validates-as-required\" aria-required=\"true\" aria-invalid=\"false\" placeholder=\"Tu mensaje *\" name=\"your-message\"><\/textarea><\/span>\n\t<\/p>\n\t<div style=\"margin-bottom:10px;\">\n\t\t<p><span class=\"wpcf7-form-control-wrap kc_captcha cf7ic-toggle\" data-name=\"kc_captcha\"><span class=\"wpcf7-form-control wpcf7-radio\"><span class=\"captcha-image\" style=\"display: none;\"><span class=\"cf7ic_instructions\">Por favor, demuestre que es humano seleccionando la casilla<span> bandera<\/span>.<\/span><label><input aria-label=\"1\" type=\"radio\" name=\"kc_captcha\" value=\"kc_human\" \/><svg aria-hidden=\"true\" role=\"img\" xmlns=\"http:\/\/www.w3.org\/2000\/svg\" viewbox=\"0 0 512 512\"><path fill=\"currentColor\" d=\"M350 99c-54 0-98-35-166-35-25 0-47 4-68 12a56 56 0 004-24C118 24 95 1 66 0a56 56 0 00-34 102v386c0 13 11 24 24 24h16c13 0 24-11 24-24v-94c28-12 64-23 114-23 54 0 98 35 166 35 48 0 86-16 122-41 9-6 14-15 14-26V96c0-23-24-39-45-29-35 16-77 32-117 32z\"\/><\/svg><\/label><label><input aria-label=\"2\" type=\"radio\" name=\"kc_captcha\" value=\"bot\" \/><svg aria-hidden=\"true\" role=\"img\" xmlns=\"http:\/\/www.w3.org\/2000\/svg\" viewbox=\"0 0 640 512\"><path fill=\"currentColor\" d=\"M624 352h-16V244c0-13-5-25-14-34L494 110c-9-9-21-14-34-14h-44V48c0-26-21-48-48-48H48C22 0 0 22 0 48v320c0 27 22 48 48 48h16a96 96 0 00192 0h128a96 96 0 00192 0h48c9 0 16-7 16-16v-32c0-9-7-16-16-16zM160 464a48 48 0 110-96 48 48 0 010 96zm320 0a48 48 0 110-96 48 48 0 010 96zm80-208H416V144h44l100 100v12z\"\/><\/svg><\/label><label><input aria-label=\"3\" type=\"radio\" name=\"kc_captcha\" value=\"bot\" \/><svg aria-hidden=\"true\" role=\"img\" xmlns=\"http:\/\/www.w3.org\/2000\/svg\" viewbox=\"0 0 384 512\"><path fill=\"currentColor\" d=\"M377 375l-83-87h34c21 0 32-25 17-40l-82-88h33c21 0 32-25 18-40L210 8c-10-11-26-11-36 0L70 120c-14 15-3 40 18 40h33l-82 88c-15 15-4 40 17 40h34L7 375c-15 16-4 41 17 41h120c0 33-11 49-34 68-12 9-5 28 10 28h144c15 0 22-19 10-28-20-16-34-32-34-68h120c21 0 32-25 17-41z\"\/><\/svg><\/label>\r\n    <\/span>\r\n    <span style=\"display:none\">\r\n        <input type=\"text\" name=\"kc_honeypot\">\r\n    <\/span><\/span><\/span>\n\t\t<\/p>\n\t<\/div>\n\t<p><input class=\"wpcf7-form-control wpcf7-submit has-spinner\" type=\"submit\" value=\"Enviar mensaje\" \/>\n\t<\/p>\n<\/div><div class=\"wpcf7-response-output\" aria-hidden=\"true\"><\/div>\n<input type=\"hidden\" name=\"trp-form-language\" value=\"es\"\/><\/form>\n<\/div>\n\n\t\t<\/div>\n\t\t\t\t\t<\/div>\n\n\t\n<\/div>\n\t\t<\/div>\n\n\t\t\n<style>\n#section_204554353 {\n  padding-top: 30px;\n  padding-bottom: 30px;\n  background-color: #ececec;\n}\n<\/style>\n\t<\/section>","protected":false},"excerpt":{"rendered":"","protected":false},"author":3,"featured_media":2004,"parent":0,"menu_order":0,"comment_status":"closed","ping_status":"closed","template":"page-blank.php","meta":{"footnotes":""},"class_list":["post-25","page","type-page","status-publish","has-post-thumbnail","hentry"],"_links":{"self":[{"href":"https:\/\/rifengcable.com\/es\/wp-json\/wp\/v2\/pages\/25","targetHints":{"allow":["GET"]}}],"collection":[{"href":"https:\/\/rifengcable.com\/es\/wp-json\/wp\/v2\/pages"}],"about":[{"href":"https:\/\/rifengcable.com\/es\/wp-json\/wp\/v2\/types\/page"}],"author":[{"embeddable":true,"href":"https:\/\/rifengcable.com\/es\/wp-json\/wp\/v2\/users\/3"}],"replies":[{"embeddable":true,"href":"https:\/\/rifengcable.com\/es\/wp-json\/wp\/v2\/comments?post=25"}],"version-history":[{"count":53,"href":"https:\/\/rifengcable.com\/es\/wp-json\/wp\/v2\/pages\/25\/revisions"}],"predecessor-version":[{"id":2335,"href":"https:\/\/rifengcable.com\/es\/wp-json\/wp\/v2\/pages\/25\/revisions\/2335"}],"wp:featuredmedia":[{"embeddable":true,"href":"https:\/\/rifengcable.com\/es\/wp-json\/wp\/v2\/media\/2004"}],"wp:attachment":[{"href":"https:\/\/rifengcable.com\/es\/wp-json\/wp\/v2\/media?parent=25"}],"curies":[{"name":"wp","href":"https:\/\/api.w.org\/{rel}","templated":true}]}}