{"id":1816,"date":"2025-03-03T09:42:51","date_gmt":"2025-03-03T09:42:51","guid":{"rendered":"https:\/\/rifengcable.com\/?post_type=product&#038;p=1816"},"modified":"2025-04-25T06:55:56","modified_gmt":"2025-04-25T06:55:56","slug":"6-3-electrical-cable","status":"publish","type":"product","link":"https:\/\/rifengcable.com\/de\/manufacturer\/6-3-electrical-cable\/","title":{"rendered":"6\/3 Elektrisches Kabel SPT-2W"},"content":{"rendered":"<h1 id=\"-6-3-spt-2w-electrical-cable-heavy-duty-power-cord-\"><strong>6\/3 SPT-2W Elektrisches Kabel - Hochleistungskabel<\/strong><\/h1>\n<p>Das 6\/3 SPT-2W Elektrokabel ist ein starkes, sicheres und einfach zu verwendendes Kabel f\u00fcr gro\u00dfe Stromanforderungen. Es eignet sich f\u00fcr den Einsatz im Innen- und Au\u00dfenbereich f\u00fcr Beleuchtung, Werkzeuge und mehr.<\/p>\n<hr \/>\n<h2 id=\"-key-features-\"><strong>\ud83d\udd0c Hauptmerkmale<\/strong><\/h2>\n<p>\u2705\u00a0<strong>6 AWG (3 Dr\u00e4hte)<\/strong>\u00a0- Griffe\u00a0<strong>gro\u00dfe Macht<\/strong>\u00a0f\u00fcr schwere Arbeiten<\/p>\n<p>\u2705\u00a0<strong>300V Nennspannung<\/strong>\u00a0- Sicher f\u00fcr\u00a0<strong>Dr\u00e4hte in W\u00e4nden oder im Freien<\/strong><\/p>\n<p>\u2705\u00a0<strong>PVC-Isolierung<\/strong>\u00a0- Aufenthalte\u00a0<strong>weich in der K\u00e4lte<\/strong>,\u00a0<strong>wird nicht rei\u00dfen<\/strong><\/p>\n<p>\u2705\u00a0<strong>55 Ampere Leistung<\/strong>\u00a0- L\u00e4ufe\u00a0<strong>gro\u00dfe Maschinen<\/strong>\u00a0ohne \u00dcberhitzung<\/p>\n<p>\u2705\u00a0<strong>CSA- und UL-gepr\u00fcft<\/strong>\u00a0- Gepr\u00fcft auf\u00a0<strong>Sicherheit<\/strong><\/p>\n<hr \/>\n<h2 id=\"-product-specs-simple-table-\"><strong>\ud83d\udccf Produktspezifikationen<\/strong><\/h2>\n<p>|\u00a0<strong>Gr\u00f6\u00dfe<\/strong>\u00a0| 6 AWG (3 Dr\u00e4hte innen) | |\u00a0<strong>Strom<\/strong>\u00a0| 300V - 55 Ampere | |\u00a0<strong>Jacke<\/strong>\u00a0| SPT-2W (PVC-Kunststoff) | |\u00a0<strong>Farben<\/strong>\u00a0| Schwarz, Wei\u00df, Gelb | |\u00a0<strong>L\u00e4nge<\/strong>\u00a0| 25ft, 50ft, 100ft |<\/p>\n<hr \/>\n<h2 id=\"-where-to-use-this-cable-\"><strong>\ud83d\udd27 Wo wird dieses Kabel verwendet?<\/strong><\/h2>\n<h3 id=\"-1-outdoor-lighting-\"><strong>1. Au\u00dfenbeleuchtung<\/strong><\/h3>\n<ul>\n<li><strong>Lichterketten<\/strong>,\u00a0<strong>Gartenlampen<\/strong>,\u00a0<strong>Terrassensaiten<\/strong><\/li>\n<li><strong>Wasserfest<\/strong>\u00a0- Arbeiten in\u00a0<strong>Regen und Schnee<\/strong>\u00a0\u2744\ufe0f<\/li>\n<\/ul>\n<h3 id=\"-2-big-machines-tools-\"><strong>2. Gro\u00dfe Maschinen und Werkzeuge<\/strong><\/h3>\n<ul>\n<li><strong>Klimager\u00e4te<\/strong>,\u00a0<strong>Stromerzeuger<\/strong>,\u00a0<strong>Werkstattwerkzeuge<\/strong>\u00a0\ud83d\udd27<\/li>\n<li>Griffe\u00a0<strong>55 Ampere<\/strong>\u00a0- Kein Schmelzen, keine Br\u00e4nde<\/li>\n<\/ul>\n<h3 id=\"-3-home-appliances-\"><strong>3. Haushaltsger\u00e4te<\/strong><\/h3>\n<ul>\n<li><strong>Fans<\/strong>,\u00a0<strong>Uhren<\/strong>,\u00a0<strong>Kleinmotoren<\/strong>\u00a0\u23f0<\/li>\n<li><strong>Flexibel<\/strong>\u00a0- Biegt sich leicht hinter M\u00f6bel<\/li>\n<\/ul>\n<h3 id=\"-4-diy-projects-\"><strong>4. DIY-Projekte<\/strong><\/h3>\n<ul>\n<li>Schnitt zu\u00a0<strong>kundenspezifische L\u00e4ngen<\/strong>\u00a0mit Drahtschneider \u2702\ufe0f<\/li>\n<li>Arbeitet mit\u00a0<strong>Vampir-Stecker<\/strong>\u00a0(kein Werkzeug erforderlich!)<\/li>\n<\/ul>\n<hr \/>\n<h2 id=\"-why-buy-this-cable-\"><strong>\ud83d\ude80 Warum dieses Kabel kaufen?<\/strong><\/h2>\n<p>\u2714\u00a0<strong>H\u00e4lt 10+ Jahre<\/strong>\u00a0- Z\u00e4hes PVC, das nicht rei\u00dft \u2714\u00a0<strong>Kein Leistungsverlust<\/strong>\u00a0- dicke 6 AWG-Kupferdr\u00e4hte \u2714\u00a0<strong>Einfach zu installieren<\/strong>\u00a0- Einfach einstecken und loslegen<\/p>\n<hr \/>\n<h2 id=\"-faq-\"><strong>\u2753 FAQ<\/strong><\/h2>\n<p><strong>F: Kann dieses Kabel einen Generator im ganzen Haus betreiben?<\/strong>\u00a0\ud83d\udc49\u00a0<em>Ja! 6 AWG reicht f\u00fcr 55 A - perfekt f\u00fcr die Notstromversorgung.<\/em><\/p>\n<p><strong>F: Ist es sicher f\u00fcr Weihnachtsbeleuchtung im Freien?<\/strong>\u00a0\ud83d\udc49\u00a0<em>Ja! SPT-2W ist wetterfest.<\/em><\/p>\n<p><strong>F: Kann ich es innerhalb von W\u00e4nden betreiben?<\/strong>\u00a0\ud83d\udc49\u00a0<em>Nein - Verwenden Sie NM-B-Kabel f\u00fcr versteckte Dr\u00e4hte.<\/em><\/p>\n<h3 id=\"-trusted-by-\"><strong>\ud83d\udd27 Vertraut von:<\/strong><\/h3>\n<ul>\n<li>Elektriker<\/li>\n<li>Heimwerker<\/li>\n<li>Beleuchtung Profis<\/li>\n<\/ul>","protected":false},"excerpt":{"rendered":"<p>Artikel\uff1aSPT2-W<\/p>\n<div>\n<p class=\"lableName\">Produkt-Zertifizierung: UL<\/p>\n<\/div>\n<div>\n<p class=\"lableName\"><strong>Grundlegende Parameter\uff1a<\/strong><\/p>\n<\/div>\n<div>\n<ul>\n<li class=\"lableName\">Nennspannung: 300V<\/li>\n<li class=\"lableName\">Bemessung der Arbeitstemperatur: <span style=\"color: #555555; font-size: 14.4px;\">105\u2103<\/span><\/li>\n<li class=\"lableName\">Executive Standard:\u00a0<span style=\"color: #555555; font-size: 14.4px;\">UL 62<\/span><\/li>\n<\/ul>\n<\/div>\n<div>\n<p class=\"lableName\"><strong>Struktur des Leiters\uff1a<\/strong><\/p>\n<\/div>\n<div>\n<ul>\n<li class=\"lableName\"><span class=\"lableName\">Leitermaterial\uff1a<\/span> Blanke Kupferlitze<\/li>\n<li class=\"lableName\">Material der Isolierung:\u00a0<span style=\"color: #555555; font-size: 14.4px;\">PVC<\/span><\/li>\n<li class=\"lableName\">Material der Jacke\uff1a\u00a0<span style=\"color: #555555; font-size: 14.4px;\">PVC<\/span><\/li>\n<\/ul>\n<\/div>\n<div>\n<p class=\"lableName\"><strong>Produkt-Eigenschaften\uff1a<\/strong><\/p>\n<ul>\n<li class=\"labelContent\">Das hochisolierende Material der Klasse V0 verhindert Flammen und gew\u00e4hrleistet Sicherheit;<\/li>\n<li class=\"labelContent\">Das brandneue hochisolierende Material wird verwendet, um elektrische Lecks zu verhindern und die Sicherheit zu gew\u00e4hrleisten;<\/li>\n<li class=\"labelContent\">Das brandneue Anti-Aging-Material verl\u00e4ngert die Lebensdauer und erh\u00f6ht die Sicherheit;<\/li>\n<\/ul>\n<\/div>","protected":false},"featured_media":1817,"template":"","meta":[],"product_brand":[],"product_cat":[40],"product_tag":[],"class_list":{"0":"post-1816","1":"product","2":"type-product","3":"status-publish","4":"has-post-thumbnail","6":"product_cat-pvc-cable","8":"first","9":"instock","10":"shipping-taxable","11":"product-type-simple"},"_links":{"self":[{"href":"https:\/\/rifengcable.com\/de\/wp-json\/wp\/v2\/product\/1816","targetHints":{"allow":["GET"]}}],"collection":[{"href":"https:\/\/rifengcable.com\/de\/wp-json\/wp\/v2\/product"}],"about":[{"href":"https:\/\/rifengcable.com\/de\/wp-json\/wp\/v2\/types\/product"}],"wp:featuredmedia":[{"embeddable":true,"href":"https:\/\/rifengcable.com\/de\/wp-json\/wp\/v2\/media\/1817"}],"wp:attachment":[{"href":"https:\/\/rifengcable.com\/de\/wp-json\/wp\/v2\/media?parent=1816"}],"wp:term":[{"taxonomy":"product_brand","embeddable":true,"href":"https:\/\/rifengcable.com\/de\/wp-json\/wp\/v2\/product_brand?post=1816"},{"taxonomy":"product_cat","embeddable":true,"href":"https:\/\/rifengcable.com\/de\/wp-json\/wp\/v2\/product_cat?post=1816"},{"taxonomy":"product_tag","embeddable":true,"href":"https:\/\/rifengcable.com\/de\/wp-json\/wp\/v2\/product_tag?post=1816"}],"curies":[{"name":"wp","href":"https:\/\/api.w.org\/{rel}","templated":true}]}}