{"id":1622,"date":"2025-02-25T02:43:41","date_gmt":"2025-02-25T02:43:41","guid":{"rendered":"https:\/\/rifengcable.com\/?page_id=1622"},"modified":"2025-03-13T02:42:37","modified_gmt":"2025-03-13T02:42:37","slug":"cable-solution","status":"publish","type":"page","link":"https:\/\/rifengcable.com\/de\/cable-solution\/","title":{"rendered":"L\u00f6sung und Anwendung"},"content":{"rendered":"<div class=\"banner has-hover\" id=\"banner-2072229945\">\n          <div class=\"banner-inner fill\">\n        <div class=\"banner-bg fill\" >\n            <div class=\"bg fill bg-fill\"><\/div>\n                                    \n                    <\/div>\n\t\t\n        <div class=\"banner-layers container\">\n            <div class=\"fill banner-link\"><\/div>            \n   <div id=\"text-box-524080791\" class=\"text-box banner-layer x50 md-x50 lg-x50 y50 md-y50 lg-y50 res-text\">\n                                <div class=\"text-box-content text dark\">\n              \n              <div class=\"text-inner text-center\">\n                  \n<h1 style=\"text-align: center;\">L\u00f6sung und Anwendung von Kabeln<\/h1>\n              <\/div>\n           <\/div>\n                            \n<style>\n#text-box-524080791 {\n  width: 88%;\n}\n#text-box-524080791 .text-box-content {\n  font-size: 100%;\n}\n<\/style>\n    <\/div>\n \n        <\/div>\n      <\/div>\n\n            \n<style>\n#banner-2072229945 {\n  padding-top: 173px;\n  background-color: rgba(0, 0, 0, 0.384);\n}\n<\/style>\n  <\/div>\n\n\n\t<section class=\"section\" id=\"section_11987997\">\n\t\t<div class=\"bg section-bg fill bg-fill  bg-loaded\" >\n\n\t\t\t\n\t\t\t\n\t\t\t\n\n\t\t<\/div>\n\n\t\t\n\n\t\t<div class=\"section-content relative\">\n\t\t\t\n<div class=\"row\"  id=\"row-482757393\">\n\n\t<div id=\"col-334181625\" class=\"col small-12 large-12\"  >\n\t\t\t\t<div class=\"col-inner\"  >\n\t\t\t\n\t\t\t\n<h2 style=\"text-align: center;\">Umfassende Kabell\u00f6sungen f\u00fcr jeden Bedarf<\/h2>\n<p>Wir bei Rifeng sind stolz darauf, innovative und zuverl\u00e4ssige Kabell\u00f6sungen zu liefern, die auf die individuellen Bed\u00fcrfnisse unserer Kunden zugeschnitten sind. Ganz gleich, ob Sie Standardkabel oder hochspezialisierte Konstruktionen ben\u00f6tigen, unser Team ist bestrebt, ma\u00dfgeschneiderte, leistungsstarke L\u00f6sungen anzubieten, die optimale Funktionalit\u00e4t und Effizienz gew\u00e4hrleisten. Mit unserer jahrzehntelangen Erfahrung und unserem Engagement f\u00fcr hervorragende Leistungen sind wir Ihr zuverl\u00e4ssiger Partner f\u00fcr alle Ihre Kabelbed\u00fcrfnisse.<\/p>\n<div class=\"row\"  id=\"row-960591180\">\n\n\t<div id=\"col-700225074\" class=\"col medium-6 small-12 large-6\"  >\n\t\t\t\t<div class=\"col-inner\"  >\n\t\t\t\n\t\t\t\n\t<div class=\"img has-hover x md-x lg-x y md-y lg-y\" id=\"image_509425944\">\n\t\t\t\t\t\t\t\t<div class=\"img-inner image-cover dark\" style=\"padding-top:95%;\">\n\t\t\t<img loading=\"lazy\" decoding=\"async\" width=\"800\" height=\"800\" src=\"https:\/\/rifengcable.com\/wp-content\/uploads\/2025\/03\/Rifeng-cable-custom1.jpg\" class=\"attachment-original size-original\" alt=\"Rifeng-Kabel nach Ma\u00df\" srcset=\"https:\/\/rifengcable.com\/wp-content\/uploads\/2025\/03\/Rifeng-cable-custom1.jpg 800w, https:\/\/rifengcable.com\/wp-content\/uploads\/2025\/03\/Rifeng-cable-custom1-300x300.jpg 300w, https:\/\/rifengcable.com\/wp-content\/uploads\/2025\/03\/Rifeng-cable-custom1-150x150.jpg 150w, https:\/\/rifengcable.com\/wp-content\/uploads\/2025\/03\/Rifeng-cable-custom1-768x768.jpg 768w, https:\/\/rifengcable.com\/wp-content\/uploads\/2025\/03\/Rifeng-cable-custom1-12x12.jpg 12w, https:\/\/rifengcable.com\/wp-content\/uploads\/2025\/03\/Rifeng-cable-custom1-600x600.jpg 600w, https:\/\/rifengcable.com\/wp-content\/uploads\/2025\/03\/Rifeng-cable-custom1-100x100.jpg 100w\" sizes=\"auto, (max-width: 800px) 100vw, 800px\" title=\"\">\t\t\t\t\t\t\n\t\t\t\t\t<\/div>\n\t\t\t\t\t\t\t\t\n<style>\n#image_509425944 {\n  width: 100%;\n}\n<\/style>\n\t<\/div>\n\t\n\t\t<\/div>\n\t\t\t\t\t<\/div>\n\n\t\n\n\t<div id=\"col-337276514\" class=\"col medium-6 small-12 large-6\"  >\n\t\t\t\t<div class=\"col-inner\"  >\n\t\t\t\n\t\t\t\n<p><strong>1. Individuelles Design<\/strong><\/p>\n<p>Jedes Projekt ist einzigartig, und so sind auch unsere L\u00f6sungen. Unser kundenspezifischer Kabeldesign-Service stellt sicher, dass jedes Produkt so entwickelt wird, dass es Ihre spezifischen technischen und betrieblichen Anforderungen erf\u00fcllt. Von der Materialauswahl bis zu den Leistungsspezifikationen arbeiten wir eng mit Ihnen zusammen, um Kabel zu entwickeln, die un\u00fcbertroffene Leistung und Zuverl\u00e4ssigkeit bieten.<\/p>\n<p><strong>2. Technisches Fachwissen<\/strong><\/p>\n<p>Mit \u00fcber zwei Jahrzehnten Erfahrung in der Kabelbranche bringt unser Expertenteam unvergleichliches technisches Wissen in jedes Projekt ein. Wir bieten pers\u00f6nliche technische Unterst\u00fctzung, um Sie bei jedem Schritt zu begleiten, von der ersten Beratung bis zur endg\u00fcltigen Umsetzung.<\/p>\n<p><strong>3. Integrierte L\u00f6sungen<\/strong><\/p>\n<p>Wir liefern nicht nur Kabel - wir liefern integrierte L\u00f6sungen, die jeden Aspekt Ihres Projekts abdecken. Vom anf\u00e4nglichen Design und der Erstellung von Prototypen bis hin zur Fertigung, Pr\u00fcfung und Lieferung verwalten wir den gesamten Prozess, um eine nahtlose Ausf\u00fchrung und hervorragende Ergebnisse zu gew\u00e4hrleisten.<\/p>\n\t\t<\/div>\n\t\t\t\t\t<\/div>\n\n\t\n<\/div>\n\t\t<\/div>\n\t\t\t\t\t<\/div>\n\n\t\n<\/div>\n\t\t<\/div>\n\n\t\t\n<style>\n#section_11987997 {\n  padding-top: 30px;\n  padding-bottom: 30px;\n}\n<\/style>\n\t<\/section>\n\t\n\t<section class=\"section\" id=\"section_1783587952\">\n\t\t<div class=\"bg section-bg fill bg-fill  bg-loaded\" >\n\n\t\t\t\n\t\t\t\n\t\t\t\n\n\t\t<\/div>\n\n\t\t\n\n\t\t<div class=\"section-content relative\">\n\t\t\t\n<div class=\"row\"  id=\"row-1667975400\">\n\n\t<div id=\"col-81360730\" class=\"col small-12 large-12\"  >\n\t\t\t\t<div class=\"col-inner\"  >\n\t\t\t\n\t\t\t\n<h2 style=\"text-align: center;\">Vielf\u00e4ltige Kabelanwendungen in verschiedenen Branchen<\/h2>\n<p style=\"text-align: left;\">Kabel sind die Lebensader der modernen Infrastruktur und erm\u00f6glichen Konnektivit\u00e4t, Strom und Kommunikation in zahlreichen Branchen. Wir bei Rifeng bieten leistungsstarke Kabell\u00f6sungen, die die unterschiedlichen Anforderungen verschiedener Branchen erf\u00fcllen. Von Energie und Telekommunikation bis hin zu Transport und erneuerbaren Energien - unsere Kabel sind so konzipiert, dass sie auch in den anspruchsvollsten Umgebungen zuverl\u00e4ssig, effizient und langlebig sind. Entdecken Sie, wie unsere L\u00f6sungen die Welt um uns herum antreiben.<\/p>\n<div class=\"row\"  id=\"row-1097458901\">\n\n\t<div id=\"col-1716689148\" class=\"col medium-6 small-12 large-6\"  >\n\t\t\t\t<div class=\"col-inner\"  >\n\t\t\t\n\t\t\t\n\t<div class=\"img has-hover x md-x lg-x y md-y lg-y\" id=\"image_963282850\">\n\t\t\t\t\t\t\t\t<div class=\"img-inner image-cover dark\" style=\"padding-top:60%;\">\n\t\t\t<img loading=\"lazy\" decoding=\"async\" width=\"800\" height=\"550\" src=\"https:\/\/rifengcable.com\/wp-content\/uploads\/2025\/03\/energy-power1.jpg\" class=\"attachment-original size-original\" alt=\"Energie und Leistung\" srcset=\"https:\/\/rifengcable.com\/wp-content\/uploads\/2025\/03\/energy-power1.jpg 800w, https:\/\/rifengcable.com\/wp-content\/uploads\/2025\/03\/energy-power1-300x206.jpg 300w, https:\/\/rifengcable.com\/wp-content\/uploads\/2025\/03\/energy-power1-768x528.jpg 768w, https:\/\/rifengcable.com\/wp-content\/uploads\/2025\/03\/energy-power1-18x12.jpg 18w, https:\/\/rifengcable.com\/wp-content\/uploads\/2025\/03\/energy-power1-600x413.jpg 600w\" sizes=\"auto, (max-width: 800px) 100vw, 800px\" title=\"\">\t\t\t\t\t\t\n\t\t\t\t\t<\/div>\n\t\t\t\t\t\t\t\t\n<style>\n#image_963282850 {\n  width: 100%;\n}\n<\/style>\n\t<\/div>\n\t\n\t\t<\/div>\n\t\t\t\t\t<\/div>\n\n\t\n\n\t<div id=\"col-755455463\" class=\"col medium-6 small-12 large-6\"  >\n\t\t\t\t<div class=\"col-inner\"  >\n\t\t\t\n\t\t\t\n<h3>1. Energie &amp; Leistung<\/h3>\n<p>Zuverl\u00e4ssige L\u00f6sungen f\u00fcr die Stromversorgung der Welt<br \/>\nUnsere Kabel sind das Herzst\u00fcck der Energieerzeugung, -\u00fcbertragung und -verteilung. Ob Hochspannungsleitungen oder komplizierte Verteilernetze - wir liefern Kabel, die eine effiziente und unterbrechungsfreie Stromversorgung gew\u00e4hrleisten.<\/p>\n<ul>\n<li><strong>Anwendungen<\/strong>:\n<ul>\n<li>Hochspannungskabel.<\/li>\n<li>Erdkabel und Unterwasserkabel.<\/li>\n<li>Verteilungsnetze f\u00fcr st\u00e4dtische und l\u00e4ndliche Gebiete.<\/li>\n<\/ul>\n<\/li>\n<\/ul>\n\t\t<\/div>\n\t\t\t\t\t<\/div>\n\n\t\n<\/div>\n<div class=\"row\"  id=\"row-1534382085\">\n\n\t<div id=\"col-990509716\" class=\"col medium-6 small-12 large-6\"  >\n\t\t\t\t<div class=\"col-inner\"  >\n\t\t\t\n\t\t\t\n<h3>2. Telekommunikation<\/h3>\n<p>Erm\u00f6glichung nahtloser Konnektivit\u00e4t<br \/>\nIn der schnelllebigen Welt der Telekommunikation bilden unsere Kabel das R\u00fcckgrat f\u00fcr Hochgeschwindigkeitsdaten\u00fcbertragung und zuverl\u00e4ssige Kommunikationsnetze. Von Glasfaserkabeln bis hin zu Koaxialkabeln liefern wir L\u00f6sungen, die die Welt verbinden.<\/p>\n<ul>\n<li><strong>Anwendungen<\/strong>:\n<ul>\n<li>Glasfaserkabel f\u00fcr Hochgeschwindigkeitsinternet.<\/li>\n<li>Koaxialkabel f\u00fcr Fernseh- und Breitbandnetze.<\/li>\n<li>Konnektivit\u00e4tsl\u00f6sungen f\u00fcr Rechenzentren.<\/li>\n<\/ul>\n<\/li>\n<\/ul>\n\t\t<\/div>\n\t\t\t\t\t<\/div>\n\n\t\n\n\t<div id=\"col-675973600\" class=\"col medium-6 small-12 large-6\"  >\n\t\t\t\t<div class=\"col-inner\"  >\n\t\t\t\n\t\t\t\n\t<div class=\"img has-hover x md-x lg-x y md-y lg-y\" id=\"image_627206837\">\n\t\t\t\t\t\t\t\t<div class=\"img-inner image-cover dark\" style=\"padding-top:65%;\">\n\t\t\t<img loading=\"lazy\" decoding=\"async\" width=\"800\" height=\"450\" src=\"https:\/\/rifengcable.com\/wp-content\/uploads\/2025\/03\/telecommunication1.jpg\" class=\"attachment-original size-original\" alt=\"Telekommunikation\" srcset=\"https:\/\/rifengcable.com\/wp-content\/uploads\/2025\/03\/telecommunication1.jpg 800w, https:\/\/rifengcable.com\/wp-content\/uploads\/2025\/03\/telecommunication1-300x169.jpg 300w, https:\/\/rifengcable.com\/wp-content\/uploads\/2025\/03\/telecommunication1-768x432.jpg 768w, https:\/\/rifengcable.com\/wp-content\/uploads\/2025\/03\/telecommunication1-18x10.jpg 18w, https:\/\/rifengcable.com\/wp-content\/uploads\/2025\/03\/telecommunication1-600x338.jpg 600w\" sizes=\"auto, (max-width: 800px) 100vw, 800px\" title=\"\">\t\t\t\t\t\t\n\t\t\t\t\t<\/div>\n\t\t\t\t\t\t\t\t\n<style>\n#image_627206837 {\n  width: 100%;\n}\n<\/style>\n\t<\/div>\n\t\n\t\t<\/div>\n\t\t\t\t\t<\/div>\n\n\t\n<\/div>\n\t\t<\/div>\n\t\t\t\t\t<\/div>\n\n\t\n<\/div>\n\t\t<\/div>\n\n\t\t\n<style>\n#section_1783587952 {\n  padding-top: 30px;\n  padding-bottom: 30px;\n  background-color: rgba(0, 0, 0, 0.07);\n}\n<\/style>\n\t<\/section>\n\t\n\t<section class=\"section\" id=\"section_1254450708\">\n\t\t<div class=\"bg section-bg fill bg-fill  bg-loaded\" >\n\n\t\t\t\n\t\t\t\n\t\t\t\n\n\t\t<\/div>\n\n\t\t\n\n\t\t<div class=\"section-content relative\">\n\t\t\t\n<div class=\"row\"  id=\"row-402094213\">\n\n\t<div id=\"col-2112835496\" class=\"col medium-6 small-12 large-6\"  >\n\t\t\t\t<div class=\"col-inner\"  >\n\t\t\t\n\t\t\t\n\t<div class=\"img has-hover x md-x lg-x y md-y lg-y\" id=\"image_538443063\">\n\t\t\t\t\t\t\t\t<div class=\"img-inner image-cover dark\" style=\"padding-top:65%;\">\n\t\t\t<img loading=\"lazy\" decoding=\"async\" width=\"800\" height=\"432\" src=\"https:\/\/rifengcable.com\/wp-content\/uploads\/2025\/03\/Transportation-311.jpg\" class=\"attachment-original size-original\" alt=\"Transport\" srcset=\"https:\/\/rifengcable.com\/wp-content\/uploads\/2025\/03\/Transportation-311.jpg 800w, https:\/\/rifengcable.com\/wp-content\/uploads\/2025\/03\/Transportation-311-300x162.jpg 300w, https:\/\/rifengcable.com\/wp-content\/uploads\/2025\/03\/Transportation-311-768x415.jpg 768w, https:\/\/rifengcable.com\/wp-content\/uploads\/2025\/03\/Transportation-311-18x10.jpg 18w, https:\/\/rifengcable.com\/wp-content\/uploads\/2025\/03\/Transportation-311-600x324.jpg 600w\" sizes=\"auto, (max-width: 800px) 100vw, 800px\" title=\"\">\t\t\t\t\t\t\n\t\t\t\t\t<\/div>\n\t\t\t\t\t\t\t\t\n<style>\n#image_538443063 {\n  width: 100%;\n}\n<\/style>\n\t<\/div>\n\t\n\t\t<\/div>\n\t\t\t\t\t<\/div>\n\n\t\n\n\t<div id=\"col-1676097476\" class=\"col medium-6 small-12 large-6\"  >\n\t\t\t\t<div class=\"col-inner\"  >\n\t\t\t\n\t\t\t\n<h3>3. Transport<\/h3>\n<p>Innovation in der Mobilit\u00e4t vorantreiben<br \/>\nVon der Eisenbahn \u00fcber das Automobil bis hin zur Luft- und Raumfahrt spielen unsere Kabel eine wichtige Rolle in der Transportindustrie. Sie sorgen f\u00fcr die Stromversorgung, Steuerung und Kommunikation von Fahrzeugen und Infrastruktur und gew\u00e4hrleisten Sicherheit und Effizienz.<\/p>\n<ul>\n<li><strong>Anwendungen<\/strong>:\n<ul>\n<li>Signalkabel und Stromkabel f\u00fcr die Eisenbahn.<\/li>\n<li>Kfz-Kabelb\u00e4ume.<\/li>\n<li>Luft- und Raumfahrtkabel f\u00fcr Flugzeugsysteme.<\/li>\n<\/ul>\n<\/li>\n<\/ul>\n\t\t<\/div>\n\t\t\t\t\t<\/div>\n\n\t\n<\/div>\n<div class=\"row\"  id=\"row-1656494792\">\n\n\t<div id=\"col-1007694958\" class=\"col medium-6 small-12 large-6\"  >\n\t\t\t\t<div class=\"col-inner\"  >\n\t\t\t\n\t\t\t\n<h3>4. Industrie<\/h3>\n<p>Industrielles Wachstum vorantreiben<br \/>\nIn der Industrie sind unsere Kabel unverzichtbar f\u00fcr die Stromversorgung von Maschinen, Automatisierungssystemen und Kontrollnetzwerken. Sie sind so konzipiert, dass sie rauen Umgebungen standhalten und einen ununterbrochenen Betrieb gew\u00e4hrleisten.<\/p>\n<ul>\n<li><strong>Anwendungen<\/strong>:\n<ul>\n<li>Kabel f\u00fcr schwere Maschinen und Ger\u00e4te.<\/li>\n<li>Kabel f\u00fcr Automatisierungs- und Steuersysteme.<\/li>\n<li>Robotik und Fertigungsl\u00f6sungen.<\/li>\n<\/ul>\n<\/li>\n<\/ul>\n\t\t<\/div>\n\t\t\t\t\t<\/div>\n\n\t\n\n\t<div id=\"col-1577302413\" class=\"col medium-6 small-12 large-6\"  >\n\t\t\t\t<div class=\"col-inner\"  >\n\t\t\t\n\t\t\t\n\t<div class=\"img has-hover x md-x lg-x y md-y lg-y\" id=\"image_1416472426\">\n\t\t\t\t\t\t\t\t<div class=\"img-inner dark\" >\n\t\t\t<img loading=\"lazy\" decoding=\"async\" width=\"612\" height=\"409\" src=\"https:\/\/rifengcable.com\/wp-content\/uploads\/2025\/03\/Industrial.jpg\" class=\"attachment-original size-original\" alt=\"Industriell\" srcset=\"https:\/\/rifengcable.com\/wp-content\/uploads\/2025\/03\/Industrial.jpg 612w, https:\/\/rifengcable.com\/wp-content\/uploads\/2025\/03\/Industrial-300x200.jpg 300w, https:\/\/rifengcable.com\/wp-content\/uploads\/2025\/03\/Industrial-18x12.jpg 18w, https:\/\/rifengcable.com\/wp-content\/uploads\/2025\/03\/Industrial-600x401.jpg 600w\" sizes=\"auto, (max-width: 612px) 100vw, 612px\" title=\"\">\t\t\t\t\t\t\n\t\t\t\t\t<\/div>\n\t\t\t\t\t\t\t\t\n<style>\n#image_1416472426 {\n  width: 100%;\n}\n<\/style>\n\t<\/div>\n\t\n\t\t<\/div>\n\t\t\t\t\t<\/div>\n\n\t\n<\/div>\n\t\t<\/div>\n\n\t\t\n<style>\n#section_1254450708 {\n  padding-top: 30px;\n  padding-bottom: 30px;\n}\n<\/style>\n\t<\/section>\n\t\n\t<section class=\"section\" id=\"section_286531120\">\n\t\t<div class=\"bg section-bg fill bg-fill  bg-loaded\" >\n\n\t\t\t\n\t\t\t\n\t\t\t\n\n\t\t<\/div>\n\n\t\t\n\n\t\t<div class=\"section-content relative\">\n\t\t\t\n<div class=\"row\"  id=\"row-737291876\">\n\n\t<div id=\"col-985144\" class=\"col medium-6 small-12 large-6\"  >\n\t\t\t\t<div class=\"col-inner\"  >\n\t\t\t\n\t\t\t\n\t<div class=\"img has-hover x md-x lg-x y md-y lg-y\" id=\"image_188008462\">\n\t\t\t\t\t\t\t\t<div class=\"img-inner dark\" >\n\t\t\t<img loading=\"lazy\" decoding=\"async\" width=\"800\" height=\"533\" src=\"https:\/\/rifengcable.com\/wp-content\/uploads\/2025\/03\/Renewable-Energy1.jpg\" class=\"attachment-original size-original\" alt=\"Erneuerbare Energie\" srcset=\"https:\/\/rifengcable.com\/wp-content\/uploads\/2025\/03\/Renewable-Energy1.jpg 800w, https:\/\/rifengcable.com\/wp-content\/uploads\/2025\/03\/Renewable-Energy1-300x200.jpg 300w, https:\/\/rifengcable.com\/wp-content\/uploads\/2025\/03\/Renewable-Energy1-768x512.jpg 768w, https:\/\/rifengcable.com\/wp-content\/uploads\/2025\/03\/Renewable-Energy1-18x12.jpg 18w, https:\/\/rifengcable.com\/wp-content\/uploads\/2025\/03\/Renewable-Energy1-600x400.jpg 600w\" sizes=\"auto, (max-width: 800px) 100vw, 800px\" title=\"\">\t\t\t\t\t\t\n\t\t\t\t\t<\/div>\n\t\t\t\t\t\t\t\t\n<style>\n#image_188008462 {\n  width: 100%;\n}\n<\/style>\n\t<\/div>\n\t\n\t\t<\/div>\n\t\t\t\t\t<\/div>\n\n\t\n\n\t<div id=\"col-784345637\" class=\"col medium-6 small-12 large-6\"  >\n\t\t\t\t<div class=\"col-inner\"  >\n\t\t\t\n\t\t\t\n<h3>5. Erneuerbare Energie<\/h3>\n<p>Unterst\u00fctzung f\u00fcr eine nachhaltige Zukunft<br \/>\nW\u00e4hrend sich die Welt auf erneuerbare Energien umstellt, erm\u00f6glichen unsere Kabel die effiziente Erzeugung und Verteilung von sauberem Strom. Von Windparks bis hin zu Solaranlagen bieten wir L\u00f6sungen, die nachhaltige Energiesysteme unterst\u00fctzen.<\/p>\n<ul>\n<li><strong>Anwendungen<\/strong>:\n<ul>\n<li>Kabel f\u00fcr Windkraftanlagen.<\/li>\n<li>Verkabelung der Solarmodule und Anschlussm\u00f6glichkeiten.<\/li>\n<li>Energiespeicherung und Verteilungsnetze.<\/li>\n<\/ul>\n<\/li>\n<\/ul>\n\t\t<\/div>\n\t\t\t\t\t<\/div>\n\n\t\n<\/div>\n\t\t<\/div>\n\n\t\t\n<style>\n#section_286531120 {\n  padding-top: 30px;\n  padding-bottom: 30px;\n  background-color: #ededed;\n}\n<\/style>\n\t<\/section>\n\t\n\t<section class=\"section\" id=\"section_175653628\">\n\t\t<div class=\"bg section-bg fill bg-fill  bg-loaded\" >\n\n\t\t\t\n\t\t\t\n\t\t\t\n\n\t\t<\/div>\n\n\t\t\n\n\t\t<div class=\"section-content relative\">\n\t\t\t\n<div class=\"row\"  id=\"row-355835162\">\n\n\t<div id=\"col-1446071894\" class=\"col small-12 large-12\"  >\n\t\t\t\t<div class=\"col-inner\"  >\n\t\t\t\n\t\t\t\n<h2 style=\"text-align: center;\">Kontakt<\/h2>\n\t\t<\/div>\n\t\t\t\t\t<\/div>\n\n\t\n<\/div>\n<div class=\"row\"  id=\"row-1461146753\">\n\n\t<div id=\"col-856149106\" class=\"col small-12 large-12\"  >\n\t\t\t\t<div class=\"col-inner\"  >\n\t\t\t\n\t\t\t\n\n<div class=\"wpcf7 no-js\" id=\"wpcf7-f280-o1\" lang=\"en-US\" dir=\"ltr\" data-wpcf7-id=\"280\">\n<div class=\"screen-reader-response\"><p role=\"status\" aria-live=\"polite\" aria-atomic=\"true\"><\/p> <ul><\/ul><\/div>\n<form action=\"\/de\/wp-json\/wp\/v2\/pages\/1622#wpcf7-f280-o1\" method=\"post\" class=\"wpcf7-form init\" aria-label=\"Kontakt-Formular\" novalidate=\"novalidate\" data-status=\"init\" data-trp-original-action=\"\/de\/wp-json\/wp\/v2\/pages\/1622#wpcf7-f280-o1\">\n<fieldset class=\"hidden-fields-container\"><input type=\"hidden\" name=\"_wpcf7\" value=\"280\" \/><input type=\"hidden\" name=\"_wpcf7_version\" value=\"6.1.1\" \/><input type=\"hidden\" name=\"_wpcf7_locale\" value=\"en_US\" \/><input type=\"hidden\" name=\"_wpcf7_unit_tag\" value=\"wpcf7-f280-o1\" \/><input type=\"hidden\" name=\"_wpcf7_container_post\" value=\"0\" \/><input type=\"hidden\" name=\"_wpcf7_posted_data_hash\" value=\"\" \/>\n<\/fieldset>\n<div class='custom_contact_style'>\n\t<div class=\"row row-small\">\n\t\t<div class=\"col medium-6 small-12 large-6\">\n\t\t\t<div class=\"col-inner\">\n\t\t\t\t<p><span class=\"wpcf7-form-control-wrap\" data-name=\"your-name\"><input size=\"40\" maxlength=\"400\" class=\"wpcf7-form-control wpcf7-text wpcf7-validates-as-required\" aria-required=\"true\" aria-invalid=\"false\" placeholder=\"Name*\" value=\"\" type=\"text\" name=\"your-name\" \/><\/span>\n\t\t\t\t<\/p>\n\t\t\t<\/div>\n\t\t<\/div>\n\t\t<div class=\"col medium-6 small-12 large-6\">\n\t\t\t<div class=\"col-inner\">\n\t\t\t\t<p><span class=\"wpcf7-form-control-wrap\" data-name=\"your-email\"><input size=\"40\" maxlength=\"400\" class=\"wpcf7-form-control wpcf7-email wpcf7-validates-as-required wpcf7-text wpcf7-validates-as-email\" aria-required=\"true\" aria-invalid=\"false\" placeholder=\"E-Mail*\" value=\"\" type=\"email\" name=\"your-email\" \/><\/span>\n\t\t\t\t<\/p>\n\t\t\t<\/div>\n\t\t<\/div>\n\t<\/div>\n\t<div class='cus_contact_form_bottom'>\n\t\t<p><span class=\"wpcf7-form-control-wrap\" data-name=\"your-phone\"><input size=\"40\" maxlength=\"400\" class=\"wpcf7-form-control wpcf7-text\" aria-invalid=\"false\" placeholder=\"Telefon\" value=\"\" type=\"text\" name=\"your-phone\" \/><\/span>\n\t\t<\/p>\n\t<\/div>\n\t<div class='cus_contact_form_bottom'>\n\t\t<p><span class=\"wpcf7-form-control-wrap\" data-name=\"your-country\"><input size=\"40\" maxlength=\"400\" class=\"wpcf7-form-control wpcf7-text\" aria-invalid=\"false\" placeholder=\"Land\" value=\"\" type=\"text\" name=\"your-country\" \/><\/span>\n\t\t<\/p>\n\t<\/div>\n\t<p><span class=\"wpcf7-form-control-wrap\" data-name=\"your-message\"><textarea cols=\"40\" rows=\"10\" maxlength=\"2000\" class=\"wpcf7-form-control wpcf7-textarea wpcf7-validates-as-required\" aria-required=\"true\" aria-invalid=\"false\" placeholder=\"Ihre Nachricht *\" name=\"your-message\"><\/textarea><\/span>\n\t<\/p>\n\t<div style=\"margin-bottom:10px;\">\n\t\t<p><span class=\"wpcf7-form-control-wrap kc_captcha cf7ic-toggle\" data-name=\"kc_captcha\"><span class=\"wpcf7-form-control wpcf7-radio\"><span class=\"captcha-image\" style=\"display: none;\"><span class=\"cf7ic_instructions\">Bitte beweisen Sie, dass Sie ein Mensch sind, indem Sie die Option<span> Stern<\/span>.<\/span><label><input aria-label=\"1\" type=\"radio\" name=\"kc_captcha\" value=\"kc_human\" \/><svg aria-hidden=\"true\" role=\"img\" xmlns=\"http:\/\/www.w3.org\/2000\/svg\" viewbox=\"0 0 576 512\"><path fill=\"currentColor\" d=\"M259 18l-65 132-146 22c-26 3-37 36-18 54l106 103-25 146c-5 26 23 46 46 33l131-68 131 68c23 13 51-7 46-33l-25-146 106-103c19-18 8-51-18-54l-146-22-65-132a32 32 0 00-58 0z\"\/><\/svg><\/label><label><input aria-label=\"2\" type=\"radio\" name=\"kc_captcha\" value=\"bot\" \/><svg aria-hidden=\"true\" role=\"img\" xmlns=\"http:\/\/www.w3.org\/2000\/svg\" viewbox=\"0 0 512 512\"><path fill=\"currentColor\" d=\"M500 168h-55l-8-21a127 127 0 00-120-83H195a127 127 0 00-120 83l-8 21H12c-8 0-14 8-11 16l8 24a12 12 0 0011 8h29a64 64 0 00-33 56v48c0 16 6 31 16 42v62c0 13 11 24 24 24h48c13 0 24-11 24-24v-40h256v40c0 13 11 24 24 24h48c13 0 24-11 24-24v-62c10-11 16-26 16-42v-48c0-24-13-45-33-56h29a12 12 0 0011-8l8-24c3-8-3-16-11-16zm-365 2c9-25 33-42 60-42h122c27 0 51 17 60 42l15 38H120l15-38zM88 328a32 32 0 010-64c18 0 48 30 48 48s-30 16-48 16zm336 0c-18 0-48 2-48-16s30-48 48-48 32 14 32 32-14 32-32 32z\"\/><\/svg><\/label><label><input aria-label=\"3\" type=\"radio\" name=\"kc_captcha\" value=\"bot\" \/><svg aria-hidden=\"true\" role=\"img\" xmlns=\"http:\/\/www.w3.org\/2000\/svg\" viewbox=\"0 0 640 512\"><path fill=\"currentColor\" d=\"M192 384h192c53 0 96-43 96-96h32a128 128 0 000-256H120c-13 0-24 11-24 24v232c0 53 43 96 96 96zM512 96a64 64 0 010 128h-32V96h32zm48 384H48c-47 0-61-64-36-64h584c25 0 11 64-36 64z\"\/><\/svg><\/label>\r\n    <\/span>\r\n    <span style=\"display:none\">\r\n        <input type=\"text\" name=\"kc_honeypot\">\r\n    <\/span><\/span><\/span>\n\t\t<\/p>\n\t<\/div>\n\t<p><input class=\"wpcf7-form-control wpcf7-submit has-spinner\" type=\"submit\" value=\"Nachricht senden\" \/>\n\t<\/p>\n<\/div><div class=\"wpcf7-response-output\" aria-hidden=\"true\"><\/div>\n<input type=\"hidden\" name=\"trp-form-language\" value=\"de\"\/><\/form>\n<\/div>\n\n\t\t<\/div>\n\t\t\t\t\t<\/div>\n\n\t\n<\/div>\n\t\t<\/div>\n\n\t\t\n<style>\n#section_175653628 {\n  padding-top: 30px;\n  padding-bottom: 30px;\n}\n<\/style>\n\t<\/section>","protected":false},"excerpt":{"rendered":"","protected":false},"author":3,"featured_media":0,"parent":0,"menu_order":0,"comment_status":"closed","ping_status":"closed","template":"page-blank.php","meta":{"footnotes":""},"class_list":["post-1622","page","type-page","status-publish","hentry"],"_links":{"self":[{"href":"https:\/\/rifengcable.com\/de\/wp-json\/wp\/v2\/pages\/1622","targetHints":{"allow":["GET"]}}],"collection":[{"href":"https:\/\/rifengcable.com\/de\/wp-json\/wp\/v2\/pages"}],"about":[{"href":"https:\/\/rifengcable.com\/de\/wp-json\/wp\/v2\/types\/page"}],"author":[{"embeddable":true,"href":"https:\/\/rifengcable.com\/de\/wp-json\/wp\/v2\/users\/3"}],"replies":[{"embeddable":true,"href":"https:\/\/rifengcable.com\/de\/wp-json\/wp\/v2\/comments?post=1622"}],"version-history":[{"count":20,"href":"https:\/\/rifengcable.com\/de\/wp-json\/wp\/v2\/pages\/1622\/revisions"}],"predecessor-version":[{"id":2134,"href":"https:\/\/rifengcable.com\/de\/wp-json\/wp\/v2\/pages\/1622\/revisions\/2134"}],"wp:attachment":[{"href":"https:\/\/rifengcable.com\/de\/wp-json\/wp\/v2\/media?parent=1622"}],"curies":[{"name":"wp","href":"https:\/\/api.w.org\/{rel}","templated":true}]}}