{"id":1617,"date":"2025-02-25T02:41:58","date_gmt":"2025-02-25T02:41:58","guid":{"rendered":"https:\/\/rifengcable.com\/?page_id=1617"},"modified":"2025-03-11T03:46:39","modified_gmt":"2025-03-11T03:46:39","slug":"cable-service","status":"publish","type":"page","link":"https:\/\/rifengcable.com\/de\/cable-service\/","title":{"rendered":"Service-Unterst\u00fctzung"},"content":{"rendered":"<div class=\"banner has-hover\" id=\"banner-2068342124\">\n          <div class=\"banner-inner fill\">\n        <div class=\"banner-bg fill\" >\n            <div class=\"bg fill bg-fill\"><\/div>\n                                    \n                    <\/div>\n\t\t\n        <div class=\"banner-layers container\">\n            <div class=\"fill banner-link\"><\/div>            \n   <div id=\"text-box-94105565\" class=\"text-box banner-layer x50 md-x50 lg-x50 y50 md-y50 lg-y50 res-text\">\n                                <div class=\"text-box-content text dark\">\n              \n              <div class=\"text-inner text-center\">\n                  \n<h1 style=\"text-align: center;\">Service-Unterst\u00fctzung<\/h1>\n              <\/div>\n           <\/div>\n                            \n<style>\n#text-box-94105565 {\n  width: 60%;\n}\n#text-box-94105565 .text-box-content {\n  font-size: 100%;\n}\n<\/style>\n    <\/div>\n \n        <\/div>\n      <\/div>\n\n            \n<style>\n#banner-2068342124 {\n  padding-top: 165px;\n  background-color: rgba(0, 0, 0, 0.384);\n}\n<\/style>\n  <\/div>\n\n\n\t<section class=\"section\" id=\"section_859778807\">\n\t\t<div class=\"bg section-bg fill bg-fill  bg-loaded\" >\n\n\t\t\t\n\t\t\t\n\t\t\t\n\n\t\t<\/div>\n\n\t\t\n\n\t\t<div class=\"section-content relative\">\n\t\t\t\n<div class=\"row\"  id=\"row-159726169\">\n\n\t<div id=\"col-1098118471\" class=\"col small-12 large-12\"  >\n\t\t\t\t<div class=\"col-inner\"  >\n\t\t\t\n\t\t\t\n<h2><strong>I. Philosophie der Dienstleistung<\/strong><\/h2>\n<p>Unser Ziel ist es, Kunden zu gewinnen, indem wir ma\u00dfgeschneiderte Produkte und L\u00f6sungen anbieten und gleichzeitig durch unsere professionellen Dienstleistungen einen dauerhaften Wert schaffen.<\/p>\n<h2><strong>II. Engagement f\u00fcr Kabeldienste<\/strong><\/h2>\n<p><strong>1. Vorverkaufsdienste<\/strong><\/p>\n<p>1.1\u00a0<strong>Experten-Projektteam<\/strong>: Mit mehr als 20 Jahren Erfahrung in der Kabelbranche bietet unser qualifiziertes technisches Team pers\u00f6nlichen, individuellen Support.<\/p>\n<p>1.2\u00a0<strong>Kundenspezifisches Produktdesign<\/strong>: Jedes Produkt wird sorgf\u00e4ltig entworfen, um die einzigartigen Anforderungen unserer Kunden zu erf\u00fcllen.<\/p>\n<p>1.3\u00a0<strong>Integrierte L\u00f6sungen<\/strong>: Wir bieten umfassende L\u00f6sungen, die auf den aktuellen Bedarf und das k\u00fcnftige Wachstum unserer Kunden zugeschnitten sind.<\/p>\n<p><strong>2. Dienstleistungen beim Kauf<\/strong><\/p>\n<p>2.1\u00a0<strong>Verfolgung des Projektfortschritts<\/strong>: 24-Stunden-\u00dcberwachung des Projektfortschritts in Echtzeit, um die rechtzeitige Erf\u00fcllung der Kundenanforderungen zu gew\u00e4hrleisten.<\/p>\n<p>2.2\u00a0<strong>Effiziente Kommunikation<\/strong>Kommunikation und Koordination rund um die Uhr, um Ressourcen und Anforderungen aufeinander abzustimmen und die Zufriedenheit der Kunden zu gew\u00e4hrleisten.<\/p>\n<p>2.3\u00a0<strong>Qualit\u00e4tssicherung<\/strong>: Strenge \u00dcberwachung der Rohstoffe und der Produktqualit\u00e4t rund um die Uhr, einschlie\u00dflich Belastungstests unter simulierten harten Bedingungen, um hervorragende Ergebnisse zu gew\u00e4hrleisten.<\/p>\n<p><strong>3. Dienstleistungen nach der Markteinf\u00fchrung<\/strong><\/p>\n<p>3.1\u00a0<strong>Zeitnahe Kommunikation<\/strong>: Engagierter 24-Stunden-Support f\u00fcr professionelle Beratung und Unterst\u00fctzung.<\/p>\n<p>3.2\u00a0<strong>Schnelle Reaktion<\/strong>: Ein 24-Stunden-Reaktionsmechanismus gew\u00e4hrleistet einen zeitnahen Vor-Ort-Service f\u00fcr die Bed\u00fcrfnisse der Kunden.<\/p>\n<p>3.3\u00a0<strong>Kontinuierliche Verbesserung<\/strong>: Bereitstellung eines 8D-Berichts innerhalb von 72 Stunden, um Probleme an der Wurzel zu l\u00f6sen und eine kontinuierliche Wertsch\u00f6pfung f\u00fcr die Kunden zu erzielen.<\/p>\n\t\t<\/div>\n\t\t\t\t\t<\/div>\n\n\t\n<\/div>\n\t\t<\/div>\n\n\t\t\n<style>\n#section_859778807 {\n  padding-top: 30px;\n  padding-bottom: 30px;\n}\n<\/style>\n\t<\/section>","protected":false},"excerpt":{"rendered":"","protected":false},"author":3,"featured_media":0,"parent":0,"menu_order":0,"comment_status":"closed","ping_status":"closed","template":"page-blank.php","meta":{"footnotes":""},"class_list":["post-1617","page","type-page","status-publish","hentry"],"_links":{"self":[{"href":"https:\/\/rifengcable.com\/de\/wp-json\/wp\/v2\/pages\/1617","targetHints":{"allow":["GET"]}}],"collection":[{"href":"https:\/\/rifengcable.com\/de\/wp-json\/wp\/v2\/pages"}],"about":[{"href":"https:\/\/rifengcable.com\/de\/wp-json\/wp\/v2\/types\/page"}],"author":[{"embeddable":true,"href":"https:\/\/rifengcable.com\/de\/wp-json\/wp\/v2\/users\/3"}],"replies":[{"embeddable":true,"href":"https:\/\/rifengcable.com\/de\/wp-json\/wp\/v2\/comments?post=1617"}],"version-history":[{"count":6,"href":"https:\/\/rifengcable.com\/de\/wp-json\/wp\/v2\/pages\/1617\/revisions"}],"predecessor-version":[{"id":2077,"href":"https:\/\/rifengcable.com\/de\/wp-json\/wp\/v2\/pages\/1617\/revisions\/2077"}],"wp:attachment":[{"href":"https:\/\/rifengcable.com\/de\/wp-json\/wp\/v2\/media?parent=1617"}],"curies":[{"name":"wp","href":"https:\/\/api.w.org\/{rel}","templated":true}]}}