{"id":1775,"date":"2025-03-03T06:39:13","date_gmt":"2025-03-03T06:39:13","guid":{"rendered":"https:\/\/rifengcable.com\/?post_type=product&#038;p=1775"},"modified":"2025-05-02T06:39:07","modified_gmt":"2025-05-02T06:39:07","slug":"panel-wire","status":"publish","type":"product","link":"https:\/\/rifengcable.com\/da\/manufacturer\/panel-wire\/","title":{"rendered":"Panelledning H03VV-F"},"content":{"rendered":"<h1 id=\"-easy-to-understand-panel-wire-guide-\"><strong>Letforst\u00e5elig ledningsguide til paneler<\/strong><\/h1>\n<p><strong>Ledninger til panelet<\/strong>\u00a0hj\u00e6lp\u00a0<strong>elektricitet flyder sikkert<\/strong>\u00a0i\u00a0<strong>Hjem<\/strong>,\u00a0<strong>Fabrikker<\/strong>og\u00a0<strong>maskiner<\/strong>.<\/p>\n<h2 id=\"-what-is-panel-wire-\"><strong>Hvad er paneltr\u00e5d?<\/strong><\/h2>\n<p>Panelets ledning er\u00a0<strong>st\u00e6rk<\/strong>,\u00a0<strong>fleksibel<\/strong>og\u00a0<strong>nem at installere<\/strong>. Det bruges til:<\/p>\n<ul>\n<li><strong>Kontrolpaneler<\/strong> p\u00e5 fabrikker.<\/li>\n<li><strong>Afbryderbokse til hjemmet<\/strong> ($800-$3.000 til installation).<\/li>\n<li><strong>Ledningsnet<\/strong> i biler og maskiner.<\/li>\n<\/ul>\n<h2 id=\"-key-features-\"><strong>Vigtige funktioner<\/strong><\/h2>\n<table>\n<thead>\n<tr>\n<th><strong>Funktion<\/strong><\/th>\n<th><strong>Hvorfor det er vigtigt<\/strong><\/th>\n<\/tr>\n<\/thead>\n<tbody>\n<tr>\n<td><strong>Arbejder med maskiner<\/strong><\/td>\n<td>Passer til\u00a0<strong>Schleuniger, Komax, nVent<\/strong> tr\u00e5dv\u00e6rkt\u00f8j.<\/td>\n<\/tr>\n<tr>\n<td><strong>Smart routing<\/strong><\/td>\n<td>Computeren hj\u00e6lper med at placere ledninger\u00a0<strong>hurtigt og nemt<\/strong>.<\/td>\n<\/tr>\n<tr>\n<td><strong>Til h\u00e5rde opgaver<\/strong><\/td>\n<td>Brugt i\u00a0<strong>Fabrikker, hjem, biler<\/strong>.<\/td>\n<\/tr>\n<\/tbody>\n<\/table>\n<h2 id=\"-who-needs-panel-wire-\"><strong>Hvem har brug for paneltr\u00e5d?<\/strong><\/h2>\n<ol>\n<li><strong>Fabriksarbejdere<\/strong>\u00a0- For\u00a0<strong>kontrolpaneler og maskiner<\/strong>.<\/li>\n<li><strong>Elektrikere<\/strong>\u00a0- Til\u00a0<strong>Opgrader hjemmets ledningsnet<\/strong> ($800-$3.000 job).<\/li>\n<li><strong>Ingeni\u00f8rer<\/strong>\u00a0- For\u00a0<strong>Design af digitale ledninger<\/strong>\u00a0(som f.eks.\u00a0<strong>Zuken Panel Builder 2025<\/strong>).<\/li>\n<\/ol>\n<h2 id=\"-where-to-learn-more-\"><strong>Hvor kan jeg l\u00e6re mere?<\/strong><\/h2>\n<ul>\n<li><strong>Interwire 2025<\/strong>\u00a0(13.-15. maj, Atlanta) - Se\u00a0<strong>ny ledningsteknologi<\/strong>.<\/li>\n<li><strong>Zuken Tech Tour 2025<\/strong>\u00a0- L\u00e6r\u00a0<strong>smarte ledningsf\u00f8ringstricks<\/strong>.<\/li>\n<\/ul>","protected":false},"excerpt":{"rendered":"<p>Vare:H03VV-F<\/p>\n<div>\n<p class=\"lableName\">Produktcertificering: VDE<\/p>\n<\/div>\n<div>\n<p class=\"lableName\"><strong>Grundl\u00e6ggende parametre:.<\/strong><\/p>\n<\/div>\n<div>\n<ul>\n<li class=\"lableName\">Nominel sp\u00e6nding: 300\/300V<\/li>\n<li class=\"lableName\">Bed\u00f8mmelse af arbejdstemperatur: <span style=\"color: #555555; font-size: 14.4px;\">70\u2103<\/span><\/li>\n<li class=\"lableName\">Executive Standard:\u00a0<span style=\"color: #555555; font-size: 14.4px;\">AS\/NZS 60227.5<\/span><\/li>\n<\/ul>\n<\/div>\n<div>\n<p class=\"lableName\"><strong>Lederens struktur \uff1a.<\/strong><\/p>\n<\/div>\n<div>\n<ul>\n<li class=\"lableName\"><span class=\"lableName\">Ledermateriale \uff1a.<\/span> Blankt snoet kobber<\/li>\n<li class=\"lableName\">Isolationsmateriale:\u00a0<span style=\"color: #555555; font-size: 14.4px;\">PVC<\/span><\/li>\n<li class=\"lableName\">Jakkens materiale \uff1a.\u00a0<span style=\"color: #555555; font-size: 14.4px;\">PVC<\/span><\/li>\n<\/ul>\n<\/div>","protected":false},"featured_media":2286,"template":"","meta":[],"product_brand":[],"product_cat":[40],"product_tag":[],"class_list":{"0":"post-1775","1":"product","2":"type-product","3":"status-publish","4":"has-post-thumbnail","6":"product_cat-pvc-cable","8":"first","9":"instock","10":"shipping-taxable","11":"product-type-simple"},"_links":{"self":[{"href":"https:\/\/rifengcable.com\/da\/wp-json\/wp\/v2\/product\/1775","targetHints":{"allow":["GET"]}}],"collection":[{"href":"https:\/\/rifengcable.com\/da\/wp-json\/wp\/v2\/product"}],"about":[{"href":"https:\/\/rifengcable.com\/da\/wp-json\/wp\/v2\/types\/product"}],"wp:featuredmedia":[{"embeddable":true,"href":"https:\/\/rifengcable.com\/da\/wp-json\/wp\/v2\/media\/2286"}],"wp:attachment":[{"href":"https:\/\/rifengcable.com\/da\/wp-json\/wp\/v2\/media?parent=1775"}],"wp:term":[{"taxonomy":"product_brand","embeddable":true,"href":"https:\/\/rifengcable.com\/da\/wp-json\/wp\/v2\/product_brand?post=1775"},{"taxonomy":"product_cat","embeddable":true,"href":"https:\/\/rifengcable.com\/da\/wp-json\/wp\/v2\/product_cat?post=1775"},{"taxonomy":"product_tag","embeddable":true,"href":"https:\/\/rifengcable.com\/da\/wp-json\/wp\/v2\/product_tag?post=1775"}],"curies":[{"name":"wp","href":"https:\/\/api.w.org\/{rel}","templated":true}]}}