{"id":1772,"date":"2025-03-03T06:33:03","date_gmt":"2025-03-03T06:33:03","guid":{"rendered":"https:\/\/rifengcable.com\/?post_type=product&#038;p=1772"},"modified":"2025-06-05T06:55:10","modified_gmt":"2025-06-05T06:55:10","slug":"pvc-cable-h03vvh2-f","status":"publish","type":"product","link":"https:\/\/rifengcable.com\/da\/manufacturer\/pvc-cable-h03vvh2-f\/","title":{"rendered":"PVC-kabel H03VVH2-F"},"content":{"rendered":"<h1 id=\"-pvc-cable-strong-safe-and-easy-to-reuse-\"><strong>PVC-kabel - st\u00e6rkt, sikkert og nemt at genbruge<\/strong><\/h1>\n<p><strong>PVC-kabler<\/strong>\u00a0er\u00a0<strong>st\u00e6rke ledninger<\/strong>\u00a0brugt i\u00a0<strong>Hjem, fabrikker<\/strong>og\u00a0<strong>solenergi<\/strong>. De holder l\u00e6nge, er lette at b\u00f8je og beskytter elektriciteten. De er ogs\u00e5\u00a0<strong>godt for jorden<\/strong>\u00a0fordi de kan v\u00e6re\u00a0<strong>genanvendt<\/strong>.<\/p>\n<hr \/>\n<h2 id=\"-why-choose-pvc-cables-\"><strong>Hvorfor v\u00e6lge PVC-kabler?<\/strong><\/h2>\n<p>\u2705\u00a0<strong>Sikker<\/strong>\u00a0- Slukker brande (testet for VW-1-flammer).<\/p>\n<p>\u2705\u00a0<strong>St\u00e6rk<\/strong>\u00a0- Arbejder i\u00a0<strong>varm<\/strong>\u00a0(+105\u00b0C) og\u00a0<strong>kold<\/strong>\u00a0(-20\u00b0C).<\/p>\n<p>\u2705\u00a0<strong>B\u00f8jer let<\/strong>\u00a0- God til\u00a0<strong>Maskiner i bev\u00e6gelse<\/strong>\u00a0som robotter.<\/p>\n<p>\u2705\u00a0<strong>Genanvendelig<\/strong>\u00a0- Kan bruges igen uden at miste styrke.<\/p>\n<hr \/>\n<h2 id=\"-what-s-inside-pvc-cables-\"><strong>Hvad er der inden i PVC-kabler?<\/strong><\/h2>\n<table style=\"height: 143px;\" width=\"669\">\n<thead>\n<tr>\n<th><strong>Del<\/strong><\/th>\n<th><strong>Hvad det g\u00f8r<\/strong><\/th>\n<th><strong>Hvorfor det er godt<\/strong><\/th>\n<\/tr>\n<\/thead>\n<tbody>\n<tr>\n<td><strong>Dirigent<\/strong><\/td>\n<td>B\u00e6rer elektricitet<\/td>\n<td>Fremstillet af\u00a0<strong>Fortinnet kobber (7\/30 tr\u00e5d)<\/strong> for j\u00e6vn str\u00f8mgennemstr\u00f8mning<\/td>\n<\/tr>\n<tr>\n<td><strong>PVC-isolering<\/strong><\/td>\n<td>Beskytter ledninger<\/td>\n<td>Holder str\u00f8mmen sikker, holder l\u00e6nge, selv udend\u00f8rs<\/td>\n<\/tr>\n<tr>\n<td><strong>Jakke i krom<\/strong><\/td>\n<td>Udvendigt d\u00e6ksel<\/td>\n<td><strong>UV-bestandig<\/strong> (sollys vil ikke skade den)<\/td>\n<\/tr>\n<tr>\n<td><strong>Skjold<\/strong>\u00a0(Nogle typer)<\/td>\n<td>Blokerer for interferens<\/td>\n<td>God til\u00a0<strong>lyd- og datakabler<\/strong><\/td>\n<\/tr>\n<\/tbody>\n<\/table>\n<hr \/>\n<h2 id=\"-where-to-use-pvc-cables-\"><strong>Hvor kan man bruge PVC-kabler?<\/strong><\/h2>\n<h3 id=\"-1-factories-machines-\"><strong>1. Fabrikker og maskiner<\/strong><\/h3>\n<ul>\n<li>Robotter, bev\u00e6gelige arme og stort udstyr (<strong>B\u00f8jer uden at g\u00e5 i stykker<\/strong>).<\/li>\n<li>F\u00f8lger efter\u00a0<strong>UL2464 &amp; CM<\/strong> standarder for sikkerhed.<\/li>\n<\/ul>\n<h3 id=\"-2-solar-wind-power-\"><strong>2. Sol- og vindenergi<\/strong><\/h3>\n<ul>\n<li><strong>Modstandsdygtig over for sollys<\/strong> (revner ikke i UV-lys).<\/li>\n<li>H\u00e5ndterer vejret (<strong>Regn, vind, varme<\/strong>).<\/li>\n<\/ul>\n<h3 id=\"-3-homes-buildings-\"><strong>3. Boliger og bygninger<\/strong><\/h3>\n<ul>\n<li>Sikker til v\u00e6gge og lofter (<strong>Flammeh\u00e6mmende<\/strong>).<\/li>\n<li>Brugt i\u00a0<strong>Ledninger og h\u00f8jttalere<\/strong> (farvekodet for nem installation).<\/li>\n<\/ul>\n<h3 id=\"-4-internet-sound-systems-\"><strong>4. Internet og lydsystemer<\/strong><\/h3>\n<ul>\n<li><strong>Afsk\u00e6rmede typer<\/strong> Stop statisk st\u00f8j i musik og Wi-Fi.<\/li>\n<li>Arbejder for\u00a0<strong>Cat 5E og Cat 6<\/strong> internetkabler.<\/li>\n<\/ul>\n<hr \/>\n<h2 id=\"-our-pvc-cables-help-the-earth-\"><strong>Vores PVC-kabler hj\u00e6lper jorden<\/strong><\/h2>\n<p>\u267b\ufe0f\u00a0<strong>Genanvendelig<\/strong> - Kan smelte og omformes uden at miste styrke.<\/p>\n<p>\ud83c\udf0e\u00a0<strong>Mindre affald<\/strong>\u00a0- Underst\u00f8tter\u00a0<strong>cirkul\u00e6r \u00f8konomi<\/strong> (genbrug, smid ikke ud).<\/p>\n<p>\ud83d\udd2c <strong>Ny teknologi<\/strong>\u00a0- Bedre m\u00e5der at\u00a0<strong>sortere og genbruge<\/strong> der kommer i 2025.<\/p>\n<hr \/>\n<h2 id=\"-need-pvc-cables-\"><strong>Har du brug for PVC-kabler?<\/strong><\/h2>\n<p>Vi s\u00e6lger\u00a0<strong>PVC-kabler af h\u00f8j kvalitet<\/strong>\u00a0for: \u2714\u00a0<strong>Fabrikker<\/strong>\u00a0(st\u00e6rke b\u00f8jelige ledninger) \u2714\u00a0<strong>Solcelleprojekter<\/strong>\u00a0(solafvisende) \u2714\u00a0<strong>Hjem og kontorer<\/strong>\u00a0(sikkert og roligt)<\/p>\n<p>\ud83d\udcde\u00a0<strong><a href=\"\/da\/contact\/\">Ring til os<\/a> i dag<\/strong>\u00a0eller bes\u00f8g\u00a0<strong>Vores industrikabler<\/strong>\u00a0for store ordrer.<\/p>","protected":false},"excerpt":{"rendered":"<p>Vare \uff1aH03VVH2-F<\/p>\n<div>\n<p class=\"lableName\">Produktcertificering: VDE<\/p>\n<\/div>\n<div>\n<p class=\"lableName\"><strong>Grundl\u00e6ggende parametre:.<\/strong><\/p>\n<\/div>\n<div>\n<ul>\n<li class=\"lableName\">Nominel sp\u00e6nding: 450\/750V<\/li>\n<li class=\"lableName\">Bed\u00f8mmelse af arbejdstemperatur: <span style=\"color: #555555; font-size: 14.4px;\">70\u2103<\/span><\/li>\n<li class=\"lableName\">Executive Standard:\u00a0<span style=\"color: #555555; font-size: 14.4px;\">AS\/NZS 60227.5<\/span><\/li>\n<\/ul>\n<\/div>\n<div>\n<p class=\"lableName\">Lederens struktur \uff1a.<\/p>\n<\/div>\n<div>\n<ul>\n<li class=\"lableName\"><span class=\"lableName\">Ledermateriale \uff1a.<\/span> Blankt snoet kobber<\/li>\n<li class=\"lableName\">Isolationsmateriale:\u00a0<span style=\"color: #555555; font-size: 14.4px;\">PVC<\/span><\/li>\n<li class=\"lableName\">Materiale til jakke: PVC<\/li>\n<\/ul>\n<\/div>\n<div>\n<p><strong>Applikationer:<\/strong><\/p>\n<p>Disse kabler er designet til brug som elektriske forbindelsesledninger i en r\u00e6kke forskellige sammenh\u00e6nge, herunder elinstallationer, husholdningsapparater og elektrisk drevet v\u00e6rkt\u00f8j. De er velegnede til anvendelser med en nominel sp\u00e6nding p\u00e5 AC 300\/300V eller lavere, hvilket giver en sikker og p\u00e5lidelig ydelse i hverdagens elektriske systemer.<\/p>\n<\/div>","protected":false},"featured_media":2285,"template":"","meta":[],"product_brand":[],"product_cat":[40],"product_tag":[],"class_list":{"0":"post-1772","1":"product","2":"type-product","3":"status-publish","4":"has-post-thumbnail","6":"product_cat-pvc-cable","8":"first","9":"instock","10":"shipping-taxable","11":"product-type-simple"},"_links":{"self":[{"href":"https:\/\/rifengcable.com\/da\/wp-json\/wp\/v2\/product\/1772","targetHints":{"allow":["GET"]}}],"collection":[{"href":"https:\/\/rifengcable.com\/da\/wp-json\/wp\/v2\/product"}],"about":[{"href":"https:\/\/rifengcable.com\/da\/wp-json\/wp\/v2\/types\/product"}],"wp:featuredmedia":[{"embeddable":true,"href":"https:\/\/rifengcable.com\/da\/wp-json\/wp\/v2\/media\/2285"}],"wp:attachment":[{"href":"https:\/\/rifengcable.com\/da\/wp-json\/wp\/v2\/media?parent=1772"}],"wp:term":[{"taxonomy":"product_brand","embeddable":true,"href":"https:\/\/rifengcable.com\/da\/wp-json\/wp\/v2\/product_brand?post=1772"},{"taxonomy":"product_cat","embeddable":true,"href":"https:\/\/rifengcable.com\/da\/wp-json\/wp\/v2\/product_cat?post=1772"},{"taxonomy":"product_tag","embeddable":true,"href":"https:\/\/rifengcable.com\/da\/wp-json\/wp\/v2\/product_tag?post=1772"}],"curies":[{"name":"wp","href":"https:\/\/api.w.org\/{rel}","templated":true}]}}