{"id":25,"date":"2023-03-05T10:39:43","date_gmt":"2023-03-05T10:39:43","guid":{"rendered":"https:\/\/rifengcable.com\/?page_id=25"},"modified":"2025-05-20T08:30:49","modified_gmt":"2025-05-20T08:30:49","slug":"about-cable-manufacturer","status":"publish","type":"page","link":"https:\/\/rifengcable.com\/da\/about-cable-manufacturer\/","title":{"rendered":"Virksomhedens profil"},"content":{"rendered":"<div class=\"banner has-hover has-parallax\" id=\"banner-287498275\">\n          <div class=\"banner-inner fill\">\n        <div class=\"banner-bg fill\" data-parallax=\"-3\" data-parallax-container=\".banner\" data-parallax-background>\n            <div class=\"bg fill bg-fill\"><\/div>\n                                    \n                    <\/div>\n\t\t\n        <div class=\"banner-layers container\">\n            <div class=\"fill banner-link\"><\/div>            \n   <div id=\"text-box-1887105579\" class=\"text-box banner-layer x50 md-x50 lg-x50 y50 md-y50 lg-y50 res-text\">\n                     <div data-animate=\"fadeInLeft\">           <div class=\"text-box-content text dark\">\n              \n              <div class=\"text-inner text-center\">\n                  \n<h1><span style=\"font-size: 100%;\">Producent af gummikabler<\/span><\/h1>\n              <\/div>\n           <\/div>\n       <\/div>                     \n<style>\n#text-box-1887105579 {\n  width: 80%;\n}\n#text-box-1887105579 .text-box-content {\n  font-size: 100%;\n}\n@media (min-width:550px) {\n  #text-box-1887105579 {\n    width: 69%;\n  }\n}\n<\/style>\n    <\/div>\n \n        <\/div>\n      <\/div>\n\n            \n<style>\n#banner-287498275 {\n  padding-top: 162px;\n  background-color: rgba(0, 0, 0, 0.384);\n}\n#banner-287498275 .bg.bg-loaded {\n  background-image: 8950;\n}\n#banner-287498275 .overlay {\n  background-color: rgba(0, 0, 0, 0.3);\n}\n#banner-287498275 .bg {\n  background-position: 35% 23%;\n}\n<\/style>\n  <\/div>\n\n\n\t<section class=\"section\" id=\"section_471789497\">\n\t\t<div class=\"bg section-bg fill bg-fill  bg-loaded\" >\n\n\t\t\t\n\t\t\t\n\t\t\t\n\n\t\t<\/div>\n\n\t\t\n\n\t\t<div class=\"section-content relative\">\n\t\t\t\n<div class=\"row\"  id=\"row-56064693\">\n\n\t<div id=\"col-1045615342\" class=\"col small-12 large-12\"  >\n\t\t\t\t<div class=\"col-inner\"  >\n\t\t\t\n\t\t\t\n<div class=\"row\"  id=\"row-1657514689\">\n\n\t<div id=\"col-1071176874\" class=\"col small-12 large-12\"  >\n\t\t\t\t<div class=\"col-inner\"  >\n\t\t\t\n\t\t\t\n<div class=\"row\"  id=\"row-557478103\">\n\n\t<div id=\"col-808702305\" class=\"col small-12 large-12\"  >\n\t\t\t\t<div class=\"col-inner\"  >\n\t\t\t\n\t\t\t\n\t<div id=\"text-642213926\" class=\"text\">\n\t\t\n<h2 style=\"text-align: left;\">Om Guangdong Rifeng Cable Manufacturer<\/h2>\n\t\t\n<style>\n#text-642213926 {\n  text-align: left;\n}\n<\/style>\n\t<\/div>\n\t\n\t\t<\/div>\n\t\t\t\t\t<\/div>\n\n\t\n<\/div>\n<div class=\"row\"  id=\"row-46376483\">\n\n\t<div id=\"col-1432061595\" class=\"col medium-6 small-12 large-6\"  >\n\t\t\t\t<div class=\"col-inner\"  >\n\t\t\t\n\t\t\t\n<p>Guangdong Rifeng Cable Co, Ltd, der blev etableret i 1986 og har hovedkvarter i Zhongshan City, Guangdong-provinsen, er en f\u00f8rende gummikabelproducent og kabelproducent, der har specialiseret sig i forskning, design, produktion og salg af \"udstyrskabler\". Virksomheden har i \u00f8jeblikket seks store produktionsbaser, der d\u00e6kker over 400.000 kvadratmeter. Virksomhedens produkter anvendes i vid udstr\u00e6kning i brancher som ny energi (vindkraft\/fotovoltaik), elektriske k\u00f8ret\u00f8jer (v\u00e6skek\u00f8lede kompressorpistoler\/h\u00f8jsp\u00e6ndingsledninger i k\u00f8ret\u00f8jer), energilagring (lithiumbatteriforbindelser\/formning og kapacitet), avanceret udstyr (skjoldmaskiner\/flyvebroer), entrepren\u00f8rmaskiner (t\u00e5rnkraner\/lifte), l\u00f8fteudstyr (havnemaskiner), mineudstyr, marineudstyr, svejseudstyr, kommunikationsudstyr (5G-basestationer), husholdningsapparater (klimaanl\u00e6g), str\u00f8mforsyninger og elektrisk v\u00e6rkt\u00f8j. Virksomheden har en \u00e5rlig salgsindt\u00e6gt p\u00e5 $580 millioner med et salgsnetv\u00e6rk, der sp\u00e6nder over 30 lande og regioner verden over.<\/p>\n\t\t<\/div>\n\t\t\t\t\t<\/div>\n\n\t\n\n\t<div id=\"col-677256950\" class=\"col medium-6 small-12 large-6\"  >\n\t\t\t\t<div class=\"col-inner\"  >\n\t\t\t\n\t\t\t\n<div class=\"video video-fit mb\" style=\"padding-top:56.25%;\"><div style=\"width: 640px;\" class=\"wp-video\"><!--[if lt IE 9]><script>document.createElement('video');<\/script><![endif]-->\n<video class=\"wp-video-shortcode\" id=\"video-25-1\" width=\"640\" height=\"360\" preload=\"metadata\" controls=\"controls\"><source type=\"video\/mp4\" src=\"http:\/\/rifengcable.com\/wp-content\/uploads\/2025\/05\/compressO-MyVideo_1.mp4?_=1\" \/><a href=\"http:\/\/rifengcable.com\/wp-content\/uploads\/2025\/05\/compressO-MyVideo_1.mp4\">http:\/\/rifengcable.com\/wp-content\/uploads\/2025\/05\/compressO-MyVideo_1.mp4<\/a><\/video><\/div>\n<\/div>\n\t\t<\/div>\n\t\t\t\t\n<style>\n#col-677256950 > .col-inner {\n  padding: 0px 0px 0px 0px;\n  margin: -330px 0px 0px 0px;\n}\n<\/style>\n\t<\/div>\n\n\t\n<\/div>\n\t\t<\/div>\n\t\t\t\t\t<\/div>\n\n\t\n<\/div>\n\t\t<\/div>\n\t\t\t\t\t<\/div>\n\n\t\n<\/div>\n\t\t<\/div>\n\n\t\t\n<style>\n#section_471789497 {\n  padding-top: 30px;\n  padding-bottom: 30px;\n}\n<\/style>\n\t<\/section>\n\t\n\t<section class=\"section\" id=\"section_118471208\">\n\t\t<div class=\"bg section-bg fill bg-fill  bg-loaded\" >\n\n\t\t\t\n\t\t\t\n\t\t\t\n\n\t\t<\/div>\n\n\t\t\n\n\t\t<div class=\"section-content relative\">\n\t\t\t\n<div class=\"row\"  id=\"row-1818226789\">\n\n\t<div id=\"col-1728326948\" class=\"col medium-6 small-12 large-6\"  >\n\t\t\t\t<div class=\"col-inner\"  >\n\t\t\t\n\t\t\t\n<div class=\"slider-wrapper relative\" id=\"slider-1401742337\" >\n    <div class=\"slider slider-nav-circle slider-nav-large slider-nav-light slider-style-normal\"\n        data-flickity-options='{            \"cellAlign\": \"center\",            \"imagesLoaded\": true,            \"lazyLoad\": 1,            \"freeScroll\": false,            \"wrapAround\": true,            \"autoPlay\": 6000,            \"pauseAutoPlayOnHover\" : true,            \"prevNextButtons\": true,            \"contain\" : true,            \"adaptiveHeight\" : true,            \"dragThreshold\" : 10,            \"percentPosition\": true,            \"pageDots\": true,            \"rightToLeft\": false,            \"draggable\": true,            \"selectedAttraction\": 0.1,            \"parallax\" : 0,            \"friction\": 0.6        }'\n        >\n        \n\t<div class=\"img has-hover x md-x lg-x y md-y lg-y\" id=\"image_1818799300\">\n\t\t\t\t\t\t\t\t<div class=\"img-inner image-cover dark\" style=\"padding-top:90%;\">\n\t\t\t<img loading=\"lazy\" decoding=\"async\" width=\"800\" height=\"800\" src=\"https:\/\/rifengcable.com\/wp-content\/uploads\/2025\/03\/20-1.jpg\" class=\"attachment-original size-original\" alt=\"Produktionskapacitet\" srcset=\"https:\/\/rifengcable.com\/wp-content\/uploads\/2025\/03\/20-1.jpg 800w, https:\/\/rifengcable.com\/wp-content\/uploads\/2025\/03\/20-1-300x300.jpg 300w, https:\/\/rifengcable.com\/wp-content\/uploads\/2025\/03\/20-1-150x150.jpg 150w, https:\/\/rifengcable.com\/wp-content\/uploads\/2025\/03\/20-1-768x768.jpg 768w, https:\/\/rifengcable.com\/wp-content\/uploads\/2025\/03\/20-1-12x12.jpg 12w, https:\/\/rifengcable.com\/wp-content\/uploads\/2025\/03\/20-1-600x600.jpg 600w, https:\/\/rifengcable.com\/wp-content\/uploads\/2025\/03\/20-1-100x100.jpg 100w\" sizes=\"auto, (max-width: 800px) 100vw, 800px\" title=\"\">\t\t\t\t\t\t\n\t\t\t\t\t<\/div>\n\t\t\t\t\t\t\t\t\n<style>\n#image_1818799300 {\n  width: 100%;\n}\n<\/style>\n\t<\/div>\n\t\n\t<div class=\"img has-hover x md-x lg-x y md-y lg-y\" id=\"image_1279953900\">\n\t\t\t\t\t\t\t\t<div class=\"img-inner image-cover dark\" style=\"padding-top:90%;\">\n\t\t\t<img loading=\"lazy\" decoding=\"async\" width=\"800\" height=\"800\" src=\"https:\/\/rifengcable.com\/wp-content\/uploads\/2025\/03\/14-1.jpg\" class=\"attachment-original size-original\" alt=\"Produktionskapacitet\" srcset=\"https:\/\/rifengcable.com\/wp-content\/uploads\/2025\/03\/14-1.jpg 800w, https:\/\/rifengcable.com\/wp-content\/uploads\/2025\/03\/14-1-300x300.jpg 300w, https:\/\/rifengcable.com\/wp-content\/uploads\/2025\/03\/14-1-150x150.jpg 150w, https:\/\/rifengcable.com\/wp-content\/uploads\/2025\/03\/14-1-768x768.jpg 768w, https:\/\/rifengcable.com\/wp-content\/uploads\/2025\/03\/14-1-12x12.jpg 12w, https:\/\/rifengcable.com\/wp-content\/uploads\/2025\/03\/14-1-600x600.jpg 600w, https:\/\/rifengcable.com\/wp-content\/uploads\/2025\/03\/14-1-100x100.jpg 100w\" sizes=\"auto, (max-width: 800px) 100vw, 800px\" title=\"\">\t\t\t\t\t\t\n\t\t\t\t\t<\/div>\n\t\t\t\t\t\t\t\t\n<style>\n#image_1279953900 {\n  width: 100%;\n}\n<\/style>\n\t<\/div>\n\t\n     <\/div>\n\n     <div class=\"loading-spin dark large centered\"><\/div>\n\n\t<\/div>\n\n\n\t\t<\/div>\n\t\t\t\t\t<\/div>\n\n\t\n\n\t<div id=\"col-894668633\" class=\"col medium-6 small-12 large-6\"  >\n\t\t\t\t<div class=\"col-inner\"  >\n\t\t\t\n\t\t\t\n<h3>Avanceret R&amp;D og produktionskapacitet<\/h3>\n<p>Virksomheden kan prale af et komplet og robust F&amp;U- og produktionssystem med avancerede laboratorier og 79 ans\u00f8gte nationale patenter. Som en f\u00f8rende kabelproducent driver Rifeng det mest avancerede og st\u00f8rste gummiraffineringscenter i branchen, herunder seks topmoderne fuldautomatiske produktionslinjer til gummiraffinering, over 130 forskellige produktionslinjer til ledninger og kabler og fem importerede produktionslinjer til tv\u00e6rbinding ved bestr\u00e5ling. Med en \u00e5rlig produktionskapacitet p\u00e5 over 20 millioner kilometer forskellige f\u00e6rdige ledninger og kabler bef\u00e6ster Rifeng sin position som en p\u00e5lidelig gummikabelproducent.<\/p>\n<h3>Anerkendelse og pr\u00e6stationer i branchen<\/h3>\n<p>Virksomheden er konsekvent blevet anerkendt som en af de \"10 mest konkurrencedygtige virksomheder i Guangdongs kabelindustri\", en af de \"100 bedste virksomheder i den kinesiske kabelindustri\" og en \"500 bedste virksomheder i Guangdong-provinsen\". Virksomheden har ogs\u00e5 modtaget udm\u00e6rkelser som \"Zhongshan City Invention Patent Gold Award\" og \"Zhongshan City Science and Technology Progress Award\". Disse udm\u00e6rkelser fremh\u00e6ver Rifengs lederskab som en f\u00f8rende gummikabelproducent og kabelproducent i den indenlandske sektor for gummikabler.<\/p>\n\t\t<\/div>\n\t\t\t\t\t<\/div>\n\n\t\n<\/div>\n\t\t<\/div>\n\n\t\t\n<style>\n#section_118471208 {\n  padding-top: 30px;\n  padding-bottom: 30px;\n  background-color: #ececec;\n}\n<\/style>\n\t<\/section>\n\t\n\t<section class=\"section\" id=\"section_1521920246\">\n\t\t<div class=\"bg section-bg fill bg-fill  bg-loaded\" >\n\n\t\t\t\n\t\t\t\n\t\t\t\n\n\t\t<\/div>\n\n\t\t\n\n\t\t<div class=\"section-content relative\">\n\t\t\t\n<div class=\"row\"  id=\"row-99550092\">\n\n\t<div id=\"col-1737756115\" class=\"col medium-6 small-12 large-6\"  >\n\t\t\t\t<div class=\"col-inner\"  >\n\t\t\t\n\t\t\t\n<h3>Forpligtelse til kvalitet og innovation<\/h3>\n<p>Rifeng er forpligtet til at levere innovative kabell\u00f8sninger af h\u00f8j kvalitet. Som en p\u00e5lidelig kabelproducent overholder virksomheden strenge standarder for kvalitetskontrol og investerer l\u00f8bende i avancerede teknologier for at im\u00f8dekomme sine globale kunders skiftende behov. Denne dedikation til kvalitet har gjort Rifeng til en foretrukken partner for industrier, der har brug for p\u00e5lidelige og holdbare gummikabler.<\/p>\n<h3>Global r\u00e6kkevidde og strategiske partnerskaber<\/h3>\n<p>Med et salgsnetv\u00e6rk, der sp\u00e6nder over 30 lande og regioner, har Rifeng etableret sig som en global producent af gummikabler. Virksomhedens strategiske partnerskaber med f\u00f8rende virksomheder p\u00e5 tv\u00e6rs af forskellige brancher understreger dens ry for at levere sikre, effektive og milj\u00f8venlige kabell\u00f8sninger. Rifengs evne til at im\u00f8dekomme forskellige markedsbehov styrker yderligere virksomhedens position som en f\u00f8rende kabelproducent.<\/p>\n\t\t<\/div>\n\t\t\t\t\t<\/div>\n\n\t\n\n\t<div id=\"col-1886965481\" class=\"col medium-6 small-12 large-6\"  >\n\t\t\t\t<div class=\"col-inner\"  >\n\t\t\t\n\t\t\t\n<div class=\"slider-wrapper relative\" id=\"slider-226502255\" >\n    <div class=\"slider slider-nav-circle slider-nav-large slider-nav-light slider-style-normal\"\n        data-flickity-options='{            \"cellAlign\": \"center\",            \"imagesLoaded\": true,            \"lazyLoad\": 1,            \"freeScroll\": false,            \"wrapAround\": true,            \"autoPlay\": 6000,            \"pauseAutoPlayOnHover\" : true,            \"prevNextButtons\": true,            \"contain\" : true,            \"adaptiveHeight\" : true,            \"dragThreshold\" : 10,            \"percentPosition\": true,            \"pageDots\": true,            \"rightToLeft\": false,            \"draggable\": true,            \"selectedAttraction\": 0.1,            \"parallax\" : 0,            \"friction\": 0.6        }'\n        >\n        \n\t<div class=\"img has-hover x md-x lg-x y md-y lg-y\" id=\"image_655945169\">\n\t\t\t\t\t\t\t\t<div class=\"img-inner image-zoom image-zoom image-cover dark\" style=\"padding-top:75%;\">\n\t\t\t<img loading=\"lazy\" decoding=\"async\" width=\"800\" height=\"600\" src=\"https:\/\/rifengcable.com\/wp-content\/uploads\/2025\/03\/1-1.jpg\" class=\"attachment-original size-original\" alt=\"en global kabelproducent\" srcset=\"https:\/\/rifengcable.com\/wp-content\/uploads\/2025\/03\/1-1.jpg 800w, https:\/\/rifengcable.com\/wp-content\/uploads\/2025\/03\/1-1-300x225.jpg 300w, https:\/\/rifengcable.com\/wp-content\/uploads\/2025\/03\/1-1-768x576.jpg 768w, https:\/\/rifengcable.com\/wp-content\/uploads\/2025\/03\/1-1-16x12.jpg 16w, https:\/\/rifengcable.com\/wp-content\/uploads\/2025\/03\/1-1-600x450.jpg 600w\" sizes=\"auto, (max-width: 800px) 100vw, 800px\" title=\"\">\t\t\t\t\t\t\n\t\t\t\t\t<\/div>\n\t\t\t\t\t\t\t\t\n<style>\n#image_655945169 {\n  width: 100%;\n}\n<\/style>\n\t<\/div>\n\t\n\t<div class=\"img has-hover x md-x lg-x y md-y lg-y\" id=\"image_599805473\">\n\t\t\t\t\t\t\t\t<div class=\"img-inner image-zoom image-zoom image-cover dark\" style=\"padding-top:75%;\">\n\t\t\t<img loading=\"lazy\" decoding=\"async\" width=\"800\" height=\"600\" src=\"https:\/\/rifengcable.com\/wp-content\/uploads\/2025\/03\/3.jpg\" class=\"attachment-original size-original\" alt=\"en global kabelproducent\" srcset=\"https:\/\/rifengcable.com\/wp-content\/uploads\/2025\/03\/3.jpg 800w, https:\/\/rifengcable.com\/wp-content\/uploads\/2025\/03\/3-300x225.jpg 300w, https:\/\/rifengcable.com\/wp-content\/uploads\/2025\/03\/3-768x576.jpg 768w, https:\/\/rifengcable.com\/wp-content\/uploads\/2025\/03\/3-16x12.jpg 16w, https:\/\/rifengcable.com\/wp-content\/uploads\/2025\/03\/3-600x450.jpg 600w\" sizes=\"auto, (max-width: 800px) 100vw, 800px\" title=\"\">\t\t\t\t\t\t\n\t\t\t\t\t<\/div>\n\t\t\t\t\t\t\t\t\n<style>\n#image_599805473 {\n  width: 100%;\n}\n<\/style>\n\t<\/div>\n\t\n\t<div class=\"img has-hover x md-x lg-x y md-y lg-y\" id=\"image_561178039\">\n\t\t\t\t\t\t\t\t<div class=\"img-inner image-zoom image-zoom image-cover dark\" style=\"padding-top:75%;\">\n\t\t\t<img loading=\"lazy\" decoding=\"async\" width=\"800\" height=\"600\" src=\"https:\/\/rifengcable.com\/wp-content\/uploads\/2025\/03\/2024\u4e1d\u8def\u4e2d\u4e9a\u7535\u529b\u7535\u5de5\u535a\u89c8\u4f1a-2024.8.26-28-\u4e4c\u5179\u522b\u514b\u65af\u5766-\u5854\u4ec0\u5e723.jpg\" class=\"attachment-original size-original\" alt=\"en global kabelproducent\" srcset=\"https:\/\/rifengcable.com\/wp-content\/uploads\/2025\/03\/2024\u4e1d\u8def\u4e2d\u4e9a\u7535\u529b\u7535\u5de5\u535a\u89c8\u4f1a-2024.8.26-28-\u4e4c\u5179\u522b\u514b\u65af\u5766-\u5854\u4ec0\u5e723.jpg 800w, https:\/\/rifengcable.com\/wp-content\/uploads\/2025\/03\/2024\u4e1d\u8def\u4e2d\u4e9a\u7535\u529b\u7535\u5de5\u535a\u89c8\u4f1a-2024.8.26-28-\u4e4c\u5179\u522b\u514b\u65af\u5766-\u5854\u4ec0\u5e723-300x225.jpg 300w, https:\/\/rifengcable.com\/wp-content\/uploads\/2025\/03\/2024\u4e1d\u8def\u4e2d\u4e9a\u7535\u529b\u7535\u5de5\u535a\u89c8\u4f1a-2024.8.26-28-\u4e4c\u5179\u522b\u514b\u65af\u5766-\u5854\u4ec0\u5e723-768x576.jpg 768w, https:\/\/rifengcable.com\/wp-content\/uploads\/2025\/03\/2024\u4e1d\u8def\u4e2d\u4e9a\u7535\u529b\u7535\u5de5\u535a\u89c8\u4f1a-2024.8.26-28-\u4e4c\u5179\u522b\u514b\u65af\u5766-\u5854\u4ec0\u5e723-16x12.jpg 16w, https:\/\/rifengcable.com\/wp-content\/uploads\/2025\/03\/2024\u4e1d\u8def\u4e2d\u4e9a\u7535\u529b\u7535\u5de5\u535a\u89c8\u4f1a-2024.8.26-28-\u4e4c\u5179\u522b\u514b\u65af\u5766-\u5854\u4ec0\u5e723-600x450.jpg 600w\" sizes=\"auto, (max-width: 800px) 100vw, 800px\" title=\"\">\t\t\t\t\t\t\n\t\t\t\t\t<\/div>\n\t\t\t\t\t\t\t\t\n<style>\n#image_561178039 {\n  width: 100%;\n}\n<\/style>\n\t<\/div>\n\t\n\t<div class=\"img has-hover x md-x lg-x y md-y lg-y\" id=\"image_687715241\">\n\t\t\t\t\t\t\t\t<div class=\"img-inner image-zoom image-zoom image-cover dark\" style=\"padding-top:75%;\">\n\t\t\t<img loading=\"lazy\" decoding=\"async\" width=\"800\" height=\"600\" src=\"https:\/\/rifengcable.com\/wp-content\/uploads\/2025\/03\/2024\u4e1d\u8def\u4e2d\u4e9a\u7535\u529b\u7535\u5de5\u535a\u89c8\u4f1a-2024.8.26-28-\u4e4c\u5179\u522b\u514b\u65af\u5766-\u5854\u4ec0\u5e724.jpg\" class=\"attachment-original size-original\" alt=\"en global kabelproducent\" srcset=\"https:\/\/rifengcable.com\/wp-content\/uploads\/2025\/03\/2024\u4e1d\u8def\u4e2d\u4e9a\u7535\u529b\u7535\u5de5\u535a\u89c8\u4f1a-2024.8.26-28-\u4e4c\u5179\u522b\u514b\u65af\u5766-\u5854\u4ec0\u5e724.jpg 800w, https:\/\/rifengcable.com\/wp-content\/uploads\/2025\/03\/2024\u4e1d\u8def\u4e2d\u4e9a\u7535\u529b\u7535\u5de5\u535a\u89c8\u4f1a-2024.8.26-28-\u4e4c\u5179\u522b\u514b\u65af\u5766-\u5854\u4ec0\u5e724-300x225.jpg 300w, https:\/\/rifengcable.com\/wp-content\/uploads\/2025\/03\/2024\u4e1d\u8def\u4e2d\u4e9a\u7535\u529b\u7535\u5de5\u535a\u89c8\u4f1a-2024.8.26-28-\u4e4c\u5179\u522b\u514b\u65af\u5766-\u5854\u4ec0\u5e724-768x576.jpg 768w, https:\/\/rifengcable.com\/wp-content\/uploads\/2025\/03\/2024\u4e1d\u8def\u4e2d\u4e9a\u7535\u529b\u7535\u5de5\u535a\u89c8\u4f1a-2024.8.26-28-\u4e4c\u5179\u522b\u514b\u65af\u5766-\u5854\u4ec0\u5e724-16x12.jpg 16w, https:\/\/rifengcable.com\/wp-content\/uploads\/2025\/03\/2024\u4e1d\u8def\u4e2d\u4e9a\u7535\u529b\u7535\u5de5\u535a\u89c8\u4f1a-2024.8.26-28-\u4e4c\u5179\u522b\u514b\u65af\u5766-\u5854\u4ec0\u5e724-600x450.jpg 600w\" sizes=\"auto, (max-width: 800px) 100vw, 800px\" title=\"\">\t\t\t\t\t\t\n\t\t\t\t\t<\/div>\n\t\t\t\t\t\t\t\t\n<style>\n#image_687715241 {\n  width: 100%;\n}\n<\/style>\n\t<\/div>\n\t\n     <\/div>\n\n     <div class=\"loading-spin dark large centered\"><\/div>\n\n\t<\/div>\n\n\n\t\t<\/div>\n\t\t\t\t\t<\/div>\n\n\t\n<\/div>\n\t\t<\/div>\n\n\t\t\n<style>\n#section_1521920246 {\n  padding-top: 30px;\n  padding-bottom: 30px;\n}\n<\/style>\n\t<\/section>\n\t\n\t<section class=\"section\" id=\"section_1025523358\">\n\t\t<div class=\"bg section-bg fill bg-fill  bg-loaded\" >\n\n\t\t\t\n\t\t\t\n\t\t\t\n\n\t\t<\/div>\n\n\t\t\n\n\t\t<div class=\"section-content relative\">\n\t\t\t\n<div class=\"row\"  id=\"row-1988922972\">\n\n\t<div id=\"col-878070618\" class=\"col small-12 large-12\"  >\n\t\t\t\t<div class=\"col-inner\"  >\n\t\t\t\n\t\t\t\n<h2 style=\"text-align: center;\">Kontakt os<\/h2>\n\t\t<\/div>\n\t\t\t\t\t<\/div>\n\n\t\n<\/div>\n<div class=\"row\"  id=\"row-1215195957\">\n\n\t<div id=\"col-1013420928\" class=\"col small-12 large-12\"  >\n\t\t\t\t<div class=\"col-inner\"  >\n\t\t\t\n\t\t\t\n\n<div class=\"wpcf7 no-js\" id=\"wpcf7-f280-o1\" lang=\"en-US\" dir=\"ltr\" data-wpcf7-id=\"280\">\n<div class=\"screen-reader-response\"><p role=\"status\" aria-live=\"polite\" aria-atomic=\"true\"><\/p> <ul><\/ul><\/div>\n<form action=\"\/da\/wp-json\/wp\/v2\/pages\/25#wpcf7-f280-o1\" method=\"post\" class=\"wpcf7-form init\" aria-label=\"Kontaktformular\" novalidate=\"novalidate\" data-status=\"init\" data-trp-original-action=\"\/da\/wp-json\/wp\/v2\/pages\/25#wpcf7-f280-o1\">\n<fieldset class=\"hidden-fields-container\"><input type=\"hidden\" name=\"_wpcf7\" value=\"280\" \/><input type=\"hidden\" name=\"_wpcf7_version\" value=\"6.1.1\" \/><input type=\"hidden\" name=\"_wpcf7_locale\" value=\"en_US\" \/><input type=\"hidden\" name=\"_wpcf7_unit_tag\" value=\"wpcf7-f280-o1\" \/><input type=\"hidden\" name=\"_wpcf7_container_post\" value=\"0\" \/><input type=\"hidden\" name=\"_wpcf7_posted_data_hash\" value=\"\" \/>\n<\/fieldset>\n<div class='custom_contact_style'>\n\t<div class=\"row row-small\">\n\t\t<div class=\"col medium-6 small-12 large-6\">\n\t\t\t<div class=\"col-inner\">\n\t\t\t\t<p><span class=\"wpcf7-form-control-wrap\" data-name=\"your-name\"><input size=\"40\" maxlength=\"400\" class=\"wpcf7-form-control wpcf7-text wpcf7-validates-as-required\" aria-required=\"true\" aria-invalid=\"false\" placeholder=\"Navn*\" value=\"\" type=\"text\" name=\"your-name\" \/><\/span>\n\t\t\t\t<\/p>\n\t\t\t<\/div>\n\t\t<\/div>\n\t\t<div class=\"col medium-6 small-12 large-6\">\n\t\t\t<div class=\"col-inner\">\n\t\t\t\t<p><span class=\"wpcf7-form-control-wrap\" data-name=\"your-email\"><input size=\"40\" maxlength=\"400\" class=\"wpcf7-form-control wpcf7-email wpcf7-validates-as-required wpcf7-text wpcf7-validates-as-email\" aria-required=\"true\" aria-invalid=\"false\" placeholder=\"E-mail*\" value=\"\" type=\"email\" name=\"your-email\" \/><\/span>\n\t\t\t\t<\/p>\n\t\t\t<\/div>\n\t\t<\/div>\n\t<\/div>\n\t<div class='cus_contact_form_bottom'>\n\t\t<p><span class=\"wpcf7-form-control-wrap\" data-name=\"your-phone\"><input size=\"40\" maxlength=\"400\" class=\"wpcf7-form-control wpcf7-text\" aria-invalid=\"false\" placeholder=\"Telefon\" value=\"\" type=\"text\" name=\"your-phone\" \/><\/span>\n\t\t<\/p>\n\t<\/div>\n\t<div class='cus_contact_form_bottom'>\n\t\t<p><span class=\"wpcf7-form-control-wrap\" data-name=\"your-country\"><input size=\"40\" maxlength=\"400\" class=\"wpcf7-form-control wpcf7-text\" aria-invalid=\"false\" placeholder=\"Land\" value=\"\" type=\"text\" name=\"your-country\" \/><\/span>\n\t\t<\/p>\n\t<\/div>\n\t<p><span class=\"wpcf7-form-control-wrap\" data-name=\"your-message\"><textarea cols=\"40\" rows=\"10\" maxlength=\"2000\" class=\"wpcf7-form-control wpcf7-textarea wpcf7-validates-as-required\" aria-required=\"true\" aria-invalid=\"false\" placeholder=\"Dit budskab\" name=\"your-message\"><\/textarea><\/span>\n\t<\/p>\n\t<div style=\"margin-bottom:10px;\">\n\t\t<p><span class=\"wpcf7-form-control-wrap kc_captcha cf7ic-toggle\" data-name=\"kc_captcha\"><span class=\"wpcf7-form-control wpcf7-radio\"><span class=\"captcha-image\" style=\"display: none;\"><span class=\"cf7ic_instructions\">Bevis venligst, at du er et menneske ved at v\u00e6lge<span> stjerne<\/span>.<\/span><label><input aria-label=\"1\" type=\"radio\" name=\"kc_captcha\" value=\"bot\" \/><svg aria-hidden=\"true\" role=\"img\" xmlns=\"http:\/\/www.w3.org\/2000\/svg\" viewbox=\"0 0 576 512\"><path fill=\"currentColor\" d=\"M415 24c-53 0-103 42-127 65-24-23-74-65-127-65C70 24 16 77 16 166c0 72 67 133 69 135l187 181c9 8 23 8 32 0l187-180c2-3 69-64 69-136 0-89-54-142-145-142z\"\/><\/svg><\/label><label><input aria-label=\"2\" type=\"radio\" name=\"kc_captcha\" value=\"kc_human\" \/><svg aria-hidden=\"true\" role=\"img\" xmlns=\"http:\/\/www.w3.org\/2000\/svg\" viewbox=\"0 0 576 512\"><path fill=\"currentColor\" d=\"M259 18l-65 132-146 22c-26 3-37 36-18 54l106 103-25 146c-5 26 23 46 46 33l131-68 131 68c23 13 51-7 46-33l-25-146 106-103c19-18 8-51-18-54l-146-22-65-132a32 32 0 00-58 0z\"\/><\/svg><\/label><label><input aria-label=\"3\" type=\"radio\" name=\"kc_captcha\" value=\"bot\" \/><svg aria-hidden=\"true\" role=\"img\" xmlns=\"http:\/\/www.w3.org\/2000\/svg\" viewbox=\"0 0 512 512\"><path fill=\"currentColor\" d=\"M512 176a176 176 0 01-209 173l-24 27a24 24 0 01-18 8h-37v40c0 13-11 24-24 24h-40v40c0 13-11 24-24 24H24c-13 0-24-11-24-24v-78c0-6 3-13 7-17l162-162a176 176 0 11343-55zm-176-48a48 48 0 1096 0 48 48 0 00-96 0z\"\/><\/svg><\/label>\r\n    <\/span>\r\n    <span style=\"display:none\">\r\n        <input type=\"text\" name=\"kc_honeypot\">\r\n    <\/span><\/span><\/span>\n\t\t<\/p>\n\t<\/div>\n\t<p><input class=\"wpcf7-form-control wpcf7-submit has-spinner\" type=\"submit\" value=\"Send besked\" \/>\n\t<\/p>\n<\/div><div class=\"wpcf7-response-output\" aria-hidden=\"true\"><\/div>\n<input type=\"hidden\" name=\"trp-form-language\" value=\"da\"\/><\/form>\n<\/div>\n\n\t\t<\/div>\n\t\t\t\t\t<\/div>\n\n\t\n<\/div>\n\t\t<\/div>\n\n\t\t\n<style>\n#section_1025523358 {\n  padding-top: 30px;\n  padding-bottom: 30px;\n  background-color: #ececec;\n}\n<\/style>\n\t<\/section>","protected":false},"excerpt":{"rendered":"","protected":false},"author":3,"featured_media":2004,"parent":0,"menu_order":0,"comment_status":"closed","ping_status":"closed","template":"page-blank.php","meta":{"footnotes":""},"class_list":["post-25","page","type-page","status-publish","has-post-thumbnail","hentry"],"_links":{"self":[{"href":"https:\/\/rifengcable.com\/da\/wp-json\/wp\/v2\/pages\/25","targetHints":{"allow":["GET"]}}],"collection":[{"href":"https:\/\/rifengcable.com\/da\/wp-json\/wp\/v2\/pages"}],"about":[{"href":"https:\/\/rifengcable.com\/da\/wp-json\/wp\/v2\/types\/page"}],"author":[{"embeddable":true,"href":"https:\/\/rifengcable.com\/da\/wp-json\/wp\/v2\/users\/3"}],"replies":[{"embeddable":true,"href":"https:\/\/rifengcable.com\/da\/wp-json\/wp\/v2\/comments?post=25"}],"version-history":[{"count":53,"href":"https:\/\/rifengcable.com\/da\/wp-json\/wp\/v2\/pages\/25\/revisions"}],"predecessor-version":[{"id":2335,"href":"https:\/\/rifengcable.com\/da\/wp-json\/wp\/v2\/pages\/25\/revisions\/2335"}],"wp:featuredmedia":[{"embeddable":true,"href":"https:\/\/rifengcable.com\/da\/wp-json\/wp\/v2\/media\/2004"}],"wp:attachment":[{"href":"https:\/\/rifengcable.com\/da\/wp-json\/wp\/v2\/media?parent=25"}],"curies":[{"name":"wp","href":"https:\/\/api.w.org\/{rel}","templated":true}]}}