{"id":1617,"date":"2025-02-25T02:41:58","date_gmt":"2025-02-25T02:41:58","guid":{"rendered":"https:\/\/rifengcable.com\/?page_id=1617"},"modified":"2025-03-11T03:46:39","modified_gmt":"2025-03-11T03:46:39","slug":"cable-service","status":"publish","type":"page","link":"https:\/\/rifengcable.com\/da\/cable-service\/","title":{"rendered":"Service support"},"content":{"rendered":"<div class=\"banner has-hover\" id=\"banner-1618247287\">\n          <div class=\"banner-inner fill\">\n        <div class=\"banner-bg fill\" >\n            <div class=\"bg fill bg-fill\"><\/div>\n                                    \n                    <\/div>\n\t\t\n        <div class=\"banner-layers container\">\n            <div class=\"fill banner-link\"><\/div>            \n   <div id=\"text-box-767142118\" class=\"text-box banner-layer x50 md-x50 lg-x50 y50 md-y50 lg-y50 res-text\">\n                                <div class=\"text-box-content text dark\">\n              \n              <div class=\"text-inner text-center\">\n                  \n<h1 style=\"text-align: center;\">Service support<\/h1>\n              <\/div>\n           <\/div>\n                            \n<style>\n#text-box-767142118 {\n  width: 60%;\n}\n#text-box-767142118 .text-box-content {\n  font-size: 100%;\n}\n<\/style>\n    <\/div>\n \n        <\/div>\n      <\/div>\n\n            \n<style>\n#banner-1618247287 {\n  padding-top: 165px;\n  background-color: rgba(0, 0, 0, 0.384);\n}\n<\/style>\n  <\/div>\n\n\n\t<section class=\"section\" id=\"section_1908204739\">\n\t\t<div class=\"bg section-bg fill bg-fill  bg-loaded\" >\n\n\t\t\t\n\t\t\t\n\t\t\t\n\n\t\t<\/div>\n\n\t\t\n\n\t\t<div class=\"section-content relative\">\n\t\t\t\n<div class=\"row\"  id=\"row-1679113980\">\n\n\t<div id=\"col-1148569747\" class=\"col small-12 large-12\"  >\n\t\t\t\t<div class=\"col-inner\"  >\n\t\t\t\n\t\t\t\n<h2><strong>I. Servicefilosofi<\/strong><\/h2>\n<p>Vores m\u00e5l er at vinde kunder ved at levere skr\u00e6ddersyede produkter og l\u00f8sninger, samtidig med at vi skaber varig v\u00e6rdi gennem vores professionelle tjenester.<\/p>\n<h2><strong>II. Forpligtelse til kabeltjenester<\/strong><\/h2>\n<p><strong>1. Tjenester f\u00f8r salg<\/strong><\/p>\n<p>1.1\u00a0<strong>Ekspert projektteam<\/strong>: Vores dygtige tekniske team har over 20 \u00e5rs erfaring i kabelindustrien og tilbyder personlig, individuel support.<\/p>\n<p>1.2\u00a0<strong>Tilpasset produktdesign<\/strong>: Hvert produkt er omhyggeligt designet til at opfylde vores kunders unikke krav.<\/p>\n<p>1.3\u00a0<strong>Integrerede l\u00f8sninger<\/strong>: Vi leverer omfattende l\u00f8sninger, der er skr\u00e6ddersyet til vores kunders nuv\u00e6rende behov og fremtidige v\u00e6kst.<\/p>\n<p><strong>2. Tjenester ved k\u00f8b<\/strong><\/p>\n<p>2.1\u00a0<strong>Sporing af projektets fremskridt<\/strong>: Overv\u00e5gning af projektforl\u00f8bet i realtid, 24 timer i d\u00f8gnet, for at sikre rettidig opfyldelse af kundens krav.<\/p>\n<p>2.2\u00a0<strong>Effektiv kommunikation<\/strong>: 24 timers kommunikation og koordinering for at tilpasse ressourcer og krav og sikre fuld kundetilfredshed.<\/p>\n<p>2.3\u00a0<strong>Kvalitetssikring<\/strong>: Streng overv\u00e5gning af r\u00e5materialer og produktkvalitet d\u00f8gnet rundt, herunder stresstest under simulerede barske forhold, for at garantere overlegne resultater.<\/p>\n<p><strong>3. Tjenester efter markedsf\u00f8ringen<\/strong><\/p>\n<p>3.1\u00a0<strong>Hurtig kommunikation<\/strong>: Dedikeret 24-timers support til professionel r\u00e5dgivning og hj\u00e6lp.<\/p>\n<p>3.2\u00a0<strong>Hurtig reaktion<\/strong>: En 24-timers responsmekanisme sikrer rettidig service p\u00e5 stedet for at im\u00f8dekomme kundernes behov.<\/p>\n<p>3.3\u00a0<strong>Kontinuerlig forbedring<\/strong>: Levering af en 8D-rapport inden for 72 timer for at l\u00f8se problemer ved roden og drive kontinuerlig v\u00e6rdiskabelse for kunderne.<\/p>\n\t\t<\/div>\n\t\t\t\t\t<\/div>\n\n\t\n<\/div>\n\t\t<\/div>\n\n\t\t\n<style>\n#section_1908204739 {\n  padding-top: 30px;\n  padding-bottom: 30px;\n}\n<\/style>\n\t<\/section>","protected":false},"excerpt":{"rendered":"","protected":false},"author":3,"featured_media":0,"parent":0,"menu_order":0,"comment_status":"closed","ping_status":"closed","template":"page-blank.php","meta":{"footnotes":""},"class_list":["post-1617","page","type-page","status-publish","hentry"],"_links":{"self":[{"href":"https:\/\/rifengcable.com\/da\/wp-json\/wp\/v2\/pages\/1617","targetHints":{"allow":["GET"]}}],"collection":[{"href":"https:\/\/rifengcable.com\/da\/wp-json\/wp\/v2\/pages"}],"about":[{"href":"https:\/\/rifengcable.com\/da\/wp-json\/wp\/v2\/types\/page"}],"author":[{"embeddable":true,"href":"https:\/\/rifengcable.com\/da\/wp-json\/wp\/v2\/users\/3"}],"replies":[{"embeddable":true,"href":"https:\/\/rifengcable.com\/da\/wp-json\/wp\/v2\/comments?post=1617"}],"version-history":[{"count":6,"href":"https:\/\/rifengcable.com\/da\/wp-json\/wp\/v2\/pages\/1617\/revisions"}],"predecessor-version":[{"id":2077,"href":"https:\/\/rifengcable.com\/da\/wp-json\/wp\/v2\/pages\/1617\/revisions\/2077"}],"wp:attachment":[{"href":"https:\/\/rifengcable.com\/da\/wp-json\/wp\/v2\/media?parent=1617"}],"curies":[{"name":"wp","href":"https:\/\/api.w.org\/{rel}","templated":true}]}}