{"id":1615,"date":"2025-02-25T02:41:24","date_gmt":"2025-02-25T02:41:24","guid":{"rendered":"https:\/\/rifengcable.com\/?page_id=1615"},"modified":"2025-03-11T03:21:52","modified_gmt":"2025-03-11T03:21:52","slug":"company-culture-of-cable-company","status":"publish","type":"page","link":"https:\/\/rifengcable.com\/da\/company-culture-of-cable-company\/","title":{"rendered":"Virksomhedskultur"},"content":{"rendered":"<div class=\"banner has-hover\" id=\"banner-1022060999\">\n          <div class=\"banner-inner fill\">\n        <div class=\"banner-bg fill\" >\n            <div class=\"bg fill bg-fill\"><\/div>\n                                    \n                    <\/div>\n\t\t\n        <div class=\"banner-layers container\">\n            <div class=\"fill banner-link\"><\/div>            \n   <div id=\"text-box-452703014\" class=\"text-box banner-layer x50 md-x50 lg-x50 y50 md-y50 lg-y50 res-text\">\n                                <div class=\"text-box-content text dark\">\n              \n              <div class=\"text-inner text-center\">\n                  \n<h1>Virksomhedskultur i Rifeng Cable Company<\/h1>\n              <\/div>\n           <\/div>\n                            \n<style>\n#text-box-452703014 {\n  width: 100%;\n}\n#text-box-452703014 .text-box-content {\n  font-size: 100%;\n}\n<\/style>\n    <\/div>\n \n        <\/div>\n      <\/div>\n\n            \n<style>\n#banner-1022060999 {\n  padding-top: 165px;\n  background-color: rgba(0, 0, 0, 0.384);\n}\n<\/style>\n  <\/div>\n\n\n\t<section class=\"section\" id=\"section_1208770494\">\n\t\t<div class=\"bg section-bg fill bg-fill  bg-loaded\" >\n\n\t\t\t\n\t\t\t\n\t\t\t\n\n\t\t<\/div>\n\n\t\t\n\n\t\t<div class=\"section-content relative\">\n\t\t\t\n<div class=\"row\"  id=\"row-156451264\">\n\n\t<div id=\"col-1292257320\" class=\"col small-12 large-12\"  >\n\t\t\t\t<div class=\"col-inner\"  >\n\t\t\t\n\t\t\t\n<h2 style=\"text-align: center;\"><strong>Integritet, kamp, win-win: Kernev\u00e6rdierne i en f\u00f8rende kabelvirksomhed<\/strong><\/h2>\n\t\t<\/div>\n\t\t\t\t\t<\/div>\n\n\t\n<\/div>\n<div class=\"row\"  id=\"row-2054887067\">\n\n\t<div id=\"col-1592667982\" class=\"col small-12 large-12\"  >\n\t\t\t\t<div class=\"col-inner\"  >\n\t\t\t\n\t\t\t\n<p>At drive en succesfuld kabelvirksomhed kr\u00e6ver et fundament af integritet, ubarmhjertig kamp og en forpligtelse til at opn\u00e5 win-win-resultater. For at trives i denne konkurrencepr\u00e6gede branche skal en virksomhed v\u00e6re trov\u00e6rdig, konsekvent og dedikeret til l\u00f8bende forbedringer. Den skal ogs\u00e5 fremme en samarbejds\u00e5nd blandt kunder, medarbejdere og aktion\u00e6rer for at sikre gensidige fordele. I \u00e5revis har Rifeng efterlevet disse principper, idet virksomheden har haft som mission at \"levere tilpassede l\u00f8sninger til globale kabelbrugere\" og utr\u00e6tteligt har arbejdet for at n\u00e5 virksomhedens vision.<\/p>\n\t\t<\/div>\n\t\t\t\t\t<\/div>\n\n\t\n<\/div>\n\t\t<\/div>\n\n\t\t\n<style>\n#section_1208770494 {\n  padding-top: 30px;\n  padding-bottom: 30px;\n}\n<\/style>\n\t<\/section>\n\t\n\t<section class=\"section\" id=\"section_2005513707\">\n\t\t<div class=\"bg section-bg fill bg-fill  bg-loaded\" >\n\n\t\t\t\n\t\t\t\n\t\t\t\n\n\t\t<\/div>\n\n\t\t\n\n\t\t<div class=\"section-content relative\">\n\t\t\t\n<div class=\"row\"  id=\"row-161017154\">\n\n\t<div id=\"col-279680988\" class=\"col small-12 large-12\"  >\n\t\t\t\t<div class=\"col-inner\"  >\n\t\t\t\n\t\t\t\n\t<div class=\"img has-hover x md-x lg-x y md-y lg-y\" id=\"image_1992356959\">\n\t\t\t\t\t\t\t\t<div class=\"img-inner image-cover dark\" style=\"padding-top:45%;\">\n\t\t\t<img loading=\"lazy\" decoding=\"async\" width=\"700\" height=\"400\" src=\"https:\/\/rifengcable.com\/wp-content\/uploads\/2025\/03\/Integrity.jpg\" class=\"attachment-original size-original\" alt=\"Integritet\" srcset=\"https:\/\/rifengcable.com\/wp-content\/uploads\/2025\/03\/Integrity.jpg 700w, https:\/\/rifengcable.com\/wp-content\/uploads\/2025\/03\/Integrity-300x171.jpg 300w, https:\/\/rifengcable.com\/wp-content\/uploads\/2025\/03\/Integrity-18x10.jpg 18w, https:\/\/rifengcable.com\/wp-content\/uploads\/2025\/03\/Integrity-600x343.jpg 600w\" sizes=\"auto, (max-width: 700px) 100vw, 700px\" title=\"\">\t\t\t\t\t\t\n\t\t\t\t\t<\/div>\n\t\t\t\t\t\t\t\t\n<style>\n#image_1992356959 {\n  width: 100%;\n}\n<\/style>\n\t<\/div>\n\t\n\t\t<\/div>\n\t\t\t\t\t<\/div>\n\n\t\n<\/div>\n<div class=\"row\"  id=\"row-740168302\">\n\n\t<div id=\"col-1393003122\" class=\"col small-12 large-12\"  >\n\t\t\t\t<div class=\"col-inner\"  >\n\t\t\t\n\t\t\t\n<p style=\"text-align: center;\"><strong>Integritet<\/strong>: Vi st\u00e5r kun st\u00e6rkt p\u00e5 det globale marked ved at v\u00e6re trov\u00e6rdige og p\u00e5lidelige. Integritet er hj\u00f8rnestenen i varig succes.<\/p>\n\t\t<\/div>\n\t\t\t\t\t<\/div>\n\n\t\n<\/div>\n\t\t<\/div>\n\n\t\t\n<style>\n#section_2005513707 {\n  padding-top: 30px;\n  padding-bottom: 30px;\n  background-color: rgb(236, 236, 236);\n}\n<\/style>\n\t<\/section>\n\t\n\t<section class=\"section\" id=\"section_1648678860\">\n\t\t<div class=\"bg section-bg fill bg-fill  bg-loaded\" >\n\n\t\t\t\n\t\t\t\n\t\t\t\n\n\t\t<\/div>\n\n\t\t\n\n\t\t<div class=\"section-content relative\">\n\t\t\t\n<div class=\"row\"  id=\"row-732047792\">\n\n\t<div id=\"col-979901504\" class=\"col small-12 large-12\"  >\n\t\t\t\t<div class=\"col-inner\"  >\n\t\t\t\n\t\t\t\n\t<div class=\"img has-hover x md-x lg-x y md-y lg-y\" id=\"image_553467554\">\n\t\t\t\t\t\t\t\t<div class=\"img-inner image-cover dark\" style=\"padding-top:45%;\">\n\t\t\t<img loading=\"lazy\" decoding=\"async\" width=\"600\" height=\"390\" src=\"https:\/\/rifengcable.com\/wp-content\/uploads\/2025\/03\/struggle.webp\" class=\"attachment-original size-original\" alt=\"K\u00e6mpe\" srcset=\"https:\/\/rifengcable.com\/wp-content\/uploads\/2025\/03\/struggle.webp 600w, https:\/\/rifengcable.com\/wp-content\/uploads\/2025\/03\/struggle-300x195.webp 300w, https:\/\/rifengcable.com\/wp-content\/uploads\/2025\/03\/struggle-18x12.webp 18w\" sizes=\"auto, (max-width: 600px) 100vw, 600px\" title=\"\">\t\t\t\t\t\t\n\t\t\t\t\t<\/div>\n\t\t\t\t\t\t\t\t\n<style>\n#image_553467554 {\n  width: 100%;\n}\n<\/style>\n\t<\/div>\n\t\n\t\t<\/div>\n\t\t\t\t\t<\/div>\n\n\t\n<\/div>\n<div class=\"row\"  id=\"row-514172579\">\n\n\t<div id=\"col-670253517\" class=\"col small-12 large-12\"  >\n\t\t\t\t<div class=\"col-inner\"  >\n\t\t\t\n\t\t\t\n<p style=\"text-align: center;\"><strong>Kamp<\/strong>: I den dynamiske verden af kabell\u00f8sninger er en ubarmhjertig indsats og dedikation afg\u00f8rende for at overvinde udfordringer og opn\u00e5 v\u00e6kst. Kun ved ikke at spare p\u00e5 kr\u00e6fterne kan en virksomhed sikre sig en plads i branchen.<\/p>\n\t\t<\/div>\n\t\t\t\t\t<\/div>\n\n\t\n<\/div>\n\t\t<\/div>\n\n\t\t\n<style>\n#section_1648678860 {\n  padding-top: 30px;\n  padding-bottom: 30px;\n}\n<\/style>\n\t<\/section>\n\t\n\t<section class=\"section\" id=\"section_910465469\">\n\t\t<div class=\"bg section-bg fill bg-fill  bg-loaded\" >\n\n\t\t\t\n\t\t\t\n\t\t\t\n\n\t\t<\/div>\n\n\t\t\n\n\t\t<div class=\"section-content relative\">\n\t\t\t\n<div class=\"row\"  id=\"row-1868817673\">\n\n\t<div id=\"col-1638656932\" class=\"col small-12 large-12\"  >\n\t\t\t\t<div class=\"col-inner\"  >\n\t\t\t\n\t\t\t\n\t<div class=\"img has-hover x md-x lg-x y md-y lg-y\" id=\"image_1646906131\">\n\t\t\t\t\t\t\t\t<div class=\"img-inner image-cover dark\" style=\"padding-top:45%;\">\n\t\t\t<img loading=\"lazy\" decoding=\"async\" width=\"800\" height=\"400\" src=\"https:\/\/rifengcable.com\/wp-content\/uploads\/2025\/03\/win-win.jpg\" class=\"attachment-original size-original\" alt=\"Win-win\" srcset=\"https:\/\/rifengcable.com\/wp-content\/uploads\/2025\/03\/win-win.jpg 800w, https:\/\/rifengcable.com\/wp-content\/uploads\/2025\/03\/win-win-300x150.jpg 300w, https:\/\/rifengcable.com\/wp-content\/uploads\/2025\/03\/win-win-768x384.jpg 768w, https:\/\/rifengcable.com\/wp-content\/uploads\/2025\/03\/win-win-18x9.jpg 18w, https:\/\/rifengcable.com\/wp-content\/uploads\/2025\/03\/win-win-600x300.jpg 600w\" sizes=\"auto, (max-width: 800px) 100vw, 800px\" title=\"\">\t\t\t\t\t\t\n\t\t\t\t\t<\/div>\n\t\t\t\t\t\t\t\t\n<style>\n#image_1646906131 {\n  width: 100%;\n}\n<\/style>\n\t<\/div>\n\t\n\t\t<\/div>\n\t\t\t\t\t<\/div>\n\n\t\n<\/div>\n<div class=\"row\"  id=\"row-1226639266\">\n\n\t<div id=\"col-773686484\" class=\"col small-12 large-12\"  >\n\t\t\t\t<div class=\"col-inner\"  >\n\t\t\t\n\t\t\t\n<p><strong>Win-win<\/strong>: Samarbejde er n\u00f8glen. Ved at arbejde sammen med kunder, medarbejdere og interessenter kan man skabe v\u00e6rdi for alle parter og sikre f\u00e6lles succes og langsigtede partnerskaber.<\/p>\n\t\t<\/div>\n\t\t\t\t\t<\/div>\n\n\t\n<\/div>\n\t\t<\/div>\n\n\t\t\n<style>\n#section_910465469 {\n  padding-top: 30px;\n  padding-bottom: 30px;\n  background-color: #ececec;\n}\n<\/style>\n\t<\/section>","protected":false},"excerpt":{"rendered":"","protected":false},"author":3,"featured_media":2072,"parent":0,"menu_order":0,"comment_status":"closed","ping_status":"closed","template":"page-blank.php","meta":{"footnotes":""},"class_list":["post-1615","page","type-page","status-publish","has-post-thumbnail","hentry"],"_links":{"self":[{"href":"https:\/\/rifengcable.com\/da\/wp-json\/wp\/v2\/pages\/1615","targetHints":{"allow":["GET"]}}],"collection":[{"href":"https:\/\/rifengcable.com\/da\/wp-json\/wp\/v2\/pages"}],"about":[{"href":"https:\/\/rifengcable.com\/da\/wp-json\/wp\/v2\/types\/page"}],"author":[{"embeddable":true,"href":"https:\/\/rifengcable.com\/da\/wp-json\/wp\/v2\/users\/3"}],"replies":[{"embeddable":true,"href":"https:\/\/rifengcable.com\/da\/wp-json\/wp\/v2\/comments?post=1615"}],"version-history":[{"count":10,"href":"https:\/\/rifengcable.com\/da\/wp-json\/wp\/v2\/pages\/1615\/revisions"}],"predecessor-version":[{"id":2071,"href":"https:\/\/rifengcable.com\/da\/wp-json\/wp\/v2\/pages\/1615\/revisions\/2071"}],"wp:featuredmedia":[{"embeddable":true,"href":"https:\/\/rifengcable.com\/da\/wp-json\/wp\/v2\/media\/2072"}],"wp:attachment":[{"href":"https:\/\/rifengcable.com\/da\/wp-json\/wp\/v2\/media?parent=1615"}],"curies":[{"name":"wp","href":"https:\/\/api.w.org\/{rel}","templated":true}]}}